{"id":932,"date":"2023-06-10T20:28:36","date_gmt":"2023-06-10T18:28:36","guid":{"rendered":"https:\/\/www.briospiegel.alfahosting.org\/wordpress\/?page_id=932"},"modified":"2025-03-03T17:23:24","modified_gmt":"2025-03-03T16:23:24","slug":"duennglas","status":"publish","type":"page","link":"https:\/\/www.brio-spiegel.de\/wordpress\/duennglas\/","title":{"rendered":"D\u00fcnnglas"},"content":{"rendered":"\n\n\t<h1>\n\t\t\t\t\tD\u00fcnnglas\n\t\t\t\t<\/h1>\n\t\t\t\t<a href=\"https:\/\/www.brio-spiegel.de\/wordpress\/wp-content\/uploads\/2023\/06\/20160801-DSC_0208-scaled.jpg\" target=\"_self\" itemprop=\"url\" rel=\"noopener\">\n\t\t\t\t<img decoding=\"async\" src=\"https:\/\/www.briospiegel.alfahosting.org\/wordpress\/wp-content\/uploads\/2023\/06\/20160801-DSC_0208-scaled.jpg\" alt=\"D\u00fcnnglas unter 1mm\" itemprop=\"image\" title=\"20160801-DSC_0208\" onerror=\"this.style.display='none'\"  \/>\n\t\t\t\t<\/a>\n\t\t\t\t\t\tD\u00fcnnglas unter 1mm\n\t<p>&nbsp;<\/p>\n<h3>Was ist D\u00fcnnglas?<\/h3>\n<p>D\u00fcnnglas ist ein feuerpoliertes, ultrad\u00fcnnes Borosilikatglas aus reinsten Bestandteilen mit hoher chemischer Resistenz und guten optischen Eigenschaften. Das Produktionsverfahren erm\u00f6glicht die Fertigung von extrem d\u00fcnnen Materialst\u00e4rken. Anwendungen f\u00fcr D\u00fcnngl\u00e4ser finden sich \u00fcberall dort, wo ein niedriges Gewicht des Glaselementes erforderlich ist: Je nach Glasart und der jeweiligen chemischen Zusammensetzung beispielsweise in den Bereichen Optik, Biotechnologie, Optoelektronik, Sensorik, Displaytechnik und Elektronik. Durch maschinelle Ziehverfahren k\u00f6nnen genaue Glasst\u00e4rken eingehalten werden, die in sogenannte Dickenkategorien eingeteilt werden: Dickenbereiche bis 1,8 mm (ED, einfache Dicke), 1,8 &#8211; 4 mm (MD, mittlere Dicke) und \u00fcber 4 mm (DD, doppelte Dicke). Der mittlere Bereich wird haupts\u00e4chlich als Bauglas verwendet. Glas aus dem unteren St\u00e4rkebereich wird auch als D\u00fcnnglas bezeichnet.<\/p>\n\t\t\t\t<a href=\"https:\/\/www.brio-spiegel.de\/wordpress\/wp-content\/uploads\/2023\/06\/duennglas-spiegel.png\" target=\"_self\" itemprop=\"url\" rel=\"noopener\">\n\t\t\t\t<img decoding=\"async\" src=\"https:\/\/www.briospiegel.alfahosting.org\/wordpress\/wp-content\/uploads\/2023\/06\/duennglas-spiegel.png\" alt=\"duennglas-spiegel\" itemprop=\"image\" title=\"duennglas-spiegel\" onerror=\"this.style.display='none'\"  \/>\n\t\t\t\t<\/a>\n\t<h2>FLOATGLAS<\/h2>\n<p>Floatglas (0,5 mm bis 19 mm) ist ein zu Scheiben geformtes Flachglas mit guten optischen Eigenschaften, das im Floatglas-Verfahren hergestellt wird. Es ist heutzutage in allen Einsatzbereichen anzutreffen und findet unter anderem Verwendung in Fenstern, Schaufenstern, Fassadenverglasungen, M\u00f6beln oder auch als Vorprodukt f\u00fcr Automobilglas. Auch Spiegel werden aus hochwertigem Floatglas mit einer chemisch aufgebrachten Spiegelschicht hergestellt.<\/p>\n\t\t\t\t<a href=\"https:\/\/www.brio-spiegel.de\/wordpress\/wp-content\/uploads\/2023\/06\/duennglas01-neue-Groesse.png\" target=\"_self\" itemprop=\"url\" rel=\"noopener\">\n\t\t\t\t<img decoding=\"async\" src=\"https:\/\/www.briospiegel.alfahosting.org\/wordpress\/wp-content\/uploads\/2023\/06\/duennglas01-neue-Groesse.png\" alt=\"duennglas01 (neue Groesse)\" itemprop=\"image\" title=\"duennglas01 (neue Groesse)\" onerror=\"this.style.display='none'\"  \/>\n\t\t\t\t<\/a>\n\t<h3>Borosilikatglas<\/h3>\n<p>Borosilikatglas ist ein bors\u00e4urehaltiges Silikatglas, das in hohem Ma\u00dfe gegen Temperaturwechsel und ausgesprochen resistent gegen chemische Substanzen ist. Borosilikatglas ist einsetzbar bis zu Temperaturen von maximal 450\u00b0C. Verwendung findet es beispielsweise in Laboratorien, als Abdeckung f\u00fcr Halogenlampen und im Haushalt f\u00fcr Back- und Auflaufformen. Wir fertigen dieses Glas in St\u00e4rken von 0,2 mm bis 20 mm.<\/p>\n\t<h3>\n\t\t\t\t\tSie ben\u00f6tigen Hilfe oder haben Fragen zu einem Produkt?\n\t\t\t\t<\/h3>\n\t\t\t<a href=\"https:\/\/www.brio-spiegel.de\/wordpress\/kontakt\/\" target=\"_blank\" role=\"button\" rel=\"noopener\">\n\t\t\t\t\t\tKontaktieren Sie uns\n\t\t<\/a>\n\n","protected":false},"excerpt":{"rendered":"<p>D\u00fcnnglas D\u00fcnnglas unter 1mm &nbsp; Was ist D\u00fcnnglas? D\u00fcnnglas ist ein feuerpoliertes, ultrad\u00fcnnes Borosilikatglas aus reinsten Bestandteilen mit hoher chemischer Resistenz und guten optischen Eigenschaften. Das Produktionsverfahren erm\u00f6glicht die Fertigung von extrem d\u00fcnnen Materialst\u00e4rken. Anwendungen f\u00fcr D\u00fcnngl\u00e4ser finden sich \u00fcberall dort, wo ein niedriges Gewicht des Glaselementes erforderlich ist: Je nach Glasart und der jeweiligen &hellip;<\/p>\n<p class=\"read-more\"> <a class=\"\" href=\"https:\/\/www.brio-spiegel.de\/wordpress\/duennglas\/\"> <span class=\"screen-reader-text\">D\u00fcnnglas<\/span> Weiterlesen &raquo;<\/a><\/p>\n","protected":false},"author":1,"featured_media":0,"parent":0,"menu_order":0,"comment_status":"closed","ping_status":"closed","template":"","meta":{"site-sidebar-layout":"no-sidebar","site-content-layout":"page-builder","ast-site-content-layout":"full-width-container","site-content-style":"unboxed","site-sidebar-style":"unboxed","ast-global-header-display":"","ast-banner-title-visibility":"","ast-main-header-display":"","ast-hfb-above-header-display":"","ast-hfb-below-header-display":"","ast-hfb-mobile-header-display":"","site-post-title":"disabled","ast-breadcrumbs-content":"","ast-featured-img":"disabled","footer-sml-layout":"","theme-transparent-header-meta":"enabled","adv-header-id-meta":"","stick-header-meta":"","header-above-stick-meta":"","header-main-stick-meta":"","header-below-stick-meta":"","astra-migrate-meta-layouts":"set","footnotes":""},"class_list":["post-932","page","type-page","status-publish","hentry"],"yoast_head":"<!-- This site is optimized with the Yoast SEO Premium plugin v24.5 (Yoast SEO v24.5) - https:\/\/yoast.com\/wordpress\/plugins\/seo\/ -->\n<title>D\u00fcnnglas: Vielseitigkeit in der modernen Technologie - BRIO Kontrollspiegel GmbH<\/title>\n<meta name=\"description\" content=\"Erfahren Sie alles \u00fcber D\u00fcnnglas unter 1mm, seine Eigenschaften und Anwendungen in verschiedenen Industrien.\" \/>\n<meta name=\"robots\" content=\"index, follow, max-snippet:-1, max-image-preview:large, max-video-preview:-1\" \/>\n<link rel=\"canonical\" href=\"https:\/\/www.brio-spiegel.de\/wordpress\/duennglas\/\" \/>\n<meta property=\"og:locale\" content=\"de_DE\" \/>\n<meta property=\"og:type\" content=\"article\" \/>\n<meta property=\"og:title\" content=\"D\u00fcnnglas\" \/>\n<meta property=\"og:description\" content=\"Erfahren Sie alles \u00fcber D\u00fcnnglas unter 1mm, seine Eigenschaften und Anwendungen in verschiedenen Industrien.\" \/>\n<meta property=\"og:url\" content=\"https:\/\/www.brio-spiegel.de\/wordpress\/duennglas\/\" \/>\n<meta property=\"og:site_name\" content=\"BRIO Kontrollspiegel GmbH\" \/>\n<meta property=\"article:modified_time\" content=\"2025-03-03T16:23:24+00:00\" \/>\n<meta property=\"og:image\" content=\"https:\/\/www.briospiegel.alfahosting.org\/wordpress\/wp-content\/uploads\/2023\/06\/20160801-DSC_0208-scaled.jpg\" \/>\n<meta name=\"twitter:card\" content=\"summary_large_image\" \/>\n<meta name=\"twitter:label1\" content=\"Est. reading time\" \/>\n\t<meta name=\"twitter:data1\" content=\"2\u00a0Minuten\" \/>\n<script type=\"application\/ld+json\" class=\"yoast-schema-graph\">{\"@context\":\"https:\/\/schema.org\",\"@graph\":[{\"@type\":\"Article\",\"@id\":\"https:\/\/www.brio-spiegel.de\/wordpress\/duennglas\/#article\",\"isPartOf\":{\"@id\":\"https:\/\/www.brio-spiegel.de\/wordpress\/duennglas\/\"},\"author\":{\"name\":\"Brio_Admin\",\"@id\":\"https:\/\/www.brio-spiegel.de\/wordpress\/#\/schema\/person\/fc830161c362fc9d9e216f56383fd2cc\"},\"headline\":\"D\u00fcnnglas\",\"datePublished\":\"2023-06-10T18:28:36+00:00\",\"dateModified\":\"2025-03-03T16:23:24+00:00\",\"mainEntityOfPage\":{\"@id\":\"https:\/\/www.brio-spiegel.de\/wordpress\/duennglas\/\"},\"wordCount\":265,\"publisher\":{\"@id\":\"https:\/\/www.brio-spiegel.de\/wordpress\/#organization\"},\"image\":{\"@id\":\"https:\/\/www.brio-spiegel.de\/wordpress\/duennglas\/#primaryimage\"},\"thumbnailUrl\":\"https:\/\/www.briospiegel.alfahosting.org\/wordpress\/wp-content\/uploads\/2023\/06\/20160801-DSC_0208-scaled.jpg\",\"inLanguage\":\"de\"},{\"@type\":\"WebPage\",\"@id\":\"https:\/\/www.brio-spiegel.de\/wordpress\/duennglas\/\",\"url\":\"https:\/\/www.brio-spiegel.de\/wordpress\/duennglas\/\",\"name\":\"D\u00fcnnglas: Vielseitigkeit in der modernen Technologie - BRIO Kontrollspiegel GmbH\",\"isPartOf\":{\"@id\":\"https:\/\/www.brio-spiegel.de\/wordpress\/#website\"},\"primaryImageOfPage\":{\"@id\":\"https:\/\/www.brio-spiegel.de\/wordpress\/duennglas\/#primaryimage\"},\"image\":{\"@id\":\"https:\/\/www.brio-spiegel.de\/wordpress\/duennglas\/#primaryimage\"},\"thumbnailUrl\":\"https:\/\/www.briospiegel.alfahosting.org\/wordpress\/wp-content\/uploads\/2023\/06\/20160801-DSC_0208-scaled.jpg\",\"datePublished\":\"2023-06-10T18:28:36+00:00\",\"dateModified\":\"2025-03-03T16:23:24+00:00\",\"description\":\"Erfahren Sie alles \u00fcber D\u00fcnnglas unter 1mm, seine Eigenschaften und Anwendungen in verschiedenen Industrien.\",\"breadcrumb\":{\"@id\":\"https:\/\/www.brio-spiegel.de\/wordpress\/duennglas\/#breadcrumb\"},\"inLanguage\":\"de\",\"potentialAction\":[{\"@type\":\"ReadAction\",\"target\":[\"https:\/\/www.brio-spiegel.de\/wordpress\/duennglas\/\"]}]},{\"@type\":\"ImageObject\",\"inLanguage\":\"de\",\"@id\":\"https:\/\/www.brio-spiegel.de\/wordpress\/duennglas\/#primaryimage\",\"url\":\"https:\/\/www.briospiegel.alfahosting.org\/wordpress\/wp-content\/uploads\/2023\/06\/20160801-DSC_0208-scaled.jpg\",\"contentUrl\":\"https:\/\/www.briospiegel.alfahosting.org\/wordpress\/wp-content\/uploads\/2023\/06\/20160801-DSC_0208-scaled.jpg\"},{\"@type\":\"BreadcrumbList\",\"@id\":\"https:\/\/www.brio-spiegel.de\/wordpress\/duennglas\/#breadcrumb\",\"itemListElement\":[{\"@type\":\"ListItem\",\"position\":1,\"name\":\"Startseite\",\"item\":\"https:\/\/www.brio-spiegel.de\/wordpress\/\"},{\"@type\":\"ListItem\",\"position\":2,\"name\":\"D\u00fcnnglas\"}]},{\"@type\":\"WebSite\",\"@id\":\"https:\/\/www.brio-spiegel.de\/wordpress\/#website\",\"url\":\"https:\/\/www.brio-spiegel.de\/wordpress\/\",\"name\":\"BRIO Kontrollspiegel GmbH\",\"description\":\"BRIO Kontrollspiegel GmbH\",\"publisher\":{\"@id\":\"https:\/\/www.brio-spiegel.de\/wordpress\/#organization\"},\"potentialAction\":[{\"@type\":\"SearchAction\",\"target\":{\"@type\":\"EntryPoint\",\"urlTemplate\":\"https:\/\/www.brio-spiegel.de\/wordpress\/?s={search_term_string}\"},\"query-input\":{\"@type\":\"PropertyValueSpecification\",\"valueRequired\":true,\"valueName\":\"search_term_string\"}}],\"inLanguage\":\"de\"},{\"@type\":\"Organization\",\"@id\":\"https:\/\/www.brio-spiegel.de\/wordpress\/#organization\",\"name\":\"BRIO Kontrollspiegel GmbH\",\"url\":\"https:\/\/www.brio-spiegel.de\/wordpress\/\",\"logo\":{\"@type\":\"ImageObject\",\"inLanguage\":\"de\",\"@id\":\"https:\/\/www.brio-spiegel.de\/wordpress\/#\/schema\/logo\/image\/\",\"url\":\"https:\/\/www.brio-spiegel.de\/wordpress\/wp-content\/uploads\/2023\/08\/cropped-Logo_Transparent.png\",\"contentUrl\":\"https:\/\/www.brio-spiegel.de\/wordpress\/wp-content\/uploads\/2023\/08\/cropped-Logo_Transparent.png\",\"width\":10905,\"height\":6768,\"caption\":\"BRIO Kontrollspiegel GmbH\"},\"image\":{\"@id\":\"https:\/\/www.brio-spiegel.de\/wordpress\/#\/schema\/logo\/image\/\"}},{\"@type\":\"Person\",\"@id\":\"https:\/\/www.brio-spiegel.de\/wordpress\/#\/schema\/person\/fc830161c362fc9d9e216f56383fd2cc\",\"name\":\"Brio_Admin\",\"image\":{\"@type\":\"ImageObject\",\"inLanguage\":\"de\",\"@id\":\"https:\/\/www.brio-spiegel.de\/wordpress\/#\/schema\/person\/image\/\",\"url\":\"https:\/\/secure.gravatar.com\/avatar\/6538958a397f09444d93e84cbdfa48cd85b5af8d2fd4aae639cf5b93106b727a?s=96&d=mm&r=g\",\"contentUrl\":\"https:\/\/secure.gravatar.com\/avatar\/6538958a397f09444d93e84cbdfa48cd85b5af8d2fd4aae639cf5b93106b727a?s=96&d=mm&r=g\",\"caption\":\"Brio_Admin\"},\"sameAs\":[\"https:\/\/www.briospiegel.alfahosting.org\/\"],\"url\":\"https:\/\/www.brio-spiegel.de\/wordpress\/author\/brio_admin\/\"}]}<\/script>\n<!-- \/ Yoast SEO Premium plugin. -->","yoast_head_json":{"title":"D\u00fcnnglas: Vielseitigkeit in der modernen Technologie - BRIO Kontrollspiegel GmbH","description":"Erfahren Sie alles \u00fcber D\u00fcnnglas unter 1mm, seine Eigenschaften und Anwendungen in verschiedenen Industrien.","robots":{"index":"index","follow":"follow","max-snippet":"max-snippet:-1","max-image-preview":"max-image-preview:large","max-video-preview":"max-video-preview:-1"},"canonical":"https:\/\/www.brio-spiegel.de\/wordpress\/duennglas\/","og_locale":"de_DE","og_type":"article","og_title":"D\u00fcnnglas","og_description":"Erfahren Sie alles \u00fcber D\u00fcnnglas unter 1mm, seine Eigenschaften und Anwendungen in verschiedenen Industrien.","og_url":"https:\/\/www.brio-spiegel.de\/wordpress\/duennglas\/","og_site_name":"BRIO Kontrollspiegel GmbH","article_modified_time":"2025-03-03T16:23:24+00:00","og_image":[{"url":"https:\/\/www.briospiegel.alfahosting.org\/wordpress\/wp-content\/uploads\/2023\/06\/20160801-DSC_0208-scaled.jpg","type":"","width":"","height":""}],"twitter_card":"summary_large_image","twitter_misc":{"Est. reading time":"2\u00a0Minuten"},"schema":{"@context":"https:\/\/schema.org","@graph":[{"@type":"Article","@id":"https:\/\/www.brio-spiegel.de\/wordpress\/duennglas\/#article","isPartOf":{"@id":"https:\/\/www.brio-spiegel.de\/wordpress\/duennglas\/"},"author":{"name":"Brio_Admin","@id":"https:\/\/www.brio-spiegel.de\/wordpress\/#\/schema\/person\/fc830161c362fc9d9e216f56383fd2cc"},"headline":"D\u00fcnnglas","datePublished":"2023-06-10T18:28:36+00:00","dateModified":"2025-03-03T16:23:24+00:00","mainEntityOfPage":{"@id":"https:\/\/www.brio-spiegel.de\/wordpress\/duennglas\/"},"wordCount":265,"publisher":{"@id":"https:\/\/www.brio-spiegel.de\/wordpress\/#organization"},"image":{"@id":"https:\/\/www.brio-spiegel.de\/wordpress\/duennglas\/#primaryimage"},"thumbnailUrl":"https:\/\/www.briospiegel.alfahosting.org\/wordpress\/wp-content\/uploads\/2023\/06\/20160801-DSC_0208-scaled.jpg","inLanguage":"de"},{"@type":"WebPage","@id":"https:\/\/www.brio-spiegel.de\/wordpress\/duennglas\/","url":"https:\/\/www.brio-spiegel.de\/wordpress\/duennglas\/","name":"D\u00fcnnglas: Vielseitigkeit in der modernen Technologie - BRIO Kontrollspiegel GmbH","isPartOf":{"@id":"https:\/\/www.brio-spiegel.de\/wordpress\/#website"},"primaryImageOfPage":{"@id":"https:\/\/www.brio-spiegel.de\/wordpress\/duennglas\/#primaryimage"},"image":{"@id":"https:\/\/www.brio-spiegel.de\/wordpress\/duennglas\/#primaryimage"},"thumbnailUrl":"https:\/\/www.briospiegel.alfahosting.org\/wordpress\/wp-content\/uploads\/2023\/06\/20160801-DSC_0208-scaled.jpg","datePublished":"2023-06-10T18:28:36+00:00","dateModified":"2025-03-03T16:23:24+00:00","description":"Erfahren Sie alles \u00fcber D\u00fcnnglas unter 1mm, seine Eigenschaften und Anwendungen in verschiedenen Industrien.","breadcrumb":{"@id":"https:\/\/www.brio-spiegel.de\/wordpress\/duennglas\/#breadcrumb"},"inLanguage":"de","potentialAction":[{"@type":"ReadAction","target":["https:\/\/www.brio-spiegel.de\/wordpress\/duennglas\/"]}]},{"@type":"ImageObject","inLanguage":"de","@id":"https:\/\/www.brio-spiegel.de\/wordpress\/duennglas\/#primaryimage","url":"https:\/\/www.briospiegel.alfahosting.org\/wordpress\/wp-content\/uploads\/2023\/06\/20160801-DSC_0208-scaled.jpg","contentUrl":"https:\/\/www.briospiegel.alfahosting.org\/wordpress\/wp-content\/uploads\/2023\/06\/20160801-DSC_0208-scaled.jpg"},{"@type":"BreadcrumbList","@id":"https:\/\/www.brio-spiegel.de\/wordpress\/duennglas\/#breadcrumb","itemListElement":[{"@type":"ListItem","position":1,"name":"Startseite","item":"https:\/\/www.brio-spiegel.de\/wordpress\/"},{"@type":"ListItem","position":2,"name":"D\u00fcnnglas"}]},{"@type":"WebSite","@id":"https:\/\/www.brio-spiegel.de\/wordpress\/#website","url":"https:\/\/www.brio-spiegel.de\/wordpress\/","name":"BRIO Kontrollspiegel GmbH","description":"BRIO Kontrollspiegel GmbH","publisher":{"@id":"https:\/\/www.brio-spiegel.de\/wordpress\/#organization"},"potentialAction":[{"@type":"SearchAction","target":{"@type":"EntryPoint","urlTemplate":"https:\/\/www.brio-spiegel.de\/wordpress\/?s={search_term_string}"},"query-input":{"@type":"PropertyValueSpecification","valueRequired":true,"valueName":"search_term_string"}}],"inLanguage":"de"},{"@type":"Organization","@id":"https:\/\/www.brio-spiegel.de\/wordpress\/#organization","name":"BRIO Kontrollspiegel GmbH","url":"https:\/\/www.brio-spiegel.de\/wordpress\/","logo":{"@type":"ImageObject","inLanguage":"de","@id":"https:\/\/www.brio-spiegel.de\/wordpress\/#\/schema\/logo\/image\/","url":"https:\/\/www.brio-spiegel.de\/wordpress\/wp-content\/uploads\/2023\/08\/cropped-Logo_Transparent.png","contentUrl":"https:\/\/www.brio-spiegel.de\/wordpress\/wp-content\/uploads\/2023\/08\/cropped-Logo_Transparent.png","width":10905,"height":6768,"caption":"BRIO Kontrollspiegel GmbH"},"image":{"@id":"https:\/\/www.brio-spiegel.de\/wordpress\/#\/schema\/logo\/image\/"}},{"@type":"Person","@id":"https:\/\/www.brio-spiegel.de\/wordpress\/#\/schema\/person\/fc830161c362fc9d9e216f56383fd2cc","name":"Brio_Admin","image":{"@type":"ImageObject","inLanguage":"de","@id":"https:\/\/www.brio-spiegel.de\/wordpress\/#\/schema\/person\/image\/","url":"https:\/\/secure.gravatar.com\/avatar\/6538958a397f09444d93e84cbdfa48cd85b5af8d2fd4aae639cf5b93106b727a?s=96&d=mm&r=g","contentUrl":"https:\/\/secure.gravatar.com\/avatar\/6538958a397f09444d93e84cbdfa48cd85b5af8d2fd4aae639cf5b93106b727a?s=96&d=mm&r=g","caption":"Brio_Admin"},"sameAs":["https:\/\/www.briospiegel.alfahosting.org\/"],"url":"https:\/\/www.brio-spiegel.de\/wordpress\/author\/brio_admin\/"}]}},"_links":{"self":[{"href":"https:\/\/www.brio-spiegel.de\/wordpress\/wp-json\/wp\/v2\/pages\/932","targetHints":{"allow":["GET"]}}],"collection":[{"href":"https:\/\/www.brio-spiegel.de\/wordpress\/wp-json\/wp\/v2\/pages"}],"about":[{"href":"https:\/\/www.brio-spiegel.de\/wordpress\/wp-json\/wp\/v2\/types\/page"}],"author":[{"embeddable":true,"href":"https:\/\/www.brio-spiegel.de\/wordpress\/wp-json\/wp\/v2\/users\/1"}],"replies":[{"embeddable":true,"href":"https:\/\/www.brio-spiegel.de\/wordpress\/wp-json\/wp\/v2\/comments?post=932"}],"version-history":[{"count":5,"href":"https:\/\/www.brio-spiegel.de\/wordpress\/wp-json\/wp\/v2\/pages\/932\/revisions"}],"predecessor-version":[{"id":1301,"href":"https:\/\/www.brio-spiegel.de\/wordpress\/wp-json\/wp\/v2\/pages\/932\/revisions\/1301"}],"wp:attachment":[{"href":"https:\/\/www.brio-spiegel.de\/wordpress\/wp-json\/wp\/v2\/media?parent=932"}],"curies":[{"name":"wp","href":"https:\/\/api.w.org\/{rel}","templated":true}]}}