{"id":921,"date":"2023-06-10T20:01:18","date_gmt":"2023-06-10T18:01:18","guid":{"rendered":"https:\/\/www.briospiegel.alfahosting.org\/wordpress\/?page_id=921"},"modified":"2024-10-15T18:47:28","modified_gmt":"2024-10-15T16:47:28","slug":"verkehrssicherheit-2","status":"publish","type":"page","link":"https:\/\/www.brio-spiegel.de\/wordpress\/anwendungsbereiche\/verkehrssicherheit-2\/","title":{"rendered":"Verkehrssicherheit"},"content":{"rendered":"\n\n\t<h1>\n\t\t\t\t\tVerkehrssicherheit\n\t\t\t\t<\/h1>\n\t<p>&nbsp;<\/p>\n<h3>Produkte im \u00dcberblick<\/h3>\n<p>Verkehrsspiegel werden \u00fcberall dort eingesetzt, wo Kreuzungen oder Ausfahrten aus Garagen und Grundst\u00fccken f\u00fcr den Autofahrer nicht hundertprozentig einsehbar sind. Hier sorgen diese f\u00fcr die Erweiterung des Sichtfelds und entsch\u00e4rfen somit potenziell gef\u00e4hrliche Situationen. Wir bieten auch sogenannte &#8222;Garagenspiegel&#8220; an, die sich als perfekte Einparkhilfe f\u00fcr enge Zufahrten von Garagen eignen.<\/p>\n\t\t\t\t<img decoding=\"async\" src=\"https:\/\/www.briospiegel.alfahosting.org\/wordpress\/wp-content\/uploads\/2023\/06\/71olflsU2IL._SL1208_-300x269.jpg\" alt=\"71olflsU2IL._SL1208_\" itemprop=\"image\" title=\"71olflsU2IL._SL1208_\" onerror=\"this.style.display='none'\"  \/>\n\t<h3>Edelstahl-Kontrollspiegel<\/h3>\n<p>Rechteckige und runde Edelstahl- Kontrollspiegel ohne rot-wei\u00dfen Rand. Dadurch wird der Spiegel in der Bauh\u00f6he wesentlich geringer.<\/p>\n\t\t\t<a href=\"https:\/\/www.brio-spiegel.de\/wordpress\/metallspiegel\/edelstahl-kontrollspiegel\/\" target=\"_self\" rel=\"noopener\">\n\t\t\t\t\t\t\tzum Produkt\n\t\t\t\t\t<\/a>\n\t\t\t\t<img decoding=\"async\" src=\"https:\/\/www.briospiegel.alfahosting.org\/wordpress\/wp-content\/uploads\/2023\/06\/IMG_1755_webseite-300x211.jpg\" alt=\"IMG_1755_webseite\" itemprop=\"image\" title=\"IMG_1755_webseite\" onerror=\"this.style.display='none'\"  \/>\n\t<h3>PKW\/LKW KONTROLLSPIEGEL AUS EDELSTAHL MIT R\u00c4DERN<\/h3>\n<p>Kontrollspiegel f\u00fcr Fahrzeug-Inspektionen in Einsatzbereichen KFZ (PKW + LKW), Flugh\u00e4fen, Polizei und bei allen Einlasskontrollen &#8211; Planer Edelstahlspiegel<\/p>\n\t\t\t<a href=\"https:\/\/www.brio-spiegel.de\/wordpress\/metallspiegel\/pkw-lkw-kontrollspiegel-aus-edelstahl-mit-raedern\/\" target=\"_self\" rel=\"noopener\">\n\t\t\t\t\t\t\tzum Produkt\n\t\t\t\t\t<\/a>\n\t\t\t\t<img decoding=\"async\" src=\"https:\/\/www.briospiegel.alfahosting.org\/wordpress\/wp-content\/uploads\/2023\/06\/20160504-DSC_0025-289x300.jpg\" alt=\"20160504-DSC_0025\" itemprop=\"image\" title=\"20160504-DSC_0025\" onerror=\"this.style.display='none'\"  \/>\n\t<h3>PKW \/LKW Kontrollspiegel \u00d8 320 mm auf Rollen<\/h3>\n<p>Kontrollspiegel f\u00fcr Fahrzeug-Inspektionen in Einsatzbereichen KFZ (PKW + LKW), Flugh\u00e4fen, Polizei und bei allen Einlasskontrollen<\/p>\n\t\t\t<a href=\"https:\/\/www.brio-spiegel.de\/wordpress\/metallspiegel\/pkw-lkw-kontrollspiegel-o-320-mm-auf-rollen\/\" target=\"_self\" rel=\"noopener\">\n\t\t\t\t\t\t\tzum Produkt\n\t\t\t\t\t<\/a>\n\t\t\t\t<img decoding=\"async\" src=\"https:\/\/www.briospiegel.alfahosting.org\/wordpress\/wp-content\/uploads\/2023\/06\/Garagenspiegel-aus-Edelstahl-236x300.png\" alt=\"Garagenspiegel-aus-Edelstahl\" itemprop=\"image\" title=\"Garagenspiegel-aus-Edelstahl\" onerror=\"this.style.display='none'\"  \/>\n\t<h3>Garagenspiegel<\/h3>\n<p>Garagenspiegel mit Halterung als ideale Einparkhilfe &#8211; Gelenkarme individuell verstell- und schwenkbar<\/p>\n\t\t\t<a href=\"https:\/\/www.brio-spiegel.de\/wordpress\/metallspiegel\/garagenspiegel\/\" target=\"_self\" rel=\"noopener\">\n\t\t\t\t\t\t\tzum Produkt\n\t\t\t\t\t<\/a>\n\t\t\t\t<img decoding=\"async\" src=\"https:\/\/www.briospiegel.alfahosting.org\/wordpress\/wp-content\/uploads\/2023\/06\/Verkehrsspiegel-aus-Edelstahl2-300x225.jpg\" alt=\"My beautiful picture\" itemprop=\"image\" title=\"My beautiful picture\" onerror=\"this.style.display='none'\"  \/>\n\t<h3>Verkehrsspiegel aus Edelstahl<\/h3>\n<p>Langlebiger Verkehrsspiegel von hervorragender optischer Qualit\u00e4t f\u00fcr mehr Sicherheit im Stra\u00dfenverkehr<\/p>\n\t\t\t<a href=\"https:\/\/www.brio-spiegel.de\/wordpress\/metallspiegel\/verkehrsspiegel-aus-edelstahl\/\" target=\"_self\" rel=\"noopener\">\n\t\t\t\t\t\t\tzum Produkt\n\t\t\t\t\t<\/a>\n\t\t\t\t<img decoding=\"async\" src=\"https:\/\/www.briospiegel.alfahosting.org\/wordpress\/wp-content\/uploads\/2023\/05\/verkehrsspiegel-kunststoff-800x600mm-300x253.jpg\" alt=\"verkehrsspiegel-kunststoff-800x600mm\" itemprop=\"image\" title=\"verkehrsspiegel-kunststoff-800x600mm\" onerror=\"this.style.display='none'\"  \/>\n\t<h3>Verkehrsspiegel aus Acrylglas (rechteckig)<\/h3>\n<p>Der Verkehrsspiegel aus Kunststoff wird \u00fcberall dort eingesetzt, wo Kreuzungen oder Ausfahrten aus Garagen oder Grundst\u00fccken f\u00fcr den Autofahrer nicht hundertprozentig einsehbar sind.<\/p>\n\t\t\t<a href=\"https:\/\/www.brio-spiegel.de\/wordpress\/kunststoffspiegel\/verkehrsspiegel-aus-acrylglas-rechteckig\/\" target=\"_self\" rel=\"noopener\">\n\t\t\t\t\t\t\tzum Produkt\n\t\t\t\t\t<\/a>\n\t\t\t\t<img decoding=\"async\" src=\"https:\/\/www.briospiegel.alfahosting.org\/wordpress\/wp-content\/uploads\/2023\/06\/Verkehrsspiegel-aus-Acrylglas-rund-300x280.jpg\" alt=\"Verkehrsspiegel-aus-Acrylglas-rund\" itemprop=\"image\" title=\"Verkehrsspiegel-aus-Acrylglas-rund\" onerror=\"this.style.display='none'\"  \/>\n\t<h3>Verkehrsspiegel aus Acrylglas (rund) 180\u00b0<\/h3>\n<p>Dieser Verkehrsspiegel aus Kunststoff wird f\u00fcr ganz spezielle Zwecke eingesetzt. Die Sichtfl\u00e4che ist durch die W\u00f6lbung bis 180\u00b0 m\u00f6glich.<\/p>\n\t\t\t<a href=\"https:\/\/www.brio-spiegel.de\/wordpress\/kunststoffspiegel\/verkehrsspiegel-aus-acrylglas-rund-180\/\" target=\"_self\" rel=\"noopener\">\n\t\t\t\t\t\t\tzum Produkt\n\t\t\t\t\t<\/a>\n\t\t\t\t<img decoding=\"async\" src=\"https:\/\/www.briospiegel.alfahosting.org\/wordpress\/wp-content\/uploads\/2023\/06\/Verkehrsspiegel-aus-Glas-300x207.jpg\" alt=\"Verkehrsspiegel-aus-Glas\" itemprop=\"image\" title=\"Verkehrsspiegel-aus-Glas\" onerror=\"this.style.display='none'\"  \/>\n\t<h3>Verkehrsspiegel aus Glas ohne Rahmen<\/h3>\n<p>Der Verkehrsspiegel aus Glas wird \u00fcberall dort eingesetzt, wo Kreuzungen oder Ausfahrten f\u00fcr den Autofahrer nicht hundertprozentig einsehbar sind.<\/p>\n\t\t\t<a href=\"https:\/\/www.brio-spiegel.de\/wordpress\/glas-spiegel\/verkehrsspiegel-aus-glas-ohne-rahmen\/\" target=\"_self\" rel=\"noopener\">\n\t\t\t\t\t\t\tzum Produkt\n\t\t\t\t\t<\/a>\n\t\t\t\t<img decoding=\"async\" src=\"https:\/\/www.briospiegel.alfahosting.org\/wordpress\/wp-content\/uploads\/2023\/06\/Spiegelset-fuer-Fahranfaenger-300x200.jpg\" alt=\"Spiegelset-fuer-Fahranfaenger\" itemprop=\"image\" title=\"Spiegelset-fuer-Fahranfaenger\" onerror=\"this.style.display='none'\"  \/>\n\t<h3>Spiegelkontrollset f\u00fcr Beifahrer<\/h3>\n<p>Seit einiger Zeit d\u00fcrfen Jugendliche in einigen Bundesl\u00e4ndern bereits mit 17 Jahren nach bestandener Fahrpr\u00fcfung in Begleitung Erwachsener am Sta\u00dfenverkehr teilnehmen. Hierbei ergibt sich f\u00fcr den Beifahrer allerdings das Problem, dass er den r\u00fcckw\u00e4rtigen Verkehr nicht beobachten kann. F\u00fcr dieses Problem bietet unser Spiegelkontrollset eine L\u00f6sung.<\/p>\n\t\t\t<a href=\"https:\/\/www.brio-spiegel.de\/wordpress\/kunststoffspiegel\/spiegelkontrollset-fuer-beifahrer\/\" target=\"_self\" rel=\"noopener\">\n\t\t\t\t\t\t\tzum Produkt\n\t\t\t\t\t<\/a>\n\t\t\t\t<img decoding=\"async\" src=\"https:\/\/www.briospiegel.alfahosting.org\/wordpress\/wp-content\/uploads\/2023\/06\/Garagenspiegel_aus_Edelstahl-klein-800x712-1-300x267.jpg\" alt=\"Garagenspiegel_aus_Edelstahl-klein-800x712\" itemprop=\"image\" title=\"Garagenspiegel_aus_Edelstahl-klein-800x712\" onerror=\"this.style.display='none'\"  \/>\n\t<h3>Garagenspiegel mit PVC-Halterung<\/h3>\n<p>Immer breiter gebaute PKW werden bei alten Garagen zum Problem: Unser Garagenspiegel wird deshalb \u00fcberall dort eingesetzt, wo eine bessere \u00dcbersicht beim Aus- und Einparken gew\u00fcnscht wird.<\/p>\n\t\t\t<a href=\"https:\/\/www.brio-spiegel.de\/wordpress\/metallspiegel\/produkte-copy-copy-2-copy-3-copy-23\/\" target=\"_self\" rel=\"noopener\">\n\t\t\t\t\t\t\tzum Produkt\n\t\t\t\t\t<\/a>\n\t<h3>\n\t\t\t\t\tSie ben\u00f6tigen Hilfe oder haben Fragen zu einem Produkt?\n\t\t\t\t<\/h3>\n\t\t\t<a href=\"https:\/\/www.brio-spiegel.de\/wordpress\/kontakt\/\" target=\"_blank\" role=\"button\" rel=\"noopener\">\n\t\t\t\t\t\tKontaktieren Sie uns\n\t\t<\/a>\n\n","protected":false},"excerpt":{"rendered":"<p>Verkehrssicherheit &nbsp; Produkte im \u00dcberblick Verkehrsspiegel werden \u00fcberall dort eingesetzt, wo Kreuzungen oder Ausfahrten aus Garagen und Grundst\u00fccken f\u00fcr den Autofahrer nicht hundertprozentig einsehbar sind. Hier sorgen diese f\u00fcr die Erweiterung des Sichtfelds und entsch\u00e4rfen somit potenziell gef\u00e4hrliche Situationen. Wir bieten auch sogenannte &#8222;Garagenspiegel&#8220; an, die sich als perfekte Einparkhilfe f\u00fcr enge Zufahrten von Garagen &hellip;<\/p>\n<p class=\"read-more\"> <a class=\"\" href=\"https:\/\/www.brio-spiegel.de\/wordpress\/anwendungsbereiche\/verkehrssicherheit-2\/\"> <span class=\"screen-reader-text\">Verkehrssicherheit<\/span> Weiterlesen &raquo;<\/a><\/p>\n","protected":false},"author":1,"featured_media":0,"parent":908,"menu_order":0,"comment_status":"closed","ping_status":"closed","template":"","meta":{"site-sidebar-layout":"no-sidebar","site-content-layout":"page-builder","ast-site-content-layout":"full-width-container","site-content-style":"unboxed","site-sidebar-style":"unboxed","ast-global-header-display":"","ast-banner-title-visibility":"","ast-main-header-display":"","ast-hfb-above-header-display":"","ast-hfb-below-header-display":"","ast-hfb-mobile-header-display":"","site-post-title":"disabled","ast-breadcrumbs-content":"","ast-featured-img":"disabled","footer-sml-layout":"","theme-transparent-header-meta":"enabled","adv-header-id-meta":"","stick-header-meta":"","header-above-stick-meta":"","header-main-stick-meta":"","header-below-stick-meta":"","astra-migrate-meta-layouts":"set","footnotes":""},"class_list":["post-921","page","type-page","status-publish","hentry"],"yoast_head":"<!-- This site is optimized with the Yoast SEO Premium plugin v24.5 (Yoast SEO v24.5) - https:\/\/yoast.com\/wordpress\/plugins\/seo\/ -->\n<title>Verkehrssicherheit - BRIO Kontrollspiegel GmbH<\/title>\n<meta name=\"description\" content=\"Verkehrsspiegel werden \u00fcberall dort eingesetzt, wo Kreuzungen oder Ausfahrten aus Garagen und Grundst\u00fccken f\u00fcr den Autofahrer nicht hundertprozentig einsehbar sind.\" \/>\n<meta name=\"robots\" content=\"index, follow, max-snippet:-1, max-image-preview:large, max-video-preview:-1\" \/>\n<link rel=\"canonical\" href=\"https:\/\/www.brio-spiegel.de\/wordpress\/anwendungsbereiche\/verkehrssicherheit-2\/\" \/>\n<meta property=\"og:locale\" content=\"de_DE\" \/>\n<meta property=\"og:type\" content=\"article\" \/>\n<meta property=\"og:title\" content=\"Verkehrssicherheit\" \/>\n<meta property=\"og:description\" content=\"Verkehrsspiegel werden \u00fcberall dort eingesetzt, wo Kreuzungen oder Ausfahrten aus Garagen und Grundst\u00fccken f\u00fcr den Autofahrer nicht hundertprozentig einsehbar sind.\" \/>\n<meta property=\"og:url\" content=\"https:\/\/www.brio-spiegel.de\/wordpress\/anwendungsbereiche\/verkehrssicherheit-2\/\" \/>\n<meta property=\"og:site_name\" content=\"BRIO Kontrollspiegel GmbH\" \/>\n<meta property=\"article:modified_time\" content=\"2024-10-15T16:47:28+00:00\" \/>\n<meta property=\"og:image\" content=\"https:\/\/www.briospiegel.alfahosting.org\/wordpress\/wp-content\/uploads\/2023\/06\/71olflsU2IL._SL1208_-300x269.jpg\" \/>\n<meta name=\"twitter:card\" content=\"summary_large_image\" \/>\n<meta name=\"twitter:label1\" content=\"Est. reading time\" \/>\n\t<meta name=\"twitter:data1\" content=\"4\u00a0Minuten\" \/>\n<script type=\"application\/ld+json\" class=\"yoast-schema-graph\">{\"@context\":\"https:\/\/schema.org\",\"@graph\":[{\"@type\":\"Article\",\"@id\":\"https:\/\/www.brio-spiegel.de\/wordpress\/anwendungsbereiche\/verkehrssicherheit-2\/#article\",\"isPartOf\":{\"@id\":\"https:\/\/www.brio-spiegel.de\/wordpress\/anwendungsbereiche\/verkehrssicherheit-2\/\"},\"author\":{\"name\":\"Brio_Admin\",\"@id\":\"https:\/\/www.brio-spiegel.de\/wordpress\/#\/schema\/person\/fc830161c362fc9d9e216f56383fd2cc\"},\"headline\":\"Verkehrssicherheit\",\"datePublished\":\"2023-06-10T18:01:18+00:00\",\"dateModified\":\"2024-10-15T16:47:28+00:00\",\"mainEntityOfPage\":{\"@id\":\"https:\/\/www.brio-spiegel.de\/wordpress\/anwendungsbereiche\/verkehrssicherheit-2\/\"},\"wordCount\":364,\"publisher\":{\"@id\":\"https:\/\/www.brio-spiegel.de\/wordpress\/#organization\"},\"image\":{\"@id\":\"https:\/\/www.brio-spiegel.de\/wordpress\/anwendungsbereiche\/verkehrssicherheit-2\/#primaryimage\"},\"thumbnailUrl\":\"https:\/\/www.briospiegel.alfahosting.org\/wordpress\/wp-content\/uploads\/2023\/06\/71olflsU2IL._SL1208_-300x269.jpg\",\"inLanguage\":\"de\"},{\"@type\":\"WebPage\",\"@id\":\"https:\/\/www.brio-spiegel.de\/wordpress\/anwendungsbereiche\/verkehrssicherheit-2\/\",\"url\":\"https:\/\/www.brio-spiegel.de\/wordpress\/anwendungsbereiche\/verkehrssicherheit-2\/\",\"name\":\"Verkehrssicherheit - BRIO Kontrollspiegel GmbH\",\"isPartOf\":{\"@id\":\"https:\/\/www.brio-spiegel.de\/wordpress\/#website\"},\"primaryImageOfPage\":{\"@id\":\"https:\/\/www.brio-spiegel.de\/wordpress\/anwendungsbereiche\/verkehrssicherheit-2\/#primaryimage\"},\"image\":{\"@id\":\"https:\/\/www.brio-spiegel.de\/wordpress\/anwendungsbereiche\/verkehrssicherheit-2\/#primaryimage\"},\"thumbnailUrl\":\"https:\/\/www.briospiegel.alfahosting.org\/wordpress\/wp-content\/uploads\/2023\/06\/71olflsU2IL._SL1208_-300x269.jpg\",\"datePublished\":\"2023-06-10T18:01:18+00:00\",\"dateModified\":\"2024-10-15T16:47:28+00:00\",\"description\":\"Verkehrsspiegel werden \u00fcberall dort eingesetzt, wo Kreuzungen oder Ausfahrten aus Garagen und Grundst\u00fccken f\u00fcr den Autofahrer nicht hundertprozentig einsehbar sind.\",\"breadcrumb\":{\"@id\":\"https:\/\/www.brio-spiegel.de\/wordpress\/anwendungsbereiche\/verkehrssicherheit-2\/#breadcrumb\"},\"inLanguage\":\"de\",\"potentialAction\":[{\"@type\":\"ReadAction\",\"target\":[\"https:\/\/www.brio-spiegel.de\/wordpress\/anwendungsbereiche\/verkehrssicherheit-2\/\"]}]},{\"@type\":\"ImageObject\",\"inLanguage\":\"de\",\"@id\":\"https:\/\/www.brio-spiegel.de\/wordpress\/anwendungsbereiche\/verkehrssicherheit-2\/#primaryimage\",\"url\":\"https:\/\/www.briospiegel.alfahosting.org\/wordpress\/wp-content\/uploads\/2023\/06\/71olflsU2IL._SL1208_-300x269.jpg\",\"contentUrl\":\"https:\/\/www.briospiegel.alfahosting.org\/wordpress\/wp-content\/uploads\/2023\/06\/71olflsU2IL._SL1208_-300x269.jpg\"},{\"@type\":\"BreadcrumbList\",\"@id\":\"https:\/\/www.brio-spiegel.de\/wordpress\/anwendungsbereiche\/verkehrssicherheit-2\/#breadcrumb\",\"itemListElement\":[{\"@type\":\"ListItem\",\"position\":1,\"name\":\"Startseite\",\"item\":\"https:\/\/www.brio-spiegel.de\/wordpress\/\"},{\"@type\":\"ListItem\",\"position\":2,\"name\":\"Anwendungsbereiche\",\"item\":\"https:\/\/www.brio-spiegel.de\/wordpress\/anwendungsbereiche\/\"},{\"@type\":\"ListItem\",\"position\":3,\"name\":\"Verkehrssicherheit\"}]},{\"@type\":\"WebSite\",\"@id\":\"https:\/\/www.brio-spiegel.de\/wordpress\/#website\",\"url\":\"https:\/\/www.brio-spiegel.de\/wordpress\/\",\"name\":\"BRIO Kontrollspiegel GmbH\",\"description\":\"BRIO Kontrollspiegel GmbH\",\"publisher\":{\"@id\":\"https:\/\/www.brio-spiegel.de\/wordpress\/#organization\"},\"potentialAction\":[{\"@type\":\"SearchAction\",\"target\":{\"@type\":\"EntryPoint\",\"urlTemplate\":\"https:\/\/www.brio-spiegel.de\/wordpress\/?s={search_term_string}\"},\"query-input\":{\"@type\":\"PropertyValueSpecification\",\"valueRequired\":true,\"valueName\":\"search_term_string\"}}],\"inLanguage\":\"de\"},{\"@type\":\"Organization\",\"@id\":\"https:\/\/www.brio-spiegel.de\/wordpress\/#organization\",\"name\":\"BRIO Kontrollspiegel GmbH\",\"url\":\"https:\/\/www.brio-spiegel.de\/wordpress\/\",\"logo\":{\"@type\":\"ImageObject\",\"inLanguage\":\"de\",\"@id\":\"https:\/\/www.brio-spiegel.de\/wordpress\/#\/schema\/logo\/image\/\",\"url\":\"https:\/\/www.brio-spiegel.de\/wordpress\/wp-content\/uploads\/2023\/08\/cropped-Logo_Transparent.png\",\"contentUrl\":\"https:\/\/www.brio-spiegel.de\/wordpress\/wp-content\/uploads\/2023\/08\/cropped-Logo_Transparent.png\",\"width\":10905,\"height\":6768,\"caption\":\"BRIO Kontrollspiegel GmbH\"},\"image\":{\"@id\":\"https:\/\/www.brio-spiegel.de\/wordpress\/#\/schema\/logo\/image\/\"}},{\"@type\":\"Person\",\"@id\":\"https:\/\/www.brio-spiegel.de\/wordpress\/#\/schema\/person\/fc830161c362fc9d9e216f56383fd2cc\",\"name\":\"Brio_Admin\",\"image\":{\"@type\":\"ImageObject\",\"inLanguage\":\"de\",\"@id\":\"https:\/\/www.brio-spiegel.de\/wordpress\/#\/schema\/person\/image\/\",\"url\":\"https:\/\/secure.gravatar.com\/avatar\/6538958a397f09444d93e84cbdfa48cd85b5af8d2fd4aae639cf5b93106b727a?s=96&d=mm&r=g\",\"contentUrl\":\"https:\/\/secure.gravatar.com\/avatar\/6538958a397f09444d93e84cbdfa48cd85b5af8d2fd4aae639cf5b93106b727a?s=96&d=mm&r=g\",\"caption\":\"Brio_Admin\"},\"sameAs\":[\"https:\/\/www.briospiegel.alfahosting.org\/\"],\"url\":\"https:\/\/www.brio-spiegel.de\/wordpress\/author\/brio_admin\/\"}]}<\/script>\n<!-- \/ Yoast SEO Premium plugin. -->","yoast_head_json":{"title":"Verkehrssicherheit - BRIO Kontrollspiegel GmbH","description":"Verkehrsspiegel werden \u00fcberall dort eingesetzt, wo Kreuzungen oder Ausfahrten aus Garagen und Grundst\u00fccken f\u00fcr den Autofahrer nicht hundertprozentig einsehbar sind.","robots":{"index":"index","follow":"follow","max-snippet":"max-snippet:-1","max-image-preview":"max-image-preview:large","max-video-preview":"max-video-preview:-1"},"canonical":"https:\/\/www.brio-spiegel.de\/wordpress\/anwendungsbereiche\/verkehrssicherheit-2\/","og_locale":"de_DE","og_type":"article","og_title":"Verkehrssicherheit","og_description":"Verkehrsspiegel werden \u00fcberall dort eingesetzt, wo Kreuzungen oder Ausfahrten aus Garagen und Grundst\u00fccken f\u00fcr den Autofahrer nicht hundertprozentig einsehbar sind.","og_url":"https:\/\/www.brio-spiegel.de\/wordpress\/anwendungsbereiche\/verkehrssicherheit-2\/","og_site_name":"BRIO Kontrollspiegel GmbH","article_modified_time":"2024-10-15T16:47:28+00:00","og_image":[{"url":"https:\/\/www.briospiegel.alfahosting.org\/wordpress\/wp-content\/uploads\/2023\/06\/71olflsU2IL._SL1208_-300x269.jpg","type":"","width":"","height":""}],"twitter_card":"summary_large_image","twitter_misc":{"Est. reading time":"4\u00a0Minuten"},"schema":{"@context":"https:\/\/schema.org","@graph":[{"@type":"Article","@id":"https:\/\/www.brio-spiegel.de\/wordpress\/anwendungsbereiche\/verkehrssicherheit-2\/#article","isPartOf":{"@id":"https:\/\/www.brio-spiegel.de\/wordpress\/anwendungsbereiche\/verkehrssicherheit-2\/"},"author":{"name":"Brio_Admin","@id":"https:\/\/www.brio-spiegel.de\/wordpress\/#\/schema\/person\/fc830161c362fc9d9e216f56383fd2cc"},"headline":"Verkehrssicherheit","datePublished":"2023-06-10T18:01:18+00:00","dateModified":"2024-10-15T16:47:28+00:00","mainEntityOfPage":{"@id":"https:\/\/www.brio-spiegel.de\/wordpress\/anwendungsbereiche\/verkehrssicherheit-2\/"},"wordCount":364,"publisher":{"@id":"https:\/\/www.brio-spiegel.de\/wordpress\/#organization"},"image":{"@id":"https:\/\/www.brio-spiegel.de\/wordpress\/anwendungsbereiche\/verkehrssicherheit-2\/#primaryimage"},"thumbnailUrl":"https:\/\/www.briospiegel.alfahosting.org\/wordpress\/wp-content\/uploads\/2023\/06\/71olflsU2IL._SL1208_-300x269.jpg","inLanguage":"de"},{"@type":"WebPage","@id":"https:\/\/www.brio-spiegel.de\/wordpress\/anwendungsbereiche\/verkehrssicherheit-2\/","url":"https:\/\/www.brio-spiegel.de\/wordpress\/anwendungsbereiche\/verkehrssicherheit-2\/","name":"Verkehrssicherheit - BRIO Kontrollspiegel GmbH","isPartOf":{"@id":"https:\/\/www.brio-spiegel.de\/wordpress\/#website"},"primaryImageOfPage":{"@id":"https:\/\/www.brio-spiegel.de\/wordpress\/anwendungsbereiche\/verkehrssicherheit-2\/#primaryimage"},"image":{"@id":"https:\/\/www.brio-spiegel.de\/wordpress\/anwendungsbereiche\/verkehrssicherheit-2\/#primaryimage"},"thumbnailUrl":"https:\/\/www.briospiegel.alfahosting.org\/wordpress\/wp-content\/uploads\/2023\/06\/71olflsU2IL._SL1208_-300x269.jpg","datePublished":"2023-06-10T18:01:18+00:00","dateModified":"2024-10-15T16:47:28+00:00","description":"Verkehrsspiegel werden \u00fcberall dort eingesetzt, wo Kreuzungen oder Ausfahrten aus Garagen und Grundst\u00fccken f\u00fcr den Autofahrer nicht hundertprozentig einsehbar sind.","breadcrumb":{"@id":"https:\/\/www.brio-spiegel.de\/wordpress\/anwendungsbereiche\/verkehrssicherheit-2\/#breadcrumb"},"inLanguage":"de","potentialAction":[{"@type":"ReadAction","target":["https:\/\/www.brio-spiegel.de\/wordpress\/anwendungsbereiche\/verkehrssicherheit-2\/"]}]},{"@type":"ImageObject","inLanguage":"de","@id":"https:\/\/www.brio-spiegel.de\/wordpress\/anwendungsbereiche\/verkehrssicherheit-2\/#primaryimage","url":"https:\/\/www.briospiegel.alfahosting.org\/wordpress\/wp-content\/uploads\/2023\/06\/71olflsU2IL._SL1208_-300x269.jpg","contentUrl":"https:\/\/www.briospiegel.alfahosting.org\/wordpress\/wp-content\/uploads\/2023\/06\/71olflsU2IL._SL1208_-300x269.jpg"},{"@type":"BreadcrumbList","@id":"https:\/\/www.brio-spiegel.de\/wordpress\/anwendungsbereiche\/verkehrssicherheit-2\/#breadcrumb","itemListElement":[{"@type":"ListItem","position":1,"name":"Startseite","item":"https:\/\/www.brio-spiegel.de\/wordpress\/"},{"@type":"ListItem","position":2,"name":"Anwendungsbereiche","item":"https:\/\/www.brio-spiegel.de\/wordpress\/anwendungsbereiche\/"},{"@type":"ListItem","position":3,"name":"Verkehrssicherheit"}]},{"@type":"WebSite","@id":"https:\/\/www.brio-spiegel.de\/wordpress\/#website","url":"https:\/\/www.brio-spiegel.de\/wordpress\/","name":"BRIO Kontrollspiegel GmbH","description":"BRIO Kontrollspiegel GmbH","publisher":{"@id":"https:\/\/www.brio-spiegel.de\/wordpress\/#organization"},"potentialAction":[{"@type":"SearchAction","target":{"@type":"EntryPoint","urlTemplate":"https:\/\/www.brio-spiegel.de\/wordpress\/?s={search_term_string}"},"query-input":{"@type":"PropertyValueSpecification","valueRequired":true,"valueName":"search_term_string"}}],"inLanguage":"de"},{"@type":"Organization","@id":"https:\/\/www.brio-spiegel.de\/wordpress\/#organization","name":"BRIO Kontrollspiegel GmbH","url":"https:\/\/www.brio-spiegel.de\/wordpress\/","logo":{"@type":"ImageObject","inLanguage":"de","@id":"https:\/\/www.brio-spiegel.de\/wordpress\/#\/schema\/logo\/image\/","url":"https:\/\/www.brio-spiegel.de\/wordpress\/wp-content\/uploads\/2023\/08\/cropped-Logo_Transparent.png","contentUrl":"https:\/\/www.brio-spiegel.de\/wordpress\/wp-content\/uploads\/2023\/08\/cropped-Logo_Transparent.png","width":10905,"height":6768,"caption":"BRIO Kontrollspiegel GmbH"},"image":{"@id":"https:\/\/www.brio-spiegel.de\/wordpress\/#\/schema\/logo\/image\/"}},{"@type":"Person","@id":"https:\/\/www.brio-spiegel.de\/wordpress\/#\/schema\/person\/fc830161c362fc9d9e216f56383fd2cc","name":"Brio_Admin","image":{"@type":"ImageObject","inLanguage":"de","@id":"https:\/\/www.brio-spiegel.de\/wordpress\/#\/schema\/person\/image\/","url":"https:\/\/secure.gravatar.com\/avatar\/6538958a397f09444d93e84cbdfa48cd85b5af8d2fd4aae639cf5b93106b727a?s=96&d=mm&r=g","contentUrl":"https:\/\/secure.gravatar.com\/avatar\/6538958a397f09444d93e84cbdfa48cd85b5af8d2fd4aae639cf5b93106b727a?s=96&d=mm&r=g","caption":"Brio_Admin"},"sameAs":["https:\/\/www.briospiegel.alfahosting.org\/"],"url":"https:\/\/www.brio-spiegel.de\/wordpress\/author\/brio_admin\/"}]}},"_links":{"self":[{"href":"https:\/\/www.brio-spiegel.de\/wordpress\/wp-json\/wp\/v2\/pages\/921","targetHints":{"allow":["GET"]}}],"collection":[{"href":"https:\/\/www.brio-spiegel.de\/wordpress\/wp-json\/wp\/v2\/pages"}],"about":[{"href":"https:\/\/www.brio-spiegel.de\/wordpress\/wp-json\/wp\/v2\/types\/page"}],"author":[{"embeddable":true,"href":"https:\/\/www.brio-spiegel.de\/wordpress\/wp-json\/wp\/v2\/users\/1"}],"replies":[{"embeddable":true,"href":"https:\/\/www.brio-spiegel.de\/wordpress\/wp-json\/wp\/v2\/comments?post=921"}],"version-history":[{"count":5,"href":"https:\/\/www.brio-spiegel.de\/wordpress\/wp-json\/wp\/v2\/pages\/921\/revisions"}],"predecessor-version":[{"id":1234,"href":"https:\/\/www.brio-spiegel.de\/wordpress\/wp-json\/wp\/v2\/pages\/921\/revisions\/1234"}],"up":[{"embeddable":true,"href":"https:\/\/www.brio-spiegel.de\/wordpress\/wp-json\/wp\/v2\/pages\/908"}],"wp:attachment":[{"href":"https:\/\/www.brio-spiegel.de\/wordpress\/wp-json\/wp\/v2\/media?parent=921"}],"curies":[{"name":"wp","href":"https:\/\/api.w.org\/{rel}","templated":true}]}}