{"id":896,"date":"2023-06-08T12:52:06","date_gmt":"2023-06-08T10:52:06","guid":{"rendered":"https:\/\/www.briospiegel.alfahosting.org\/wordpress\/?page_id=896"},"modified":"2023-08-09T21:09:03","modified_gmt":"2023-08-09T19:09:03","slug":"spiegelkontrollset-fuer-beifahrer","status":"publish","type":"page","link":"https:\/\/www.brio-spiegel.de\/wordpress\/kunststoffspiegel\/spiegelkontrollset-fuer-beifahrer\/","title":{"rendered":"Spiegelkontrollset f\u00fcr Beifahrer"},"content":{"rendered":"\n\n\t<h1>\n\t\t\t\t\tSpiegelkontrollset f\u00fcr Beifahrer\n\t\t\t\t<\/h1>\n\t\n\t\t\t<p>Seit einiger Zeit d\u00fcrfen Jugendliche in einigen Bundesl\u00e4ndern bereits mit 17 Jahren nach bestandener Fahrpr\u00fcfung in Begleitung Erwachsener am Sta\u00dfenverkehr teilnehmen. Hierbei ergibt sich f\u00fcr den Beifahrer allerdings das Problem, dass er den r\u00fcckw\u00e4rtigen Verkehr nicht beobachten kann. F\u00fcr dieses Problem bietet unser Spiegelkontrollset eine L\u00f6sung.<\/p>\n<p>\u00a0<\/p>\n<p>\u00a0<\/p>\n<header>\n<p>In Nordrhein-Westfalen d\u00fcrfen jetzt Jugendliche mit 17 Jahren den F\u00fchrerschein machen und d\u00fcrfen dann in Begleitung von Erwachsenen Kraftfahrzeuge auf der Stra\u00dfe f\u00fchren, um so in Begleitung m\u00f6glichst schnell eine h\u00f6here Sicherheit im Stra\u00dfenverkehr zu erlangen. Der Erfolg dieser Neuregelung wird durch g\u00fcnstige Unfallstatistiken belegt. Unser Kontrollspiegelsetz behebt das Problem des Beifahrers, dass er keine M\u00f6glichkeit hat, das r\u00fcckw\u00e4rtige Verkehrsgeschehen zu beobachten. Unser Spiegelset besteht aus einem Innenspiegel mit Saugnapf und einem verstellbaren Schwanenhals. Die Spiegelfl\u00e4che ist ca. 40 x 100 mm, der Spiegel ist leicht gew\u00f6lbt, kann jedoch durch den Schwanenhals in jede f\u00fcr den Beifahrer notwendige Stellung gestellt werden. Der gro\u00dfe Vorteil liegt darin, dass der Spiegel jederzeit nach Gebrauch wieder entfernt werden kann, da die Saughalterung mit einem einfachen Hebelumlegen gel\u00f6st werden kann. Der zweite Spiegel kann fest auf dem Au\u00dfenspiegel montiert werden. Der Spiegel wird in der Regel auf dem rechten Au\u00dfenspiegel mit einer Halterung und zwei Schrauben fest montiert. Der Spiegel ist in der Halterung verstellbar. Die Spiegelfl\u00e4che ist 40 x 100 mm. Mit diesem Spiegel kann man den rechts au\u00dfen vom Fahrzeug befindlichen Bereich kontrollieren. Als dritten Spiegel empfehlen wir einen Spiegel f\u00fcr den toten Winkel f\u00fcr die Fahrerseite, der generell an Fahrzeugen vorhanden sein sollte, um Fahrzeuge, die sich im toten Winkel befinden, sichtbar zu machen.<\/p>\n<\/header>\n\t\t\t\t<a href=\"https:\/\/www.brio-spiegel.de\/wordpress\/wp-content\/uploads\/2023\/06\/Spiegelset-fuer-Fahranfaenger.jpg\" target=\"_self\" itemprop=\"url\" rel=\"noopener\">\n\t\t\t\t<img decoding=\"async\" src=\"https:\/\/www.briospiegel.alfahosting.org\/wordpress\/wp-content\/uploads\/2023\/06\/Spiegelset-fuer-Fahranfaenger.jpg\" alt=\"Spiegelset-fuer-Fahranfaenger\" itemprop=\"image\" title=\"Spiegelset-fuer-Fahranfaenger\" onerror=\"this.style.display='none'\"  \/>\n\t\t\t\t<\/a>\n\t<table>\n<tbody>\n<tr>\n<td><b>Bezeichnung<\/b><\/td>\n<td><b>Art.Nr.<\/b><\/td>\n<\/tr>\n<tr>\n<td>Sicherheitsspiegel-Set f\u00fcrs Auto<\/td>\n<td>03.0420<\/td>\n<\/tr>\n<\/tbody>\n<\/table>\n<p>&nbsp;<\/p>\n\t<h3>\n\t\t\t\t\tGerne nehmen wir Ihre Anfrage zum Produkt direkt hier entgegen.\n\t\t\t\t<\/h3>\n\t<div class=\"forminator-ui forminator-custom-form forminator-custom-form-522 forminator-design--material  forminator_ajax\" data-forminator-render=\"0\" data-form=\"forminator-module-522\" data-uid=\"69e5e048c2293\"><br\/><\/div><form\n\t\t\t\tid=\"forminator-module-522\"\n\t\t\t\tclass=\"forminator-ui forminator-custom-form forminator-custom-form-522 forminator-design--material  forminator_ajax\"\n\t\t\t\tmethod=\"post\"\n\t\t\t\tdata-forminator-render=\"0\"\n\t\t\t\tdata-form-id=\"522\"\n\t\t\t\t\n\t\t\t\tdata-design=\"material\"\n\t\t\t\t\n\t\t\t\t\n\t\t\t\t\n\t\t\t\tdata-grid=\"open\"\n\t\t\t\t\n\t\t\t\t\n\t\t\t\tstyle=\"display: none;\"\n\t\t\t\t\n\t\t\t\tdata-uid=\"69e5e048c2293\"\n\t\t\t><div role=\"alert\" aria-live=\"polite\" class=\"forminator-response-message forminator-error\" aria-hidden=\"true\"><\/div><div class=\"forminator-row\"><div id=\"name-1\" class=\"forminator-field-name forminator-col forminator-col-6 \"><div class=\"forminator-field\"><label for=\"forminator-field-name-1_69e5e048c2293\" id=\"forminator-field-name-1_69e5e048c2293-label\" class=\"forminator-label\">Name <span class=\"forminator-required\">*<\/span><\/label><input type=\"text\" name=\"name-1\" value=\"\" placeholder=\"\" id=\"forminator-field-name-1_69e5e048c2293\" class=\"forminator-input forminator-name--field\" aria-required=\"true\" \/><\/div><\/div><div id=\"text-1\" class=\"forminator-field-text forminator-col forminator-col-6 \"><div class=\"forminator-field\"><label for=\"forminator-field-text-1_69e5e048c2293\" id=\"forminator-field-text-1_69e5e048c2293-label\" class=\"forminator-label\">Firma<\/label><input type=\"text\" name=\"text-1\" value=\"\" placeholder=\"\" id=\"forminator-field-text-1_69e5e048c2293\" class=\"forminator-input forminator-name--field\" data-required=\"\" \/><\/div><\/div><\/div><div class=\"forminator-row\"><div id=\"email-1\" class=\"forminator-field-email forminator-col forminator-col-6 \"><div class=\"forminator-field\"><label for=\"forminator-field-email-1_69e5e048c2293\" id=\"forminator-field-email-1_69e5e048c2293-label\" class=\"forminator-label\">E-Mail-Adresse <span class=\"forminator-required\">*<\/span><\/label><input type=\"email\" name=\"email-1\" value=\"\" placeholder=\"\" id=\"forminator-field-email-1_69e5e048c2293\" class=\"forminator-input forminator-email--field\" data-required=\"true\" aria-required=\"true\" \/><\/div><\/div><div id=\"phone-1\" class=\"forminator-field-phone forminator-col forminator-col-6 \"><div class=\"forminator-field\"><label for=\"forminator-field-phone-1_69e5e048c2293\" id=\"forminator-field-phone-1_69e5e048c2293-label\" class=\"forminator-label\">Telefonnummer<\/label><input type=\"text\" name=\"phone-1\" value=\"\" placeholder=\"z. B. +49 3004005000\" id=\"forminator-field-phone-1_69e5e048c2293\" class=\"forminator-input forminator-field--phone\" data-required=\"\" aria-required=\"false\" autocomplete=\"off\" data-validation=\"1\" \/><\/div><\/div><\/div><div class=\"forminator-row\"><div id=\"address-1\" class=\"forminator-field-address forminator-col forminator-col-12 \"><div class=\"forminator-row\"><div id=\"address-1-street_address\" class=\"forminator-col\"><div class=\"forminator-field\"><label for=\"forminator-field-address-1-street_address_69e5e048c2293\" id=\"forminator-field-address-1-street_address_69e5e048c2293-label\" class=\"forminator-label\">Stra\u00dfe und Hausnummer <span class=\"forminator-required\">*<\/span><\/label><input type=\"text\" name=\"address-1-street_address\" placeholder=\"z. B. Hauptstra\u00dfe 123\" id=\"forminator-field-address-1-street_address_69e5e048c2293\" class=\"forminator-input\" data-required=\"1\" aria-required=\"true\" value=\"\" \/><\/div><\/div><\/div><div class=\"forminator-row\" data-multiple=\"false\"><div id=\"address-1-city\" class=\"forminator-col forminator-col-12\"><div class=\"forminator-field\"><label for=\"forminator-field-address-1-city_69e5e048c2293\" id=\"forminator-field-address-1-city_69e5e048c2293-label\" class=\"forminator-label\">Stadt<\/label><input type=\"text\" name=\"address-1-city\" placeholder=\"z. B. Berlin\" id=\"forminator-field-address-1-city_69e5e048c2293\" class=\"forminator-input\" data-required=\"\" aria-required=\"false\" value=\"\" \/><\/div><\/div><\/div><div class=\"forminator-row\" data-multiple=\"false\"><div id=\"address-1-zip\" class=\"forminator-col forminator-col-12\"><div class=\"forminator-field\"><label for=\"forminator-field-address-1-zip_69e5e048c2293\" id=\"forminator-field-address-1-zip_69e5e048c2293-label\" class=\"forminator-label\">ZIP \/ Postleitzahl <span class=\"forminator-required\">*<\/span><\/label><input type=\"text\" name=\"address-1-zip\" placeholder=\"z. B. 2000\" id=\"forminator-field-address-1-zip_69e5e048c2293\" class=\"forminator-input\" value=\"\" \/><\/div><\/div><\/div><\/div><\/div><div class=\"forminator-row\"><div id=\"textarea-1\" class=\"forminator-field-textarea forminator-col forminator-col-12 \"><div class=\"forminator-field\"><label for=\"forminator-field-textarea-1_69e5e048c2293\" id=\"forminator-field-textarea-1_69e5e048c2293-label\" class=\"forminator-label\">Nachricht <span class=\"forminator-required\">*<\/span><\/label><textarea name=\"textarea-1\" placeholder=\"\" id=\"forminator-field-textarea-1_69e5e048c2293\" class=\"forminator-textarea\" rows=\"6\" style=\"min-height:140px;\" ><\/textarea><\/div><\/div><\/div><div class=\"forminator-row\"><div id=\"consent-1\" class=\"forminator-field-consent forminator-col forminator-col-12 \"><div class=\"forminator-field\"><label for=\"forminator-field-consent-1_69e5e048c2293\" id=\"forminator-field-consent-1_69e5e048c2293-label\" class=\"forminator-label\">Consent <span class=\"forminator-required\">*<\/span><\/label><div class=\"forminator-checkbox__wrapper\"><label for=\"forminator-field-consent-1_69e5e048c2293\" id=\"forminator-field-consent-1_69e5e048c2293__label\" class=\"forminator-checkbox forminator-consent\" style=\"margin: 0;\"><input type=\"checkbox\" name=\"consent-1\" id=\"forminator-field-consent-1_69e5e048c2293\" value=\"checked\" aria-labelledby=\"forminator-field-consent-1_69e5e048c2293-label\" aria-describedby=\"forminator-field-consent-1_69e5e048c2293__description\" data-required=\"true\" aria-required=\"true\" \/><span class=\"forminator-checkbox-box\" aria-hidden=\"true\"><\/span><\/label><div id=\"forminator-field-consent-1_69e5e048c2293__description\" class=\"forminator-checkbox__label forminator-consent__label\"><p>Ich habe die <a href=\"https:\/\/www.brio-spiegel.de\/wordpress\/datenschutz\/\">Datenschutzbestimmungen<\/a> gelesen und bin damit einverstanden.<\/p><\/div><\/div><\/div><\/div><\/div><div class=\"forminator-row\"><div id=\"captcha-1\" class=\"forminator-field-captcha forminator-col forminator-col-12 \"><div class=\"forminator-captcha-left forminator-hcaptcha\" data-theme=\"light\"  data-sitekey=\"6893feeb-d313-418d-8b0e-4163ff8d298e\" data-size=\"normal\"><\/div> <\/div><\/div><input type=\"hidden\" name=\"referer_url\" value=\"\" \/><div class=\"forminator-row forminator-row-last\"><div class=\"forminator-col\"><div class=\"forminator-field\"><button class=\"forminator-button forminator-button-submit\"><span>Anfrage Senden<\/span><span aria-hidden=\"true\"><\/span><\/button><\/div><\/div><\/div><input type=\"hidden\" id=\"forminator_nonce\" name=\"forminator_nonce\" value=\"08caabeb03\" \/><input type=\"hidden\" name=\"_wp_http_referer\" value=\"\/wordpress\/wp-json\/wp\/v2\/pages\/896\" \/><input type=\"hidden\" name=\"form_id\" value=\"522\"><input type=\"hidden\" name=\"page_id\" value=\"896\"><input type=\"hidden\" name=\"form_type\" value=\"default\"><input type=\"hidden\" name=\"current_url\" value=\"https:\/\/www.brio-spiegel.de\/wordpress\/kunststoffspiegel\/spiegelkontrollset-fuer-beifahrer\/\"><input type=\"hidden\" name=\"render_id\" value=\"0\"><input type=\"hidden\" name=\"action\" value=\"forminator_submit_form_custom-forms\"><label for=\"input_8\" class=\"forminator-hidden\" aria-hidden=\"true\">Bitte f\u00fclle dieses Feld nicht aus. <input id=\"input_8\" type=\"text\" name=\"input_8\" value=\"\" autocomplete=\"off\"><\/label><\/form>\n\n","protected":false},"excerpt":{"rendered":"<p>Spiegelkontrollset f\u00fcr Beifahrer Seit einiger Zeit d\u00fcrfen Jugendliche in einigen Bundesl\u00e4ndern bereits mit 17 Jahren nach bestandener Fahrpr\u00fcfung in Begleitung Erwachsener am Sta\u00dfenverkehr teilnehmen. Hierbei ergibt sich f\u00fcr den Beifahrer allerdings das Problem, dass er den r\u00fcckw\u00e4rtigen Verkehr nicht beobachten kann. F\u00fcr dieses Problem bietet unser Spiegelkontrollset eine L\u00f6sung. \u00a0 \u00a0 In Nordrhein-Westfalen d\u00fcrfen jetzt &hellip;<\/p>\n<p class=\"read-more\"> <a class=\"\" href=\"https:\/\/www.brio-spiegel.de\/wordpress\/kunststoffspiegel\/spiegelkontrollset-fuer-beifahrer\/\"> <span class=\"screen-reader-text\">Spiegelkontrollset f\u00fcr Beifahrer<\/span> Weiterlesen &raquo;<\/a><\/p>\n","protected":false},"author":1,"featured_media":0,"parent":870,"menu_order":0,"comment_status":"closed","ping_status":"closed","template":"","meta":{"site-sidebar-layout":"no-sidebar","site-content-layout":"page-builder","ast-site-content-layout":"","site-content-style":"default","site-sidebar-style":"default","ast-global-header-display":"","ast-banner-title-visibility":"","ast-main-header-display":"","ast-hfb-above-header-display":"","ast-hfb-below-header-display":"","ast-hfb-mobile-header-display":"","site-post-title":"disabled","ast-breadcrumbs-content":"","ast-featured-img":"disabled","footer-sml-layout":"","theme-transparent-header-meta":"enabled","adv-header-id-meta":"","stick-header-meta":"","header-above-stick-meta":"","header-main-stick-meta":"","header-below-stick-meta":"","astra-migrate-meta-layouts":"","footnotes":""},"class_list":["post-896","page","type-page","status-publish","hentry"],"yoast_head":"<!-- This site is optimized with the Yoast SEO Premium plugin v24.5 (Yoast SEO v24.5) - https:\/\/yoast.com\/wordpress\/plugins\/seo\/ -->\n<title>Spiegelkontrollset f\u00fcr Beifahrer - BRIO Kontrollspiegel GmbH<\/title>\n<meta name=\"description\" content=\"Spiegelkontrollset f\u00fcr Beifahrer - BRIO Kontrollspiegel GmbH\" \/>\n<meta name=\"robots\" content=\"index, follow, max-snippet:-1, max-image-preview:large, max-video-preview:-1\" \/>\n<link rel=\"canonical\" href=\"https:\/\/www.brio-spiegel.de\/wordpress\/kunststoffspiegel\/spiegelkontrollset-fuer-beifahrer\/\" \/>\n<meta property=\"og:locale\" content=\"de_DE\" \/>\n<meta property=\"og:type\" content=\"article\" \/>\n<meta property=\"og:title\" content=\"Spiegelkontrollset f\u00fcr Beifahrer\" \/>\n<meta property=\"og:description\" content=\"Spiegelkontrollset f\u00fcr Beifahrer - BRIO Kontrollspiegel GmbH\" \/>\n<meta property=\"og:url\" content=\"https:\/\/www.brio-spiegel.de\/wordpress\/kunststoffspiegel\/spiegelkontrollset-fuer-beifahrer\/\" \/>\n<meta property=\"og:site_name\" content=\"BRIO Kontrollspiegel GmbH\" \/>\n<meta property=\"article:modified_time\" content=\"2023-08-09T19:09:03+00:00\" \/>\n<meta property=\"og:image\" content=\"https:\/\/www.briospiegel.alfahosting.org\/wordpress\/wp-content\/uploads\/2023\/06\/Spiegelset-fuer-Fahranfaenger.jpg\" \/>\n<meta name=\"twitter:card\" content=\"summary_large_image\" \/>\n<meta name=\"twitter:label1\" content=\"Est. reading time\" \/>\n\t<meta name=\"twitter:data1\" content=\"2\u00a0Minuten\" \/>\n<script type=\"application\/ld+json\" class=\"yoast-schema-graph\">{\"@context\":\"https:\/\/schema.org\",\"@graph\":[{\"@type\":\"Article\",\"@id\":\"https:\/\/www.brio-spiegel.de\/wordpress\/kunststoffspiegel\/spiegelkontrollset-fuer-beifahrer\/#article\",\"isPartOf\":{\"@id\":\"https:\/\/www.brio-spiegel.de\/wordpress\/kunststoffspiegel\/spiegelkontrollset-fuer-beifahrer\/\"},\"author\":{\"name\":\"Brio_Admin\",\"@id\":\"https:\/\/www.brio-spiegel.de\/wordpress\/#\/schema\/person\/fc830161c362fc9d9e216f56383fd2cc\"},\"headline\":\"Spiegelkontrollset f\u00fcr Beifahrer\",\"datePublished\":\"2023-06-08T10:52:06+00:00\",\"dateModified\":\"2023-08-09T19:09:03+00:00\",\"mainEntityOfPage\":{\"@id\":\"https:\/\/www.brio-spiegel.de\/wordpress\/kunststoffspiegel\/spiegelkontrollset-fuer-beifahrer\/\"},\"wordCount\":314,\"publisher\":{\"@id\":\"https:\/\/www.brio-spiegel.de\/wordpress\/#organization\"},\"image\":{\"@id\":\"https:\/\/www.brio-spiegel.de\/wordpress\/kunststoffspiegel\/spiegelkontrollset-fuer-beifahrer\/#primaryimage\"},\"thumbnailUrl\":\"https:\/\/www.briospiegel.alfahosting.org\/wordpress\/wp-content\/uploads\/2023\/06\/Spiegelset-fuer-Fahranfaenger.jpg\",\"inLanguage\":\"de\"},{\"@type\":\"WebPage\",\"@id\":\"https:\/\/www.brio-spiegel.de\/wordpress\/kunststoffspiegel\/spiegelkontrollset-fuer-beifahrer\/\",\"url\":\"https:\/\/www.brio-spiegel.de\/wordpress\/kunststoffspiegel\/spiegelkontrollset-fuer-beifahrer\/\",\"name\":\"Spiegelkontrollset f\u00fcr Beifahrer - BRIO Kontrollspiegel GmbH\",\"isPartOf\":{\"@id\":\"https:\/\/www.brio-spiegel.de\/wordpress\/#website\"},\"primaryImageOfPage\":{\"@id\":\"https:\/\/www.brio-spiegel.de\/wordpress\/kunststoffspiegel\/spiegelkontrollset-fuer-beifahrer\/#primaryimage\"},\"image\":{\"@id\":\"https:\/\/www.brio-spiegel.de\/wordpress\/kunststoffspiegel\/spiegelkontrollset-fuer-beifahrer\/#primaryimage\"},\"thumbnailUrl\":\"https:\/\/www.briospiegel.alfahosting.org\/wordpress\/wp-content\/uploads\/2023\/06\/Spiegelset-fuer-Fahranfaenger.jpg\",\"datePublished\":\"2023-06-08T10:52:06+00:00\",\"dateModified\":\"2023-08-09T19:09:03+00:00\",\"description\":\"Spiegelkontrollset f\u00fcr Beifahrer - BRIO Kontrollspiegel GmbH\",\"breadcrumb\":{\"@id\":\"https:\/\/www.brio-spiegel.de\/wordpress\/kunststoffspiegel\/spiegelkontrollset-fuer-beifahrer\/#breadcrumb\"},\"inLanguage\":\"de\",\"potentialAction\":[{\"@type\":\"ReadAction\",\"target\":[\"https:\/\/www.brio-spiegel.de\/wordpress\/kunststoffspiegel\/spiegelkontrollset-fuer-beifahrer\/\"]}]},{\"@type\":\"ImageObject\",\"inLanguage\":\"de\",\"@id\":\"https:\/\/www.brio-spiegel.de\/wordpress\/kunststoffspiegel\/spiegelkontrollset-fuer-beifahrer\/#primaryimage\",\"url\":\"https:\/\/www.briospiegel.alfahosting.org\/wordpress\/wp-content\/uploads\/2023\/06\/Spiegelset-fuer-Fahranfaenger.jpg\",\"contentUrl\":\"https:\/\/www.briospiegel.alfahosting.org\/wordpress\/wp-content\/uploads\/2023\/06\/Spiegelset-fuer-Fahranfaenger.jpg\"},{\"@type\":\"BreadcrumbList\",\"@id\":\"https:\/\/www.brio-spiegel.de\/wordpress\/kunststoffspiegel\/spiegelkontrollset-fuer-beifahrer\/#breadcrumb\",\"itemListElement\":[{\"@type\":\"ListItem\",\"position\":1,\"name\":\"Startseite\",\"item\":\"https:\/\/www.brio-spiegel.de\/wordpress\/\"},{\"@type\":\"ListItem\",\"position\":2,\"name\":\"Kunststoffspiegel\",\"item\":\"https:\/\/www.brio-spiegel.de\/wordpress\/kunststoffspiegel\/\"},{\"@type\":\"ListItem\",\"position\":3,\"name\":\"Spiegelkontrollset f\u00fcr Beifahrer\"}]},{\"@type\":\"WebSite\",\"@id\":\"https:\/\/www.brio-spiegel.de\/wordpress\/#website\",\"url\":\"https:\/\/www.brio-spiegel.de\/wordpress\/\",\"name\":\"BRIO Kontrollspiegel GmbH\",\"description\":\"BRIO Kontrollspiegel GmbH\",\"publisher\":{\"@id\":\"https:\/\/www.brio-spiegel.de\/wordpress\/#organization\"},\"potentialAction\":[{\"@type\":\"SearchAction\",\"target\":{\"@type\":\"EntryPoint\",\"urlTemplate\":\"https:\/\/www.brio-spiegel.de\/wordpress\/?s={search_term_string}\"},\"query-input\":{\"@type\":\"PropertyValueSpecification\",\"valueRequired\":true,\"valueName\":\"search_term_string\"}}],\"inLanguage\":\"de\"},{\"@type\":\"Organization\",\"@id\":\"https:\/\/www.brio-spiegel.de\/wordpress\/#organization\",\"name\":\"BRIO Kontrollspiegel GmbH\",\"url\":\"https:\/\/www.brio-spiegel.de\/wordpress\/\",\"logo\":{\"@type\":\"ImageObject\",\"inLanguage\":\"de\",\"@id\":\"https:\/\/www.brio-spiegel.de\/wordpress\/#\/schema\/logo\/image\/\",\"url\":\"https:\/\/www.brio-spiegel.de\/wordpress\/wp-content\/uploads\/2023\/08\/cropped-Logo_Transparent.png\",\"contentUrl\":\"https:\/\/www.brio-spiegel.de\/wordpress\/wp-content\/uploads\/2023\/08\/cropped-Logo_Transparent.png\",\"width\":10905,\"height\":6768,\"caption\":\"BRIO Kontrollspiegel GmbH\"},\"image\":{\"@id\":\"https:\/\/www.brio-spiegel.de\/wordpress\/#\/schema\/logo\/image\/\"}},{\"@type\":\"Person\",\"@id\":\"https:\/\/www.brio-spiegel.de\/wordpress\/#\/schema\/person\/fc830161c362fc9d9e216f56383fd2cc\",\"name\":\"Brio_Admin\",\"image\":{\"@type\":\"ImageObject\",\"inLanguage\":\"de\",\"@id\":\"https:\/\/www.brio-spiegel.de\/wordpress\/#\/schema\/person\/image\/\",\"url\":\"https:\/\/secure.gravatar.com\/avatar\/6538958a397f09444d93e84cbdfa48cd85b5af8d2fd4aae639cf5b93106b727a?s=96&d=mm&r=g\",\"contentUrl\":\"https:\/\/secure.gravatar.com\/avatar\/6538958a397f09444d93e84cbdfa48cd85b5af8d2fd4aae639cf5b93106b727a?s=96&d=mm&r=g\",\"caption\":\"Brio_Admin\"},\"sameAs\":[\"https:\/\/www.briospiegel.alfahosting.org\/\"],\"url\":\"https:\/\/www.brio-spiegel.de\/wordpress\/author\/brio_admin\/\"}]}<\/script>\n<!-- \/ Yoast SEO Premium plugin. -->","yoast_head_json":{"title":"Spiegelkontrollset f\u00fcr Beifahrer - BRIO Kontrollspiegel GmbH","description":"Spiegelkontrollset f\u00fcr Beifahrer - BRIO Kontrollspiegel GmbH","robots":{"index":"index","follow":"follow","max-snippet":"max-snippet:-1","max-image-preview":"max-image-preview:large","max-video-preview":"max-video-preview:-1"},"canonical":"https:\/\/www.brio-spiegel.de\/wordpress\/kunststoffspiegel\/spiegelkontrollset-fuer-beifahrer\/","og_locale":"de_DE","og_type":"article","og_title":"Spiegelkontrollset f\u00fcr Beifahrer","og_description":"Spiegelkontrollset f\u00fcr Beifahrer - BRIO Kontrollspiegel GmbH","og_url":"https:\/\/www.brio-spiegel.de\/wordpress\/kunststoffspiegel\/spiegelkontrollset-fuer-beifahrer\/","og_site_name":"BRIO Kontrollspiegel GmbH","article_modified_time":"2023-08-09T19:09:03+00:00","og_image":[{"url":"https:\/\/www.briospiegel.alfahosting.org\/wordpress\/wp-content\/uploads\/2023\/06\/Spiegelset-fuer-Fahranfaenger.jpg","type":"","width":"","height":""}],"twitter_card":"summary_large_image","twitter_misc":{"Est. reading time":"2\u00a0Minuten"},"schema":{"@context":"https:\/\/schema.org","@graph":[{"@type":"Article","@id":"https:\/\/www.brio-spiegel.de\/wordpress\/kunststoffspiegel\/spiegelkontrollset-fuer-beifahrer\/#article","isPartOf":{"@id":"https:\/\/www.brio-spiegel.de\/wordpress\/kunststoffspiegel\/spiegelkontrollset-fuer-beifahrer\/"},"author":{"name":"Brio_Admin","@id":"https:\/\/www.brio-spiegel.de\/wordpress\/#\/schema\/person\/fc830161c362fc9d9e216f56383fd2cc"},"headline":"Spiegelkontrollset f\u00fcr Beifahrer","datePublished":"2023-06-08T10:52:06+00:00","dateModified":"2023-08-09T19:09:03+00:00","mainEntityOfPage":{"@id":"https:\/\/www.brio-spiegel.de\/wordpress\/kunststoffspiegel\/spiegelkontrollset-fuer-beifahrer\/"},"wordCount":314,"publisher":{"@id":"https:\/\/www.brio-spiegel.de\/wordpress\/#organization"},"image":{"@id":"https:\/\/www.brio-spiegel.de\/wordpress\/kunststoffspiegel\/spiegelkontrollset-fuer-beifahrer\/#primaryimage"},"thumbnailUrl":"https:\/\/www.briospiegel.alfahosting.org\/wordpress\/wp-content\/uploads\/2023\/06\/Spiegelset-fuer-Fahranfaenger.jpg","inLanguage":"de"},{"@type":"WebPage","@id":"https:\/\/www.brio-spiegel.de\/wordpress\/kunststoffspiegel\/spiegelkontrollset-fuer-beifahrer\/","url":"https:\/\/www.brio-spiegel.de\/wordpress\/kunststoffspiegel\/spiegelkontrollset-fuer-beifahrer\/","name":"Spiegelkontrollset f\u00fcr Beifahrer - BRIO Kontrollspiegel GmbH","isPartOf":{"@id":"https:\/\/www.brio-spiegel.de\/wordpress\/#website"},"primaryImageOfPage":{"@id":"https:\/\/www.brio-spiegel.de\/wordpress\/kunststoffspiegel\/spiegelkontrollset-fuer-beifahrer\/#primaryimage"},"image":{"@id":"https:\/\/www.brio-spiegel.de\/wordpress\/kunststoffspiegel\/spiegelkontrollset-fuer-beifahrer\/#primaryimage"},"thumbnailUrl":"https:\/\/www.briospiegel.alfahosting.org\/wordpress\/wp-content\/uploads\/2023\/06\/Spiegelset-fuer-Fahranfaenger.jpg","datePublished":"2023-06-08T10:52:06+00:00","dateModified":"2023-08-09T19:09:03+00:00","description":"Spiegelkontrollset f\u00fcr Beifahrer - BRIO Kontrollspiegel GmbH","breadcrumb":{"@id":"https:\/\/www.brio-spiegel.de\/wordpress\/kunststoffspiegel\/spiegelkontrollset-fuer-beifahrer\/#breadcrumb"},"inLanguage":"de","potentialAction":[{"@type":"ReadAction","target":["https:\/\/www.brio-spiegel.de\/wordpress\/kunststoffspiegel\/spiegelkontrollset-fuer-beifahrer\/"]}]},{"@type":"ImageObject","inLanguage":"de","@id":"https:\/\/www.brio-spiegel.de\/wordpress\/kunststoffspiegel\/spiegelkontrollset-fuer-beifahrer\/#primaryimage","url":"https:\/\/www.briospiegel.alfahosting.org\/wordpress\/wp-content\/uploads\/2023\/06\/Spiegelset-fuer-Fahranfaenger.jpg","contentUrl":"https:\/\/www.briospiegel.alfahosting.org\/wordpress\/wp-content\/uploads\/2023\/06\/Spiegelset-fuer-Fahranfaenger.jpg"},{"@type":"BreadcrumbList","@id":"https:\/\/www.brio-spiegel.de\/wordpress\/kunststoffspiegel\/spiegelkontrollset-fuer-beifahrer\/#breadcrumb","itemListElement":[{"@type":"ListItem","position":1,"name":"Startseite","item":"https:\/\/www.brio-spiegel.de\/wordpress\/"},{"@type":"ListItem","position":2,"name":"Kunststoffspiegel","item":"https:\/\/www.brio-spiegel.de\/wordpress\/kunststoffspiegel\/"},{"@type":"ListItem","position":3,"name":"Spiegelkontrollset f\u00fcr Beifahrer"}]},{"@type":"WebSite","@id":"https:\/\/www.brio-spiegel.de\/wordpress\/#website","url":"https:\/\/www.brio-spiegel.de\/wordpress\/","name":"BRIO Kontrollspiegel GmbH","description":"BRIO Kontrollspiegel GmbH","publisher":{"@id":"https:\/\/www.brio-spiegel.de\/wordpress\/#organization"},"potentialAction":[{"@type":"SearchAction","target":{"@type":"EntryPoint","urlTemplate":"https:\/\/www.brio-spiegel.de\/wordpress\/?s={search_term_string}"},"query-input":{"@type":"PropertyValueSpecification","valueRequired":true,"valueName":"search_term_string"}}],"inLanguage":"de"},{"@type":"Organization","@id":"https:\/\/www.brio-spiegel.de\/wordpress\/#organization","name":"BRIO Kontrollspiegel GmbH","url":"https:\/\/www.brio-spiegel.de\/wordpress\/","logo":{"@type":"ImageObject","inLanguage":"de","@id":"https:\/\/www.brio-spiegel.de\/wordpress\/#\/schema\/logo\/image\/","url":"https:\/\/www.brio-spiegel.de\/wordpress\/wp-content\/uploads\/2023\/08\/cropped-Logo_Transparent.png","contentUrl":"https:\/\/www.brio-spiegel.de\/wordpress\/wp-content\/uploads\/2023\/08\/cropped-Logo_Transparent.png","width":10905,"height":6768,"caption":"BRIO Kontrollspiegel GmbH"},"image":{"@id":"https:\/\/www.brio-spiegel.de\/wordpress\/#\/schema\/logo\/image\/"}},{"@type":"Person","@id":"https:\/\/www.brio-spiegel.de\/wordpress\/#\/schema\/person\/fc830161c362fc9d9e216f56383fd2cc","name":"Brio_Admin","image":{"@type":"ImageObject","inLanguage":"de","@id":"https:\/\/www.brio-spiegel.de\/wordpress\/#\/schema\/person\/image\/","url":"https:\/\/secure.gravatar.com\/avatar\/6538958a397f09444d93e84cbdfa48cd85b5af8d2fd4aae639cf5b93106b727a?s=96&d=mm&r=g","contentUrl":"https:\/\/secure.gravatar.com\/avatar\/6538958a397f09444d93e84cbdfa48cd85b5af8d2fd4aae639cf5b93106b727a?s=96&d=mm&r=g","caption":"Brio_Admin"},"sameAs":["https:\/\/www.briospiegel.alfahosting.org\/"],"url":"https:\/\/www.brio-spiegel.de\/wordpress\/author\/brio_admin\/"}]}},"_links":{"self":[{"href":"https:\/\/www.brio-spiegel.de\/wordpress\/wp-json\/wp\/v2\/pages\/896","targetHints":{"allow":["GET"]}}],"collection":[{"href":"https:\/\/www.brio-spiegel.de\/wordpress\/wp-json\/wp\/v2\/pages"}],"about":[{"href":"https:\/\/www.brio-spiegel.de\/wordpress\/wp-json\/wp\/v2\/types\/page"}],"author":[{"embeddable":true,"href":"https:\/\/www.brio-spiegel.de\/wordpress\/wp-json\/wp\/v2\/users\/1"}],"replies":[{"embeddable":true,"href":"https:\/\/www.brio-spiegel.de\/wordpress\/wp-json\/wp\/v2\/comments?post=896"}],"version-history":[{"count":3,"href":"https:\/\/www.brio-spiegel.de\/wordpress\/wp-json\/wp\/v2\/pages\/896\/revisions"}],"predecessor-version":[{"id":1075,"href":"https:\/\/www.brio-spiegel.de\/wordpress\/wp-json\/wp\/v2\/pages\/896\/revisions\/1075"}],"up":[{"embeddable":true,"href":"https:\/\/www.brio-spiegel.de\/wordpress\/wp-json\/wp\/v2\/pages\/870"}],"wp:attachment":[{"href":"https:\/\/www.brio-spiegel.de\/wordpress\/wp-json\/wp\/v2\/media?parent=896"}],"curies":[{"name":"wp","href":"https:\/\/api.w.org\/{rel}","templated":true}]}}