{"id":788,"date":"2023-06-07T19:41:31","date_gmt":"2023-06-07T17:41:31","guid":{"rendered":"https:\/\/www.briospiegel.alfahosting.org\/wordpress\/?page_id=788"},"modified":"2023-08-15T15:52:50","modified_gmt":"2023-08-15T13:52:50","slug":"zerrspiegel-im-holzrahmen","status":"publish","type":"page","link":"https:\/\/www.brio-spiegel.de\/wordpress\/metallspiegel\/zerrspiegel-im-holzrahmen\/","title":{"rendered":"Zerrspiegel im Holzrahmen"},"content":{"rendered":"\n\n\t<h1>\n\t\t\t\t\tZerrspiegel im Holzrahmen\n\t\t\t\t<\/h1>\n\t<h2>\n\t\t\t\t\tZerrspiegel sorgen f\u00fcr Spa\u00df und Aufmerksamkeit &#8211; Hervorragend geeignet f\u00fcr Messen, Freizeitparks, Schulen etc.\n\t\t\t\t<\/h2>\n\t\t\t<header>\n<p>Der Metallspiegel bekommt durch die Verspannung im Holzrahmen seine Kontur. Dadurch erscheinen, wenn der Spiegel l\u00e4ngs aufgeh\u00e4ngt wird, die abgebildeten Teil lang und schmal und wenn er quer aufgeh\u00e4ngt wird, bekommen die Teile eine leichte W\u00f6lbung und werden optisch verzerrt. Diese Spiegel sind eine recht preiswerte L\u00f6sung, k\u00f6nnen einfach an die Wand geh\u00e4ngt werden, um die Verzerrungen zu erzeugen.<\/p>\n<\/header>\n\t\t\t\t<img decoding=\"async\" src=\"https:\/\/www.briospiegel.alfahosting.org\/wordpress\/wp-content\/uploads\/2023\/06\/Zerrspiegel-Edelstahl-im-Holzrahmen-800x800-1.jpg\" alt=\"Zerrspiegel-Edelstahl-im-Holzrahmen-800x800\" itemprop=\"image\" title=\"Zerrspiegel-Edelstahl-im-Holzrahmen-800x800\" onerror=\"this.style.display='none'\"  \/>\n\t<table>\n<tbody>\n<tr>\n<td><b>Bezeichnung<\/b><\/td>\n<td><b>Art.Nr.<\/b><\/td>\n<\/tr>\n<tr>\n<td>Zerrspiegel im Holzrahmen<\/td>\n<td>02.0680<\/td>\n<\/tr>\n<\/tbody>\n<\/table>\n<p>&nbsp;<\/p>\n\t<h3>\n\t\t\t\t\tGerne nehmen wir Ihre Anfrage zum Produkt direkt hier entgegen.\n\t\t\t\t<\/h3>\n\t<div class=\"forminator-ui forminator-custom-form forminator-custom-form-522 forminator-design--material  forminator_ajax\" data-forminator-render=\"0\" data-form=\"forminator-module-522\" data-uid=\"69e733f6adf42\"><br\/><\/div><form\n\t\t\t\tid=\"forminator-module-522\"\n\t\t\t\tclass=\"forminator-ui forminator-custom-form forminator-custom-form-522 forminator-design--material  forminator_ajax\"\n\t\t\t\tmethod=\"post\"\n\t\t\t\tdata-forminator-render=\"0\"\n\t\t\t\tdata-form-id=\"522\"\n\t\t\t\t\n\t\t\t\tdata-design=\"material\"\n\t\t\t\t\n\t\t\t\t\n\t\t\t\t\n\t\t\t\tdata-grid=\"open\"\n\t\t\t\t\n\t\t\t\t\n\t\t\t\tstyle=\"display: none;\"\n\t\t\t\t\n\t\t\t\tdata-uid=\"69e733f6adf42\"\n\t\t\t><div role=\"alert\" aria-live=\"polite\" class=\"forminator-response-message forminator-error\" aria-hidden=\"true\"><\/div><div class=\"forminator-row\"><div id=\"name-1\" class=\"forminator-field-name forminator-col forminator-col-6 \"><div class=\"forminator-field\"><label for=\"forminator-field-name-1_69e733f6adf42\" id=\"forminator-field-name-1_69e733f6adf42-label\" class=\"forminator-label\">Name <span class=\"forminator-required\">*<\/span><\/label><input type=\"text\" name=\"name-1\" value=\"\" placeholder=\"\" id=\"forminator-field-name-1_69e733f6adf42\" class=\"forminator-input forminator-name--field\" aria-required=\"true\" \/><\/div><\/div><div id=\"text-1\" class=\"forminator-field-text forminator-col forminator-col-6 \"><div class=\"forminator-field\"><label for=\"forminator-field-text-1_69e733f6adf42\" id=\"forminator-field-text-1_69e733f6adf42-label\" class=\"forminator-label\">Firma<\/label><input type=\"text\" name=\"text-1\" value=\"\" placeholder=\"\" id=\"forminator-field-text-1_69e733f6adf42\" class=\"forminator-input forminator-name--field\" data-required=\"\" \/><\/div><\/div><\/div><div class=\"forminator-row\"><div id=\"email-1\" class=\"forminator-field-email forminator-col forminator-col-6 \"><div class=\"forminator-field\"><label for=\"forminator-field-email-1_69e733f6adf42\" id=\"forminator-field-email-1_69e733f6adf42-label\" class=\"forminator-label\">E-Mail-Adresse <span class=\"forminator-required\">*<\/span><\/label><input type=\"email\" name=\"email-1\" value=\"\" placeholder=\"\" id=\"forminator-field-email-1_69e733f6adf42\" class=\"forminator-input forminator-email--field\" data-required=\"true\" aria-required=\"true\" \/><\/div><\/div><div id=\"phone-1\" class=\"forminator-field-phone forminator-col forminator-col-6 \"><div class=\"forminator-field\"><label for=\"forminator-field-phone-1_69e733f6adf42\" id=\"forminator-field-phone-1_69e733f6adf42-label\" class=\"forminator-label\">Telefonnummer<\/label><input type=\"text\" name=\"phone-1\" value=\"\" placeholder=\"z. B. +49 3004005000\" id=\"forminator-field-phone-1_69e733f6adf42\" class=\"forminator-input forminator-field--phone\" data-required=\"\" aria-required=\"false\" autocomplete=\"off\" data-validation=\"1\" \/><\/div><\/div><\/div><div class=\"forminator-row\"><div id=\"address-1\" class=\"forminator-field-address forminator-col forminator-col-12 \"><div class=\"forminator-row\"><div id=\"address-1-street_address\" class=\"forminator-col\"><div class=\"forminator-field\"><label for=\"forminator-field-address-1-street_address_69e733f6adf42\" id=\"forminator-field-address-1-street_address_69e733f6adf42-label\" class=\"forminator-label\">Stra\u00dfe und Hausnummer <span class=\"forminator-required\">*<\/span><\/label><input type=\"text\" name=\"address-1-street_address\" placeholder=\"z. B. Hauptstra\u00dfe 123\" id=\"forminator-field-address-1-street_address_69e733f6adf42\" class=\"forminator-input\" data-required=\"1\" aria-required=\"true\" value=\"\" \/><\/div><\/div><\/div><div class=\"forminator-row\" data-multiple=\"false\"><div id=\"address-1-city\" class=\"forminator-col forminator-col-12\"><div class=\"forminator-field\"><label for=\"forminator-field-address-1-city_69e733f6adf42\" id=\"forminator-field-address-1-city_69e733f6adf42-label\" class=\"forminator-label\">Stadt<\/label><input type=\"text\" name=\"address-1-city\" placeholder=\"z. B. Berlin\" id=\"forminator-field-address-1-city_69e733f6adf42\" class=\"forminator-input\" data-required=\"\" aria-required=\"false\" value=\"\" \/><\/div><\/div><\/div><div class=\"forminator-row\" data-multiple=\"false\"><div id=\"address-1-zip\" class=\"forminator-col forminator-col-12\"><div class=\"forminator-field\"><label for=\"forminator-field-address-1-zip_69e733f6adf42\" id=\"forminator-field-address-1-zip_69e733f6adf42-label\" class=\"forminator-label\">ZIP \/ Postleitzahl <span class=\"forminator-required\">*<\/span><\/label><input type=\"text\" name=\"address-1-zip\" placeholder=\"z. B. 2000\" id=\"forminator-field-address-1-zip_69e733f6adf42\" class=\"forminator-input\" value=\"\" \/><\/div><\/div><\/div><\/div><\/div><div class=\"forminator-row\"><div id=\"textarea-1\" class=\"forminator-field-textarea forminator-col forminator-col-12 \"><div class=\"forminator-field\"><label for=\"forminator-field-textarea-1_69e733f6adf42\" id=\"forminator-field-textarea-1_69e733f6adf42-label\" class=\"forminator-label\">Nachricht <span class=\"forminator-required\">*<\/span><\/label><textarea name=\"textarea-1\" placeholder=\"\" id=\"forminator-field-textarea-1_69e733f6adf42\" class=\"forminator-textarea\" rows=\"6\" style=\"min-height:140px;\" ><\/textarea><\/div><\/div><\/div><div class=\"forminator-row\"><div id=\"consent-1\" class=\"forminator-field-consent forminator-col forminator-col-12 \"><div class=\"forminator-field\"><label for=\"forminator-field-consent-1_69e733f6adf42\" id=\"forminator-field-consent-1_69e733f6adf42-label\" class=\"forminator-label\">Consent <span class=\"forminator-required\">*<\/span><\/label><div class=\"forminator-checkbox__wrapper\"><label for=\"forminator-field-consent-1_69e733f6adf42\" id=\"forminator-field-consent-1_69e733f6adf42__label\" class=\"forminator-checkbox forminator-consent\" style=\"margin: 0;\"><input type=\"checkbox\" name=\"consent-1\" id=\"forminator-field-consent-1_69e733f6adf42\" value=\"checked\" aria-labelledby=\"forminator-field-consent-1_69e733f6adf42-label\" aria-describedby=\"forminator-field-consent-1_69e733f6adf42__description\" data-required=\"true\" aria-required=\"true\" \/><span class=\"forminator-checkbox-box\" aria-hidden=\"true\"><\/span><\/label><div id=\"forminator-field-consent-1_69e733f6adf42__description\" class=\"forminator-checkbox__label forminator-consent__label\"><p>Ich habe die <a href=\"https:\/\/www.brio-spiegel.de\/wordpress\/datenschutz\/\">Datenschutzbestimmungen<\/a> gelesen und bin damit einverstanden.<\/p><\/div><\/div><\/div><\/div><\/div><div class=\"forminator-row\"><div id=\"captcha-1\" class=\"forminator-field-captcha forminator-col forminator-col-12 \"><div class=\"forminator-captcha-left forminator-hcaptcha\" data-theme=\"light\"  data-sitekey=\"6893feeb-d313-418d-8b0e-4163ff8d298e\" data-size=\"normal\"><\/div> <\/div><\/div><input type=\"hidden\" name=\"referer_url\" value=\"\" \/><div class=\"forminator-row forminator-row-last\"><div class=\"forminator-col\"><div class=\"forminator-field\"><button class=\"forminator-button forminator-button-submit\"><span>Anfrage Senden<\/span><span aria-hidden=\"true\"><\/span><\/button><\/div><\/div><\/div><input type=\"hidden\" id=\"forminator_nonce\" name=\"forminator_nonce\" value=\"c7309f2fc1\" \/><input type=\"hidden\" name=\"_wp_http_referer\" value=\"\/wordpress\/wp-json\/wp\/v2\/pages\/788\" \/><input type=\"hidden\" name=\"form_id\" value=\"522\"><input type=\"hidden\" name=\"page_id\" value=\"788\"><input type=\"hidden\" name=\"form_type\" value=\"default\"><input type=\"hidden\" name=\"current_url\" value=\"https:\/\/www.brio-spiegel.de\/wordpress\/metallspiegel\/zerrspiegel-im-holzrahmen\/\"><input type=\"hidden\" name=\"render_id\" value=\"0\"><input type=\"hidden\" name=\"action\" value=\"forminator_submit_form_custom-forms\"><label for=\"input_8\" class=\"forminator-hidden\" aria-hidden=\"true\">Bitte f\u00fclle dieses Feld nicht aus. <input id=\"input_8\" type=\"text\" name=\"input_8\" value=\"\" autocomplete=\"off\"><\/label><\/form>\n\n","protected":false},"excerpt":{"rendered":"<p>Zerrspiegel im Holzrahmen Zerrspiegel sorgen f\u00fcr Spa\u00df und Aufmerksamkeit &#8211; Hervorragend geeignet f\u00fcr Messen, Freizeitparks, Schulen etc. Der Metallspiegel bekommt durch die Verspannung im Holzrahmen seine Kontur. Dadurch erscheinen, wenn der Spiegel l\u00e4ngs aufgeh\u00e4ngt wird, die abgebildeten Teil lang und schmal und wenn er quer aufgeh\u00e4ngt wird, bekommen die Teile eine leichte W\u00f6lbung und werden &hellip;<\/p>\n<p class=\"read-more\"> <a class=\"\" href=\"https:\/\/www.brio-spiegel.de\/wordpress\/metallspiegel\/zerrspiegel-im-holzrahmen\/\"> <span class=\"screen-reader-text\">Zerrspiegel im Holzrahmen<\/span> Weiterlesen &raquo;<\/a><\/p>\n","protected":false},"author":1,"featured_media":0,"parent":641,"menu_order":0,"comment_status":"closed","ping_status":"closed","template":"","meta":{"site-sidebar-layout":"no-sidebar","site-content-layout":"page-builder","ast-site-content-layout":"","site-content-style":"default","site-sidebar-style":"default","ast-global-header-display":"","ast-banner-title-visibility":"","ast-main-header-display":"","ast-hfb-above-header-display":"","ast-hfb-below-header-display":"","ast-hfb-mobile-header-display":"","site-post-title":"disabled","ast-breadcrumbs-content":"","ast-featured-img":"disabled","footer-sml-layout":"","theme-transparent-header-meta":"enabled","adv-header-id-meta":"","stick-header-meta":"","header-above-stick-meta":"","header-main-stick-meta":"","header-below-stick-meta":"","astra-migrate-meta-layouts":"","footnotes":""},"class_list":["post-788","page","type-page","status-publish","hentry"],"yoast_head":"<!-- This site is optimized with the Yoast SEO Premium plugin v24.5 (Yoast SEO v24.5) - https:\/\/yoast.com\/wordpress\/plugins\/seo\/ -->\n<title>Zerrspiegel im Holzrahmen - BRIO Kontrollspiegel GmbH<\/title>\n<meta name=\"description\" content=\"Zerrspiegel im Holzrahmen - BRIO Kontrollspiegel GmbH\" \/>\n<meta name=\"robots\" content=\"index, follow, max-snippet:-1, max-image-preview:large, max-video-preview:-1\" \/>\n<link rel=\"canonical\" href=\"https:\/\/www.brio-spiegel.de\/wordpress\/metallspiegel\/zerrspiegel-im-holzrahmen\/\" \/>\n<meta property=\"og:locale\" content=\"de_DE\" \/>\n<meta property=\"og:type\" content=\"article\" \/>\n<meta property=\"og:title\" content=\"Zerrspiegel im Holzrahmen\" \/>\n<meta property=\"og:description\" content=\"Zerrspiegel im Holzrahmen - BRIO Kontrollspiegel GmbH\" \/>\n<meta property=\"og:url\" content=\"https:\/\/www.brio-spiegel.de\/wordpress\/metallspiegel\/zerrspiegel-im-holzrahmen\/\" \/>\n<meta property=\"og:site_name\" content=\"BRIO Kontrollspiegel GmbH\" \/>\n<meta property=\"article:modified_time\" content=\"2023-08-15T13:52:50+00:00\" \/>\n<meta property=\"og:image\" content=\"https:\/\/www.briospiegel.alfahosting.org\/wordpress\/wp-content\/uploads\/2023\/06\/Zerrspiegel-Edelstahl-im-Holzrahmen-800x800-1.jpg\" \/>\n<meta name=\"twitter:card\" content=\"summary_large_image\" \/>\n<meta name=\"twitter:label1\" content=\"Est. reading time\" \/>\n\t<meta name=\"twitter:data1\" content=\"1\u00a0Minute\" \/>\n<script type=\"application\/ld+json\" class=\"yoast-schema-graph\">{\"@context\":\"https:\/\/schema.org\",\"@graph\":[{\"@type\":\"Article\",\"@id\":\"https:\/\/www.brio-spiegel.de\/wordpress\/metallspiegel\/zerrspiegel-im-holzrahmen\/#article\",\"isPartOf\":{\"@id\":\"https:\/\/www.brio-spiegel.de\/wordpress\/metallspiegel\/zerrspiegel-im-holzrahmen\/\"},\"author\":{\"name\":\"Brio_Admin\",\"@id\":\"https:\/\/www.brio-spiegel.de\/wordpress\/#\/schema\/person\/fc830161c362fc9d9e216f56383fd2cc\"},\"headline\":\"Zerrspiegel im Holzrahmen\",\"datePublished\":\"2023-06-07T17:41:31+00:00\",\"dateModified\":\"2023-08-15T13:52:50+00:00\",\"mainEntityOfPage\":{\"@id\":\"https:\/\/www.brio-spiegel.de\/wordpress\/metallspiegel\/zerrspiegel-im-holzrahmen\/\"},\"wordCount\":108,\"publisher\":{\"@id\":\"https:\/\/www.brio-spiegel.de\/wordpress\/#organization\"},\"image\":{\"@id\":\"https:\/\/www.brio-spiegel.de\/wordpress\/metallspiegel\/zerrspiegel-im-holzrahmen\/#primaryimage\"},\"thumbnailUrl\":\"https:\/\/www.briospiegel.alfahosting.org\/wordpress\/wp-content\/uploads\/2023\/06\/Zerrspiegel-Edelstahl-im-Holzrahmen-800x800-1.jpg\",\"inLanguage\":\"de\"},{\"@type\":\"WebPage\",\"@id\":\"https:\/\/www.brio-spiegel.de\/wordpress\/metallspiegel\/zerrspiegel-im-holzrahmen\/\",\"url\":\"https:\/\/www.brio-spiegel.de\/wordpress\/metallspiegel\/zerrspiegel-im-holzrahmen\/\",\"name\":\"Zerrspiegel im Holzrahmen - BRIO Kontrollspiegel GmbH\",\"isPartOf\":{\"@id\":\"https:\/\/www.brio-spiegel.de\/wordpress\/#website\"},\"primaryImageOfPage\":{\"@id\":\"https:\/\/www.brio-spiegel.de\/wordpress\/metallspiegel\/zerrspiegel-im-holzrahmen\/#primaryimage\"},\"image\":{\"@id\":\"https:\/\/www.brio-spiegel.de\/wordpress\/metallspiegel\/zerrspiegel-im-holzrahmen\/#primaryimage\"},\"thumbnailUrl\":\"https:\/\/www.briospiegel.alfahosting.org\/wordpress\/wp-content\/uploads\/2023\/06\/Zerrspiegel-Edelstahl-im-Holzrahmen-800x800-1.jpg\",\"datePublished\":\"2023-06-07T17:41:31+00:00\",\"dateModified\":\"2023-08-15T13:52:50+00:00\",\"description\":\"Zerrspiegel im Holzrahmen - BRIO Kontrollspiegel GmbH\",\"breadcrumb\":{\"@id\":\"https:\/\/www.brio-spiegel.de\/wordpress\/metallspiegel\/zerrspiegel-im-holzrahmen\/#breadcrumb\"},\"inLanguage\":\"de\",\"potentialAction\":[{\"@type\":\"ReadAction\",\"target\":[\"https:\/\/www.brio-spiegel.de\/wordpress\/metallspiegel\/zerrspiegel-im-holzrahmen\/\"]}]},{\"@type\":\"ImageObject\",\"inLanguage\":\"de\",\"@id\":\"https:\/\/www.brio-spiegel.de\/wordpress\/metallspiegel\/zerrspiegel-im-holzrahmen\/#primaryimage\",\"url\":\"https:\/\/www.briospiegel.alfahosting.org\/wordpress\/wp-content\/uploads\/2023\/06\/Zerrspiegel-Edelstahl-im-Holzrahmen-800x800-1.jpg\",\"contentUrl\":\"https:\/\/www.briospiegel.alfahosting.org\/wordpress\/wp-content\/uploads\/2023\/06\/Zerrspiegel-Edelstahl-im-Holzrahmen-800x800-1.jpg\"},{\"@type\":\"BreadcrumbList\",\"@id\":\"https:\/\/www.brio-spiegel.de\/wordpress\/metallspiegel\/zerrspiegel-im-holzrahmen\/#breadcrumb\",\"itemListElement\":[{\"@type\":\"ListItem\",\"position\":1,\"name\":\"Startseite\",\"item\":\"https:\/\/www.brio-spiegel.de\/wordpress\/\"},{\"@type\":\"ListItem\",\"position\":2,\"name\":\"Metallspiegel\",\"item\":\"https:\/\/www.brio-spiegel.de\/wordpress\/metallspiegel\/\"},{\"@type\":\"ListItem\",\"position\":3,\"name\":\"Zerrspiegel im Holzrahmen\"}]},{\"@type\":\"WebSite\",\"@id\":\"https:\/\/www.brio-spiegel.de\/wordpress\/#website\",\"url\":\"https:\/\/www.brio-spiegel.de\/wordpress\/\",\"name\":\"BRIO Kontrollspiegel GmbH\",\"description\":\"BRIO Kontrollspiegel GmbH\",\"publisher\":{\"@id\":\"https:\/\/www.brio-spiegel.de\/wordpress\/#organization\"},\"potentialAction\":[{\"@type\":\"SearchAction\",\"target\":{\"@type\":\"EntryPoint\",\"urlTemplate\":\"https:\/\/www.brio-spiegel.de\/wordpress\/?s={search_term_string}\"},\"query-input\":{\"@type\":\"PropertyValueSpecification\",\"valueRequired\":true,\"valueName\":\"search_term_string\"}}],\"inLanguage\":\"de\"},{\"@type\":\"Organization\",\"@id\":\"https:\/\/www.brio-spiegel.de\/wordpress\/#organization\",\"name\":\"BRIO Kontrollspiegel GmbH\",\"url\":\"https:\/\/www.brio-spiegel.de\/wordpress\/\",\"logo\":{\"@type\":\"ImageObject\",\"inLanguage\":\"de\",\"@id\":\"https:\/\/www.brio-spiegel.de\/wordpress\/#\/schema\/logo\/image\/\",\"url\":\"https:\/\/www.brio-spiegel.de\/wordpress\/wp-content\/uploads\/2023\/08\/cropped-Logo_Transparent.png\",\"contentUrl\":\"https:\/\/www.brio-spiegel.de\/wordpress\/wp-content\/uploads\/2023\/08\/cropped-Logo_Transparent.png\",\"width\":10905,\"height\":6768,\"caption\":\"BRIO Kontrollspiegel GmbH\"},\"image\":{\"@id\":\"https:\/\/www.brio-spiegel.de\/wordpress\/#\/schema\/logo\/image\/\"}},{\"@type\":\"Person\",\"@id\":\"https:\/\/www.brio-spiegel.de\/wordpress\/#\/schema\/person\/fc830161c362fc9d9e216f56383fd2cc\",\"name\":\"Brio_Admin\",\"image\":{\"@type\":\"ImageObject\",\"inLanguage\":\"de\",\"@id\":\"https:\/\/www.brio-spiegel.de\/wordpress\/#\/schema\/person\/image\/\",\"url\":\"https:\/\/secure.gravatar.com\/avatar\/6538958a397f09444d93e84cbdfa48cd85b5af8d2fd4aae639cf5b93106b727a?s=96&d=mm&r=g\",\"contentUrl\":\"https:\/\/secure.gravatar.com\/avatar\/6538958a397f09444d93e84cbdfa48cd85b5af8d2fd4aae639cf5b93106b727a?s=96&d=mm&r=g\",\"caption\":\"Brio_Admin\"},\"sameAs\":[\"https:\/\/www.briospiegel.alfahosting.org\/\"],\"url\":\"https:\/\/www.brio-spiegel.de\/wordpress\/author\/brio_admin\/\"}]}<\/script>\n<!-- \/ Yoast SEO Premium plugin. -->","yoast_head_json":{"title":"Zerrspiegel im Holzrahmen - BRIO Kontrollspiegel GmbH","description":"Zerrspiegel im Holzrahmen - BRIO Kontrollspiegel GmbH","robots":{"index":"index","follow":"follow","max-snippet":"max-snippet:-1","max-image-preview":"max-image-preview:large","max-video-preview":"max-video-preview:-1"},"canonical":"https:\/\/www.brio-spiegel.de\/wordpress\/metallspiegel\/zerrspiegel-im-holzrahmen\/","og_locale":"de_DE","og_type":"article","og_title":"Zerrspiegel im Holzrahmen","og_description":"Zerrspiegel im Holzrahmen - BRIO Kontrollspiegel GmbH","og_url":"https:\/\/www.brio-spiegel.de\/wordpress\/metallspiegel\/zerrspiegel-im-holzrahmen\/","og_site_name":"BRIO Kontrollspiegel GmbH","article_modified_time":"2023-08-15T13:52:50+00:00","og_image":[{"url":"https:\/\/www.briospiegel.alfahosting.org\/wordpress\/wp-content\/uploads\/2023\/06\/Zerrspiegel-Edelstahl-im-Holzrahmen-800x800-1.jpg","type":"","width":"","height":""}],"twitter_card":"summary_large_image","twitter_misc":{"Est. reading time":"1\u00a0Minute"},"schema":{"@context":"https:\/\/schema.org","@graph":[{"@type":"Article","@id":"https:\/\/www.brio-spiegel.de\/wordpress\/metallspiegel\/zerrspiegel-im-holzrahmen\/#article","isPartOf":{"@id":"https:\/\/www.brio-spiegel.de\/wordpress\/metallspiegel\/zerrspiegel-im-holzrahmen\/"},"author":{"name":"Brio_Admin","@id":"https:\/\/www.brio-spiegel.de\/wordpress\/#\/schema\/person\/fc830161c362fc9d9e216f56383fd2cc"},"headline":"Zerrspiegel im Holzrahmen","datePublished":"2023-06-07T17:41:31+00:00","dateModified":"2023-08-15T13:52:50+00:00","mainEntityOfPage":{"@id":"https:\/\/www.brio-spiegel.de\/wordpress\/metallspiegel\/zerrspiegel-im-holzrahmen\/"},"wordCount":108,"publisher":{"@id":"https:\/\/www.brio-spiegel.de\/wordpress\/#organization"},"image":{"@id":"https:\/\/www.brio-spiegel.de\/wordpress\/metallspiegel\/zerrspiegel-im-holzrahmen\/#primaryimage"},"thumbnailUrl":"https:\/\/www.briospiegel.alfahosting.org\/wordpress\/wp-content\/uploads\/2023\/06\/Zerrspiegel-Edelstahl-im-Holzrahmen-800x800-1.jpg","inLanguage":"de"},{"@type":"WebPage","@id":"https:\/\/www.brio-spiegel.de\/wordpress\/metallspiegel\/zerrspiegel-im-holzrahmen\/","url":"https:\/\/www.brio-spiegel.de\/wordpress\/metallspiegel\/zerrspiegel-im-holzrahmen\/","name":"Zerrspiegel im Holzrahmen - BRIO Kontrollspiegel GmbH","isPartOf":{"@id":"https:\/\/www.brio-spiegel.de\/wordpress\/#website"},"primaryImageOfPage":{"@id":"https:\/\/www.brio-spiegel.de\/wordpress\/metallspiegel\/zerrspiegel-im-holzrahmen\/#primaryimage"},"image":{"@id":"https:\/\/www.brio-spiegel.de\/wordpress\/metallspiegel\/zerrspiegel-im-holzrahmen\/#primaryimage"},"thumbnailUrl":"https:\/\/www.briospiegel.alfahosting.org\/wordpress\/wp-content\/uploads\/2023\/06\/Zerrspiegel-Edelstahl-im-Holzrahmen-800x800-1.jpg","datePublished":"2023-06-07T17:41:31+00:00","dateModified":"2023-08-15T13:52:50+00:00","description":"Zerrspiegel im Holzrahmen - BRIO Kontrollspiegel GmbH","breadcrumb":{"@id":"https:\/\/www.brio-spiegel.de\/wordpress\/metallspiegel\/zerrspiegel-im-holzrahmen\/#breadcrumb"},"inLanguage":"de","potentialAction":[{"@type":"ReadAction","target":["https:\/\/www.brio-spiegel.de\/wordpress\/metallspiegel\/zerrspiegel-im-holzrahmen\/"]}]},{"@type":"ImageObject","inLanguage":"de","@id":"https:\/\/www.brio-spiegel.de\/wordpress\/metallspiegel\/zerrspiegel-im-holzrahmen\/#primaryimage","url":"https:\/\/www.briospiegel.alfahosting.org\/wordpress\/wp-content\/uploads\/2023\/06\/Zerrspiegel-Edelstahl-im-Holzrahmen-800x800-1.jpg","contentUrl":"https:\/\/www.briospiegel.alfahosting.org\/wordpress\/wp-content\/uploads\/2023\/06\/Zerrspiegel-Edelstahl-im-Holzrahmen-800x800-1.jpg"},{"@type":"BreadcrumbList","@id":"https:\/\/www.brio-spiegel.de\/wordpress\/metallspiegel\/zerrspiegel-im-holzrahmen\/#breadcrumb","itemListElement":[{"@type":"ListItem","position":1,"name":"Startseite","item":"https:\/\/www.brio-spiegel.de\/wordpress\/"},{"@type":"ListItem","position":2,"name":"Metallspiegel","item":"https:\/\/www.brio-spiegel.de\/wordpress\/metallspiegel\/"},{"@type":"ListItem","position":3,"name":"Zerrspiegel im Holzrahmen"}]},{"@type":"WebSite","@id":"https:\/\/www.brio-spiegel.de\/wordpress\/#website","url":"https:\/\/www.brio-spiegel.de\/wordpress\/","name":"BRIO Kontrollspiegel GmbH","description":"BRIO Kontrollspiegel GmbH","publisher":{"@id":"https:\/\/www.brio-spiegel.de\/wordpress\/#organization"},"potentialAction":[{"@type":"SearchAction","target":{"@type":"EntryPoint","urlTemplate":"https:\/\/www.brio-spiegel.de\/wordpress\/?s={search_term_string}"},"query-input":{"@type":"PropertyValueSpecification","valueRequired":true,"valueName":"search_term_string"}}],"inLanguage":"de"},{"@type":"Organization","@id":"https:\/\/www.brio-spiegel.de\/wordpress\/#organization","name":"BRIO Kontrollspiegel GmbH","url":"https:\/\/www.brio-spiegel.de\/wordpress\/","logo":{"@type":"ImageObject","inLanguage":"de","@id":"https:\/\/www.brio-spiegel.de\/wordpress\/#\/schema\/logo\/image\/","url":"https:\/\/www.brio-spiegel.de\/wordpress\/wp-content\/uploads\/2023\/08\/cropped-Logo_Transparent.png","contentUrl":"https:\/\/www.brio-spiegel.de\/wordpress\/wp-content\/uploads\/2023\/08\/cropped-Logo_Transparent.png","width":10905,"height":6768,"caption":"BRIO Kontrollspiegel GmbH"},"image":{"@id":"https:\/\/www.brio-spiegel.de\/wordpress\/#\/schema\/logo\/image\/"}},{"@type":"Person","@id":"https:\/\/www.brio-spiegel.de\/wordpress\/#\/schema\/person\/fc830161c362fc9d9e216f56383fd2cc","name":"Brio_Admin","image":{"@type":"ImageObject","inLanguage":"de","@id":"https:\/\/www.brio-spiegel.de\/wordpress\/#\/schema\/person\/image\/","url":"https:\/\/secure.gravatar.com\/avatar\/6538958a397f09444d93e84cbdfa48cd85b5af8d2fd4aae639cf5b93106b727a?s=96&d=mm&r=g","contentUrl":"https:\/\/secure.gravatar.com\/avatar\/6538958a397f09444d93e84cbdfa48cd85b5af8d2fd4aae639cf5b93106b727a?s=96&d=mm&r=g","caption":"Brio_Admin"},"sameAs":["https:\/\/www.briospiegel.alfahosting.org\/"],"url":"https:\/\/www.brio-spiegel.de\/wordpress\/author\/brio_admin\/"}]}},"_links":{"self":[{"href":"https:\/\/www.brio-spiegel.de\/wordpress\/wp-json\/wp\/v2\/pages\/788","targetHints":{"allow":["GET"]}}],"collection":[{"href":"https:\/\/www.brio-spiegel.de\/wordpress\/wp-json\/wp\/v2\/pages"}],"about":[{"href":"https:\/\/www.brio-spiegel.de\/wordpress\/wp-json\/wp\/v2\/types\/page"}],"author":[{"embeddable":true,"href":"https:\/\/www.brio-spiegel.de\/wordpress\/wp-json\/wp\/v2\/users\/1"}],"replies":[{"embeddable":true,"href":"https:\/\/www.brio-spiegel.de\/wordpress\/wp-json\/wp\/v2\/comments?post=788"}],"version-history":[{"count":3,"href":"https:\/\/www.brio-spiegel.de\/wordpress\/wp-json\/wp\/v2\/pages\/788\/revisions"}],"predecessor-version":[{"id":1134,"href":"https:\/\/www.brio-spiegel.de\/wordpress\/wp-json\/wp\/v2\/pages\/788\/revisions\/1134"}],"up":[{"embeddable":true,"href":"https:\/\/www.brio-spiegel.de\/wordpress\/wp-json\/wp\/v2\/pages\/641"}],"wp:attachment":[{"href":"https:\/\/www.brio-spiegel.de\/wordpress\/wp-json\/wp\/v2\/media?parent=788"}],"curies":[{"name":"wp","href":"https:\/\/api.w.org\/{rel}","templated":true}]}}