{"id":613,"date":"2023-06-07T12:11:03","date_gmt":"2023-06-07T10:11:03","guid":{"rendered":"https:\/\/www.briospiegel.alfahosting.org\/wordpress\/?page_id=613"},"modified":"2025-03-03T17:30:58","modified_gmt":"2025-03-03T16:30:58","slug":"glasspiegel-fuer-sanitaerbereiche","status":"publish","type":"page","link":"https:\/\/www.brio-spiegel.de\/wordpress\/glas-spiegel\/glasspiegel-fuer-sanitaerbereiche\/","title":{"rendered":"Glasspiegel f\u00fcr Sanit\u00e4rbereiche"},"content":{"rendered":"\n\n\t<h1>\n\t\t\t\t\tGlasspiegel f\u00fcr Sanit\u00e4rbereiche\n\t\t\t\t<\/h1>\n\t\n\t\t\t<header>\n<p>Sanit\u00e4rglasspiegel werden \u00fcberall im Bad- und Duschbereich eingesetzt. Sie sind sowohl als Rechteck- als auch als Rundspiegel zu erhalten. Die Ausf\u00fchrung kann individuell gestaltet werden. Die Kristallglasspiegel k\u00f6nnen in verschiedenen St\u00e4rken hergestellt werden, wobei die Gr\u00f6\u00dfe jedoch zu der Materialst\u00e4rke immer in einem bestimmten Verh\u00e4ltnis stehen muss, um die Bruchgefahr zu vermindern. Wir k\u00f6nnen Ihnen Spiegel in folgenden Ausf\u00fchrungen anbieten: einfach rechteckig, rechteckig mit Facette, oval oder rund, normale Schnittkanten oder mit Facette. Es sind alle M\u00f6glichkeiten von der Fertigungstechnik her bei uns gegeben. Bitte fragen Sie uns an, wenn Sie einen besonderen Wunsch haben, k\u00f6nnen wir Ihnen auch diesen erf\u00fcllen. Die Verpackung ist bei diesen Spiegeln auch heute noch ein recht gro\u00dfes Problem. Besonders, wenn die Spiegel gro\u00dfe Abmessungen haben, ist es nur m\u00f6glich, die Spiegel auf Glastransportgestellen zu transportieren.<\/p>\n<\/header>\n\t\t\t\t<img loading=\"lazy\" decoding=\"async\" src=\"https:\/\/www.brio-spiegel.de\/wordpress\/wp-content\/uploads\/2023\/06\/glasspiegel-im-sanitaerbereich-e1418807452821.jpg\" alt=\"glasspiegel-im-sanitaerbereich-e1418807452821\" itemprop=\"image\" height=\"215\" width=\"250\" title=\"glasspiegel-im-sanitaerbereich-e1418807452821\" onerror=\"this.style.display='none'\"  \/>\n\t<table>\n<tbody>\n<tr>\n<td><b>Bezeichnung<\/b><\/td>\n<td><b>Art.Nr.<\/b><\/td>\n<\/tr>\n<tr>\n<td>400 x 500 mm<\/td>\n<td>01.0270<\/td>\n<\/tr>\n<tr>\n<td>400 x 600 mm<\/td>\n<td>01.0275<\/td>\n<\/tr>\n<tr>\n<td>500 x 600 mm<\/td>\n<td>01.0280<\/td>\n<\/tr>\n<\/tbody>\n<\/table>\n<p>&nbsp;<\/p>\n\t<h3>\n\t\t\t\t\tGerne nehmen wir Ihre Anfrage zum Produkt direkt hier entgegen.\n\t\t\t\t<\/h3>\n\t<div class=\"forminator-ui forminator-custom-form forminator-custom-form-522 forminator-design--material  forminator_ajax\" data-forminator-render=\"0\" data-form=\"forminator-module-522\" data-uid=\"69e33d6d64087\"><br\/><\/div><form\n\t\t\t\tid=\"forminator-module-522\"\n\t\t\t\tclass=\"forminator-ui forminator-custom-form forminator-custom-form-522 forminator-design--material  forminator_ajax\"\n\t\t\t\tmethod=\"post\"\n\t\t\t\tdata-forminator-render=\"0\"\n\t\t\t\tdata-form-id=\"522\"\n\t\t\t\t\n\t\t\t\tdata-design=\"material\"\n\t\t\t\t\n\t\t\t\t\n\t\t\t\t\n\t\t\t\tdata-grid=\"open\"\n\t\t\t\t\n\t\t\t\t\n\t\t\t\tstyle=\"display: none;\"\n\t\t\t\t\n\t\t\t\tdata-uid=\"69e33d6d64087\"\n\t\t\t><div role=\"alert\" aria-live=\"polite\" class=\"forminator-response-message forminator-error\" aria-hidden=\"true\"><\/div><div class=\"forminator-row\"><div id=\"name-1\" class=\"forminator-field-name forminator-col forminator-col-6 \"><div class=\"forminator-field\"><label for=\"forminator-field-name-1_69e33d6d64087\" id=\"forminator-field-name-1_69e33d6d64087-label\" class=\"forminator-label\">Name <span class=\"forminator-required\">*<\/span><\/label><input type=\"text\" name=\"name-1\" value=\"\" placeholder=\"\" id=\"forminator-field-name-1_69e33d6d64087\" class=\"forminator-input forminator-name--field\" aria-required=\"true\" \/><\/div><\/div><div id=\"text-1\" class=\"forminator-field-text forminator-col forminator-col-6 \"><div class=\"forminator-field\"><label for=\"forminator-field-text-1_69e33d6d64087\" id=\"forminator-field-text-1_69e33d6d64087-label\" class=\"forminator-label\">Firma<\/label><input type=\"text\" name=\"text-1\" value=\"\" placeholder=\"\" id=\"forminator-field-text-1_69e33d6d64087\" class=\"forminator-input forminator-name--field\" data-required=\"\" \/><\/div><\/div><\/div><div class=\"forminator-row\"><div id=\"email-1\" class=\"forminator-field-email forminator-col forminator-col-6 \"><div class=\"forminator-field\"><label for=\"forminator-field-email-1_69e33d6d64087\" id=\"forminator-field-email-1_69e33d6d64087-label\" class=\"forminator-label\">E-Mail-Adresse <span class=\"forminator-required\">*<\/span><\/label><input type=\"email\" name=\"email-1\" value=\"\" placeholder=\"\" id=\"forminator-field-email-1_69e33d6d64087\" class=\"forminator-input forminator-email--field\" data-required=\"true\" aria-required=\"true\" \/><\/div><\/div><div id=\"phone-1\" class=\"forminator-field-phone forminator-col forminator-col-6 \"><div class=\"forminator-field\"><label for=\"forminator-field-phone-1_69e33d6d64087\" id=\"forminator-field-phone-1_69e33d6d64087-label\" class=\"forminator-label\">Telefonnummer<\/label><input type=\"text\" name=\"phone-1\" value=\"\" placeholder=\"z. B. +49 3004005000\" id=\"forminator-field-phone-1_69e33d6d64087\" class=\"forminator-input forminator-field--phone\" data-required=\"\" aria-required=\"false\" autocomplete=\"off\" data-validation=\"1\" \/><\/div><\/div><\/div><div class=\"forminator-row\"><div id=\"address-1\" class=\"forminator-field-address forminator-col forminator-col-12 \"><div class=\"forminator-row\"><div id=\"address-1-street_address\" class=\"forminator-col\"><div class=\"forminator-field\"><label for=\"forminator-field-address-1-street_address_69e33d6d64087\" id=\"forminator-field-address-1-street_address_69e33d6d64087-label\" class=\"forminator-label\">Stra\u00dfe und Hausnummer <span class=\"forminator-required\">*<\/span><\/label><input type=\"text\" name=\"address-1-street_address\" placeholder=\"z. B. Hauptstra\u00dfe 123\" id=\"forminator-field-address-1-street_address_69e33d6d64087\" class=\"forminator-input\" data-required=\"1\" aria-required=\"true\" value=\"\" \/><\/div><\/div><\/div><div class=\"forminator-row\" data-multiple=\"false\"><div id=\"address-1-city\" class=\"forminator-col forminator-col-12\"><div class=\"forminator-field\"><label for=\"forminator-field-address-1-city_69e33d6d64087\" id=\"forminator-field-address-1-city_69e33d6d64087-label\" class=\"forminator-label\">Stadt<\/label><input type=\"text\" name=\"address-1-city\" placeholder=\"z. B. Berlin\" id=\"forminator-field-address-1-city_69e33d6d64087\" class=\"forminator-input\" data-required=\"\" aria-required=\"false\" value=\"\" \/><\/div><\/div><\/div><div class=\"forminator-row\" data-multiple=\"false\"><div id=\"address-1-zip\" class=\"forminator-col forminator-col-12\"><div class=\"forminator-field\"><label for=\"forminator-field-address-1-zip_69e33d6d64087\" id=\"forminator-field-address-1-zip_69e33d6d64087-label\" class=\"forminator-label\">ZIP \/ Postleitzahl <span class=\"forminator-required\">*<\/span><\/label><input type=\"text\" name=\"address-1-zip\" placeholder=\"z. B. 2000\" id=\"forminator-field-address-1-zip_69e33d6d64087\" class=\"forminator-input\" value=\"\" \/><\/div><\/div><\/div><\/div><\/div><div class=\"forminator-row\"><div id=\"textarea-1\" class=\"forminator-field-textarea forminator-col forminator-col-12 \"><div class=\"forminator-field\"><label for=\"forminator-field-textarea-1_69e33d6d64087\" id=\"forminator-field-textarea-1_69e33d6d64087-label\" class=\"forminator-label\">Nachricht <span class=\"forminator-required\">*<\/span><\/label><textarea name=\"textarea-1\" placeholder=\"\" id=\"forminator-field-textarea-1_69e33d6d64087\" class=\"forminator-textarea\" rows=\"6\" style=\"min-height:140px;\" ><\/textarea><\/div><\/div><\/div><div class=\"forminator-row\"><div id=\"consent-1\" class=\"forminator-field-consent forminator-col forminator-col-12 \"><div class=\"forminator-field\"><label for=\"forminator-field-consent-1_69e33d6d64087\" id=\"forminator-field-consent-1_69e33d6d64087-label\" class=\"forminator-label\">Consent <span class=\"forminator-required\">*<\/span><\/label><div class=\"forminator-checkbox__wrapper\"><label for=\"forminator-field-consent-1_69e33d6d64087\" id=\"forminator-field-consent-1_69e33d6d64087__label\" class=\"forminator-checkbox forminator-consent\" style=\"margin: 0;\"><input type=\"checkbox\" name=\"consent-1\" id=\"forminator-field-consent-1_69e33d6d64087\" value=\"checked\" aria-labelledby=\"forminator-field-consent-1_69e33d6d64087-label\" aria-describedby=\"forminator-field-consent-1_69e33d6d64087__description\" data-required=\"true\" aria-required=\"true\" \/><span class=\"forminator-checkbox-box\" aria-hidden=\"true\"><\/span><\/label><div id=\"forminator-field-consent-1_69e33d6d64087__description\" class=\"forminator-checkbox__label forminator-consent__label\"><p>Ich habe die <a href=\"https:\/\/www.brio-spiegel.de\/wordpress\/datenschutz\/\">Datenschutzbestimmungen<\/a> gelesen und bin damit einverstanden.<\/p><\/div><\/div><\/div><\/div><\/div><div class=\"forminator-row\"><div id=\"captcha-1\" class=\"forminator-field-captcha forminator-col forminator-col-12 \"><div class=\"forminator-captcha-left forminator-hcaptcha\" data-theme=\"light\"  data-sitekey=\"6893feeb-d313-418d-8b0e-4163ff8d298e\" data-size=\"normal\"><\/div> <\/div><\/div><input type=\"hidden\" name=\"referer_url\" value=\"\" \/><div class=\"forminator-row forminator-row-last\"><div class=\"forminator-col\"><div class=\"forminator-field\"><button class=\"forminator-button forminator-button-submit\"><span>Anfrage Senden<\/span><span aria-hidden=\"true\"><\/span><\/button><\/div><\/div><\/div><input type=\"hidden\" id=\"forminator_nonce\" name=\"forminator_nonce\" value=\"ba184bd8a0\" \/><input type=\"hidden\" name=\"_wp_http_referer\" value=\"\/wordpress\/wp-json\/wp\/v2\/pages\/613\" \/><input type=\"hidden\" name=\"form_id\" value=\"522\"><input type=\"hidden\" name=\"page_id\" value=\"613\"><input type=\"hidden\" name=\"form_type\" value=\"default\"><input type=\"hidden\" name=\"current_url\" value=\"https:\/\/www.brio-spiegel.de\/wordpress\/glas-spiegel\/glasspiegel-fuer-sanitaerbereiche\/\"><input type=\"hidden\" name=\"render_id\" value=\"0\"><input type=\"hidden\" name=\"action\" value=\"forminator_submit_form_custom-forms\"><label for=\"input_8\" class=\"forminator-hidden\" aria-hidden=\"true\">Bitte f\u00fclle dieses Feld nicht aus. <input id=\"input_8\" type=\"text\" name=\"input_8\" value=\"\" autocomplete=\"off\"><\/label><\/form>\n\n","protected":false},"excerpt":{"rendered":"<p>Glasspiegel f\u00fcr Sanit\u00e4rbereiche Sanit\u00e4rglasspiegel werden \u00fcberall im Bad- und Duschbereich eingesetzt. Sie sind sowohl als Rechteck- als auch als Rundspiegel zu erhalten. Die Ausf\u00fchrung kann individuell gestaltet werden. Die Kristallglasspiegel k\u00f6nnen in verschiedenen St\u00e4rken hergestellt werden, wobei die Gr\u00f6\u00dfe jedoch zu der Materialst\u00e4rke immer in einem bestimmten Verh\u00e4ltnis stehen muss, um die Bruchgefahr zu vermindern. &hellip;<\/p>\n<p class=\"read-more\"> <a class=\"\" href=\"https:\/\/www.brio-spiegel.de\/wordpress\/glas-spiegel\/glasspiegel-fuer-sanitaerbereiche\/\"> <span class=\"screen-reader-text\">Glasspiegel f\u00fcr Sanit\u00e4rbereiche<\/span> Weiterlesen &raquo;<\/a><\/p>\n","protected":false},"author":1,"featured_media":0,"parent":545,"menu_order":0,"comment_status":"closed","ping_status":"closed","template":"","meta":{"site-sidebar-layout":"no-sidebar","site-content-layout":"page-builder","ast-site-content-layout":"full-width-container","site-content-style":"unboxed","site-sidebar-style":"unboxed","ast-global-header-display":"","ast-banner-title-visibility":"","ast-main-header-display":"","ast-hfb-above-header-display":"","ast-hfb-below-header-display":"","ast-hfb-mobile-header-display":"","site-post-title":"disabled","ast-breadcrumbs-content":"","ast-featured-img":"disabled","footer-sml-layout":"","theme-transparent-header-meta":"enabled","adv-header-id-meta":"","stick-header-meta":"","header-above-stick-meta":"","header-main-stick-meta":"","header-below-stick-meta":"","astra-migrate-meta-layouts":"set","footnotes":""},"class_list":["post-613","page","type-page","status-publish","hentry"],"yoast_head":"<!-- This site is optimized with the Yoast SEO Premium plugin v24.5 (Yoast SEO v24.5) - https:\/\/yoast.com\/wordpress\/plugins\/seo\/ -->\n<title>Glasspiegel f\u00fcr Sanit\u00e4rbereiche - BRIO Kontrollspiegel GmbH<\/title>\n<meta name=\"description\" content=\"Entdecken Sie die Vorteile von Glaspiegeln f\u00fcr Sanit\u00e4rbereiche. Individuelle Designs in verschiedenen Formen und Gr\u00f6\u00dfen verf\u00fcgbar.\" \/>\n<meta name=\"robots\" content=\"index, follow, max-snippet:-1, max-image-preview:large, max-video-preview:-1\" \/>\n<link rel=\"canonical\" href=\"https:\/\/www.brio-spiegel.de\/wordpress\/glas-spiegel\/glasspiegel-fuer-sanitaerbereiche\/\" \/>\n<meta property=\"og:locale\" content=\"de_DE\" \/>\n<meta property=\"og:type\" content=\"article\" \/>\n<meta property=\"og:title\" content=\"Glasspiegel f\u00fcr Sanit\u00e4rbereiche\" \/>\n<meta property=\"og:description\" content=\"Entdecken Sie die Vorteile von Glaspiegeln f\u00fcr Sanit\u00e4rbereiche. Individuelle Designs in verschiedenen Formen und Gr\u00f6\u00dfen verf\u00fcgbar.\" \/>\n<meta property=\"og:url\" content=\"https:\/\/www.brio-spiegel.de\/wordpress\/glas-spiegel\/glasspiegel-fuer-sanitaerbereiche\/\" \/>\n<meta property=\"og:site_name\" content=\"BRIO Kontrollspiegel GmbH\" \/>\n<meta property=\"article:modified_time\" content=\"2025-03-03T16:30:58+00:00\" \/>\n<meta property=\"og:image\" content=\"https:\/\/www.brio-spiegel.de\/wordpress\/wp-content\/uploads\/2023\/06\/glasspiegel-im-sanitaerbereich-e1418807452821.jpg\" \/>\n<meta name=\"twitter:card\" content=\"summary_large_image\" \/>\n<meta name=\"twitter:label1\" content=\"Est. reading time\" \/>\n\t<meta name=\"twitter:data1\" content=\"2\u00a0Minuten\" \/>\n<script type=\"application\/ld+json\" class=\"yoast-schema-graph\">{\"@context\":\"https:\/\/schema.org\",\"@graph\":[{\"@type\":\"Article\",\"@id\":\"https:\/\/www.brio-spiegel.de\/wordpress\/glas-spiegel\/glasspiegel-fuer-sanitaerbereiche\/#article\",\"isPartOf\":{\"@id\":\"https:\/\/www.brio-spiegel.de\/wordpress\/glas-spiegel\/glasspiegel-fuer-sanitaerbereiche\/\"},\"author\":{\"name\":\"Brio_Admin\",\"@id\":\"https:\/\/www.brio-spiegel.de\/wordpress\/#\/schema\/person\/fc830161c362fc9d9e216f56383fd2cc\"},\"headline\":\"Glasspiegel f\u00fcr Sanit\u00e4rbereiche\",\"datePublished\":\"2023-06-07T10:11:03+00:00\",\"dateModified\":\"2025-03-03T16:30:58+00:00\",\"mainEntityOfPage\":{\"@id\":\"https:\/\/www.brio-spiegel.de\/wordpress\/glas-spiegel\/glasspiegel-fuer-sanitaerbereiche\/\"},\"wordCount\":179,\"publisher\":{\"@id\":\"https:\/\/www.brio-spiegel.de\/wordpress\/#organization\"},\"image\":{\"@id\":\"https:\/\/www.brio-spiegel.de\/wordpress\/glas-spiegel\/glasspiegel-fuer-sanitaerbereiche\/#primaryimage\"},\"thumbnailUrl\":\"https:\/\/www.brio-spiegel.de\/wordpress\/wp-content\/uploads\/2023\/06\/glasspiegel-im-sanitaerbereich-e1418807452821.jpg\",\"inLanguage\":\"de\"},{\"@type\":\"WebPage\",\"@id\":\"https:\/\/www.brio-spiegel.de\/wordpress\/glas-spiegel\/glasspiegel-fuer-sanitaerbereiche\/\",\"url\":\"https:\/\/www.brio-spiegel.de\/wordpress\/glas-spiegel\/glasspiegel-fuer-sanitaerbereiche\/\",\"name\":\"Glasspiegel f\u00fcr Sanit\u00e4rbereiche - BRIO Kontrollspiegel GmbH\",\"isPartOf\":{\"@id\":\"https:\/\/www.brio-spiegel.de\/wordpress\/#website\"},\"primaryImageOfPage\":{\"@id\":\"https:\/\/www.brio-spiegel.de\/wordpress\/glas-spiegel\/glasspiegel-fuer-sanitaerbereiche\/#primaryimage\"},\"image\":{\"@id\":\"https:\/\/www.brio-spiegel.de\/wordpress\/glas-spiegel\/glasspiegel-fuer-sanitaerbereiche\/#primaryimage\"},\"thumbnailUrl\":\"https:\/\/www.brio-spiegel.de\/wordpress\/wp-content\/uploads\/2023\/06\/glasspiegel-im-sanitaerbereich-e1418807452821.jpg\",\"datePublished\":\"2023-06-07T10:11:03+00:00\",\"dateModified\":\"2025-03-03T16:30:58+00:00\",\"description\":\"Entdecken Sie die Vorteile von Glaspiegeln f\u00fcr Sanit\u00e4rbereiche. Individuelle Designs in verschiedenen Formen und Gr\u00f6\u00dfen verf\u00fcgbar.\",\"breadcrumb\":{\"@id\":\"https:\/\/www.brio-spiegel.de\/wordpress\/glas-spiegel\/glasspiegel-fuer-sanitaerbereiche\/#breadcrumb\"},\"inLanguage\":\"de\",\"potentialAction\":[{\"@type\":\"ReadAction\",\"target\":[\"https:\/\/www.brio-spiegel.de\/wordpress\/glas-spiegel\/glasspiegel-fuer-sanitaerbereiche\/\"]}]},{\"@type\":\"ImageObject\",\"inLanguage\":\"de\",\"@id\":\"https:\/\/www.brio-spiegel.de\/wordpress\/glas-spiegel\/glasspiegel-fuer-sanitaerbereiche\/#primaryimage\",\"url\":\"https:\/\/www.brio-spiegel.de\/wordpress\/wp-content\/uploads\/2023\/06\/glasspiegel-im-sanitaerbereich-e1418807452821.jpg\",\"contentUrl\":\"https:\/\/www.brio-spiegel.de\/wordpress\/wp-content\/uploads\/2023\/06\/glasspiegel-im-sanitaerbereich-e1418807452821.jpg\",\"width\":250,\"height\":215},{\"@type\":\"BreadcrumbList\",\"@id\":\"https:\/\/www.brio-spiegel.de\/wordpress\/glas-spiegel\/glasspiegel-fuer-sanitaerbereiche\/#breadcrumb\",\"itemListElement\":[{\"@type\":\"ListItem\",\"position\":1,\"name\":\"Startseite\",\"item\":\"https:\/\/www.brio-spiegel.de\/wordpress\/\"},{\"@type\":\"ListItem\",\"position\":2,\"name\":\"Glasspiegel\",\"item\":\"https:\/\/www.brio-spiegel.de\/wordpress\/glas-spiegel\/\"},{\"@type\":\"ListItem\",\"position\":3,\"name\":\"Glasspiegel f\u00fcr Sanit\u00e4rbereiche\"}]},{\"@type\":\"WebSite\",\"@id\":\"https:\/\/www.brio-spiegel.de\/wordpress\/#website\",\"url\":\"https:\/\/www.brio-spiegel.de\/wordpress\/\",\"name\":\"BRIO Kontrollspiegel GmbH\",\"description\":\"BRIO Kontrollspiegel GmbH\",\"publisher\":{\"@id\":\"https:\/\/www.brio-spiegel.de\/wordpress\/#organization\"},\"potentialAction\":[{\"@type\":\"SearchAction\",\"target\":{\"@type\":\"EntryPoint\",\"urlTemplate\":\"https:\/\/www.brio-spiegel.de\/wordpress\/?s={search_term_string}\"},\"query-input\":{\"@type\":\"PropertyValueSpecification\",\"valueRequired\":true,\"valueName\":\"search_term_string\"}}],\"inLanguage\":\"de\"},{\"@type\":\"Organization\",\"@id\":\"https:\/\/www.brio-spiegel.de\/wordpress\/#organization\",\"name\":\"BRIO Kontrollspiegel GmbH\",\"url\":\"https:\/\/www.brio-spiegel.de\/wordpress\/\",\"logo\":{\"@type\":\"ImageObject\",\"inLanguage\":\"de\",\"@id\":\"https:\/\/www.brio-spiegel.de\/wordpress\/#\/schema\/logo\/image\/\",\"url\":\"https:\/\/www.brio-spiegel.de\/wordpress\/wp-content\/uploads\/2023\/08\/cropped-Logo_Transparent.png\",\"contentUrl\":\"https:\/\/www.brio-spiegel.de\/wordpress\/wp-content\/uploads\/2023\/08\/cropped-Logo_Transparent.png\",\"width\":10905,\"height\":6768,\"caption\":\"BRIO Kontrollspiegel GmbH\"},\"image\":{\"@id\":\"https:\/\/www.brio-spiegel.de\/wordpress\/#\/schema\/logo\/image\/\"}},{\"@type\":\"Person\",\"@id\":\"https:\/\/www.brio-spiegel.de\/wordpress\/#\/schema\/person\/fc830161c362fc9d9e216f56383fd2cc\",\"name\":\"Brio_Admin\",\"image\":{\"@type\":\"ImageObject\",\"inLanguage\":\"de\",\"@id\":\"https:\/\/www.brio-spiegel.de\/wordpress\/#\/schema\/person\/image\/\",\"url\":\"https:\/\/secure.gravatar.com\/avatar\/6538958a397f09444d93e84cbdfa48cd85b5af8d2fd4aae639cf5b93106b727a?s=96&d=mm&r=g\",\"contentUrl\":\"https:\/\/secure.gravatar.com\/avatar\/6538958a397f09444d93e84cbdfa48cd85b5af8d2fd4aae639cf5b93106b727a?s=96&d=mm&r=g\",\"caption\":\"Brio_Admin\"},\"sameAs\":[\"https:\/\/www.briospiegel.alfahosting.org\/\"],\"url\":\"https:\/\/www.brio-spiegel.de\/wordpress\/author\/brio_admin\/\"}]}<\/script>\n<!-- \/ Yoast SEO Premium plugin. -->","yoast_head_json":{"title":"Glasspiegel f\u00fcr Sanit\u00e4rbereiche - BRIO Kontrollspiegel GmbH","description":"Entdecken Sie die Vorteile von Glaspiegeln f\u00fcr Sanit\u00e4rbereiche. Individuelle Designs in verschiedenen Formen und Gr\u00f6\u00dfen verf\u00fcgbar.","robots":{"index":"index","follow":"follow","max-snippet":"max-snippet:-1","max-image-preview":"max-image-preview:large","max-video-preview":"max-video-preview:-1"},"canonical":"https:\/\/www.brio-spiegel.de\/wordpress\/glas-spiegel\/glasspiegel-fuer-sanitaerbereiche\/","og_locale":"de_DE","og_type":"article","og_title":"Glasspiegel f\u00fcr Sanit\u00e4rbereiche","og_description":"Entdecken Sie die Vorteile von Glaspiegeln f\u00fcr Sanit\u00e4rbereiche. Individuelle Designs in verschiedenen Formen und Gr\u00f6\u00dfen verf\u00fcgbar.","og_url":"https:\/\/www.brio-spiegel.de\/wordpress\/glas-spiegel\/glasspiegel-fuer-sanitaerbereiche\/","og_site_name":"BRIO Kontrollspiegel GmbH","article_modified_time":"2025-03-03T16:30:58+00:00","og_image":[{"url":"https:\/\/www.brio-spiegel.de\/wordpress\/wp-content\/uploads\/2023\/06\/glasspiegel-im-sanitaerbereich-e1418807452821.jpg","type":"","width":"","height":""}],"twitter_card":"summary_large_image","twitter_misc":{"Est. reading time":"2\u00a0Minuten"},"schema":{"@context":"https:\/\/schema.org","@graph":[{"@type":"Article","@id":"https:\/\/www.brio-spiegel.de\/wordpress\/glas-spiegel\/glasspiegel-fuer-sanitaerbereiche\/#article","isPartOf":{"@id":"https:\/\/www.brio-spiegel.de\/wordpress\/glas-spiegel\/glasspiegel-fuer-sanitaerbereiche\/"},"author":{"name":"Brio_Admin","@id":"https:\/\/www.brio-spiegel.de\/wordpress\/#\/schema\/person\/fc830161c362fc9d9e216f56383fd2cc"},"headline":"Glasspiegel f\u00fcr Sanit\u00e4rbereiche","datePublished":"2023-06-07T10:11:03+00:00","dateModified":"2025-03-03T16:30:58+00:00","mainEntityOfPage":{"@id":"https:\/\/www.brio-spiegel.de\/wordpress\/glas-spiegel\/glasspiegel-fuer-sanitaerbereiche\/"},"wordCount":179,"publisher":{"@id":"https:\/\/www.brio-spiegel.de\/wordpress\/#organization"},"image":{"@id":"https:\/\/www.brio-spiegel.de\/wordpress\/glas-spiegel\/glasspiegel-fuer-sanitaerbereiche\/#primaryimage"},"thumbnailUrl":"https:\/\/www.brio-spiegel.de\/wordpress\/wp-content\/uploads\/2023\/06\/glasspiegel-im-sanitaerbereich-e1418807452821.jpg","inLanguage":"de"},{"@type":"WebPage","@id":"https:\/\/www.brio-spiegel.de\/wordpress\/glas-spiegel\/glasspiegel-fuer-sanitaerbereiche\/","url":"https:\/\/www.brio-spiegel.de\/wordpress\/glas-spiegel\/glasspiegel-fuer-sanitaerbereiche\/","name":"Glasspiegel f\u00fcr Sanit\u00e4rbereiche - BRIO Kontrollspiegel GmbH","isPartOf":{"@id":"https:\/\/www.brio-spiegel.de\/wordpress\/#website"},"primaryImageOfPage":{"@id":"https:\/\/www.brio-spiegel.de\/wordpress\/glas-spiegel\/glasspiegel-fuer-sanitaerbereiche\/#primaryimage"},"image":{"@id":"https:\/\/www.brio-spiegel.de\/wordpress\/glas-spiegel\/glasspiegel-fuer-sanitaerbereiche\/#primaryimage"},"thumbnailUrl":"https:\/\/www.brio-spiegel.de\/wordpress\/wp-content\/uploads\/2023\/06\/glasspiegel-im-sanitaerbereich-e1418807452821.jpg","datePublished":"2023-06-07T10:11:03+00:00","dateModified":"2025-03-03T16:30:58+00:00","description":"Entdecken Sie die Vorteile von Glaspiegeln f\u00fcr Sanit\u00e4rbereiche. Individuelle Designs in verschiedenen Formen und Gr\u00f6\u00dfen verf\u00fcgbar.","breadcrumb":{"@id":"https:\/\/www.brio-spiegel.de\/wordpress\/glas-spiegel\/glasspiegel-fuer-sanitaerbereiche\/#breadcrumb"},"inLanguage":"de","potentialAction":[{"@type":"ReadAction","target":["https:\/\/www.brio-spiegel.de\/wordpress\/glas-spiegel\/glasspiegel-fuer-sanitaerbereiche\/"]}]},{"@type":"ImageObject","inLanguage":"de","@id":"https:\/\/www.brio-spiegel.de\/wordpress\/glas-spiegel\/glasspiegel-fuer-sanitaerbereiche\/#primaryimage","url":"https:\/\/www.brio-spiegel.de\/wordpress\/wp-content\/uploads\/2023\/06\/glasspiegel-im-sanitaerbereich-e1418807452821.jpg","contentUrl":"https:\/\/www.brio-spiegel.de\/wordpress\/wp-content\/uploads\/2023\/06\/glasspiegel-im-sanitaerbereich-e1418807452821.jpg","width":250,"height":215},{"@type":"BreadcrumbList","@id":"https:\/\/www.brio-spiegel.de\/wordpress\/glas-spiegel\/glasspiegel-fuer-sanitaerbereiche\/#breadcrumb","itemListElement":[{"@type":"ListItem","position":1,"name":"Startseite","item":"https:\/\/www.brio-spiegel.de\/wordpress\/"},{"@type":"ListItem","position":2,"name":"Glasspiegel","item":"https:\/\/www.brio-spiegel.de\/wordpress\/glas-spiegel\/"},{"@type":"ListItem","position":3,"name":"Glasspiegel f\u00fcr Sanit\u00e4rbereiche"}]},{"@type":"WebSite","@id":"https:\/\/www.brio-spiegel.de\/wordpress\/#website","url":"https:\/\/www.brio-spiegel.de\/wordpress\/","name":"BRIO Kontrollspiegel GmbH","description":"BRIO Kontrollspiegel GmbH","publisher":{"@id":"https:\/\/www.brio-spiegel.de\/wordpress\/#organization"},"potentialAction":[{"@type":"SearchAction","target":{"@type":"EntryPoint","urlTemplate":"https:\/\/www.brio-spiegel.de\/wordpress\/?s={search_term_string}"},"query-input":{"@type":"PropertyValueSpecification","valueRequired":true,"valueName":"search_term_string"}}],"inLanguage":"de"},{"@type":"Organization","@id":"https:\/\/www.brio-spiegel.de\/wordpress\/#organization","name":"BRIO Kontrollspiegel GmbH","url":"https:\/\/www.brio-spiegel.de\/wordpress\/","logo":{"@type":"ImageObject","inLanguage":"de","@id":"https:\/\/www.brio-spiegel.de\/wordpress\/#\/schema\/logo\/image\/","url":"https:\/\/www.brio-spiegel.de\/wordpress\/wp-content\/uploads\/2023\/08\/cropped-Logo_Transparent.png","contentUrl":"https:\/\/www.brio-spiegel.de\/wordpress\/wp-content\/uploads\/2023\/08\/cropped-Logo_Transparent.png","width":10905,"height":6768,"caption":"BRIO Kontrollspiegel GmbH"},"image":{"@id":"https:\/\/www.brio-spiegel.de\/wordpress\/#\/schema\/logo\/image\/"}},{"@type":"Person","@id":"https:\/\/www.brio-spiegel.de\/wordpress\/#\/schema\/person\/fc830161c362fc9d9e216f56383fd2cc","name":"Brio_Admin","image":{"@type":"ImageObject","inLanguage":"de","@id":"https:\/\/www.brio-spiegel.de\/wordpress\/#\/schema\/person\/image\/","url":"https:\/\/secure.gravatar.com\/avatar\/6538958a397f09444d93e84cbdfa48cd85b5af8d2fd4aae639cf5b93106b727a?s=96&d=mm&r=g","contentUrl":"https:\/\/secure.gravatar.com\/avatar\/6538958a397f09444d93e84cbdfa48cd85b5af8d2fd4aae639cf5b93106b727a?s=96&d=mm&r=g","caption":"Brio_Admin"},"sameAs":["https:\/\/www.briospiegel.alfahosting.org\/"],"url":"https:\/\/www.brio-spiegel.de\/wordpress\/author\/brio_admin\/"}]}},"_links":{"self":[{"href":"https:\/\/www.brio-spiegel.de\/wordpress\/wp-json\/wp\/v2\/pages\/613","targetHints":{"allow":["GET"]}}],"collection":[{"href":"https:\/\/www.brio-spiegel.de\/wordpress\/wp-json\/wp\/v2\/pages"}],"about":[{"href":"https:\/\/www.brio-spiegel.de\/wordpress\/wp-json\/wp\/v2\/types\/page"}],"author":[{"embeddable":true,"href":"https:\/\/www.brio-spiegel.de\/wordpress\/wp-json\/wp\/v2\/users\/1"}],"replies":[{"embeddable":true,"href":"https:\/\/www.brio-spiegel.de\/wordpress\/wp-json\/wp\/v2\/comments?post=613"}],"version-history":[{"count":4,"href":"https:\/\/www.brio-spiegel.de\/wordpress\/wp-json\/wp\/v2\/pages\/613\/revisions"}],"predecessor-version":[{"id":1308,"href":"https:\/\/www.brio-spiegel.de\/wordpress\/wp-json\/wp\/v2\/pages\/613\/revisions\/1308"}],"up":[{"embeddable":true,"href":"https:\/\/www.brio-spiegel.de\/wordpress\/wp-json\/wp\/v2\/pages\/545"}],"wp:attachment":[{"href":"https:\/\/www.brio-spiegel.de\/wordpress\/wp-json\/wp\/v2\/media?parent=613"}],"curies":[{"name":"wp","href":"https:\/\/api.w.org\/{rel}","templated":true}]}}