{"id":603,"date":"2023-06-07T12:01:57","date_gmt":"2023-06-07T10:01:57","guid":{"rendered":"https:\/\/www.briospiegel.alfahosting.org\/wordpress\/?page_id=603"},"modified":"2023-08-12T09:41:40","modified_gmt":"2023-08-12T07:41:40","slug":"spiegel-fuer-lkw-und-busse-2","status":"publish","type":"page","link":"https:\/\/www.brio-spiegel.de\/wordpress\/glas-spiegel\/spiegel-fuer-lkw-und-busse-2\/","title":{"rendered":"Spiegel f\u00fcr LKW und Busse"},"content":{"rendered":"\n\n\t<h1>\n\t\t\t\t\tSpiegel f\u00fcr LKW und Busse\n\t\t\t\t<\/h1>\n\t\n\t\t\t<p>Die Seitenspiegel f\u00fcr LKW und Busse dienen dazu, dass der nachfolgende Verkehr vom Fahrer des LKW oder Busses eingesehen werden kann. Die Ausf\u00fchrung dieser Spiegel ist sehr unterschiedlich und erfolgt in der Regel nach den individuellen Anforderungen der Kunden, so dass wir hier kein Standardprogramm anbieten.<\/p>\n<header>\n<p>Die Seitenspiegel f\u00fcr LKW und Busse dienen dazu, dass der nachfolgende Verkehr vom Fahrer des LKW oder Busses eingesehen werden kann. Die Ausf\u00fchrung dieser Spiegel ist sehr unterschiedlich und erfolgt in der Regel nach den individuellen Anforderungen der Kunden, sodass wir f\u00fcr dieses Produkt kein Standardprogramm f\u00fchren. Die Spiegel sind in unterschiedlichen Abmessungen mit unterschiedlichen Radien gew\u00f6lbt. Die W\u00f6lbungen und auch die Abmessungen k\u00f6nnen in jeder beliebigen Gr\u00f6\u00dfe und Ausf\u00fchrung gefertigt werden.<\/p>\n<\/header>\n\t\t\t\t<a href=\"https:\/\/www.brio-spiegel.de\/wordpress\/wp-content\/uploads\/2023\/06\/Spiegel-fuer-LKW-und-Busse.jpg\" target=\"_self\" itemprop=\"url\" rel=\"noopener\">\n\t\t\t\t<img decoding=\"async\" src=\"https:\/\/www.briospiegel.alfahosting.org\/wordpress\/wp-content\/uploads\/2023\/06\/Spiegel-fuer-LKW-und-Busse.jpg\" alt=\"Spiegel-fuer-LKW-und-Busse\" itemprop=\"image\" title=\"Spiegel-fuer-LKW-und-Busse\" onerror=\"this.style.display='none'\"  \/>\n\t\t\t\t<\/a>\n\t<table>\n<tbody>\n<tr>\n<td><b>Bezeichnung<\/b><\/td>\n<td><b>Art.Nr.<\/b><\/td>\n<\/tr>\n<tr>\n<td>Spiegel f\u00fcr LKW und Busse<\/td>\n<td>01.9007<\/td>\n<\/tr>\n<\/tbody>\n<\/table>\n\t<h3>\n\t\t\t\t\tGerne nehmen wir Ihre Anfrage zum Produkt direkt hier entgegen.\n\t\t\t\t<\/h3>\n\t<div class=\"forminator-ui forminator-custom-form forminator-custom-form-522 forminator-design--material  forminator_ajax\" data-forminator-render=\"0\" data-form=\"forminator-module-522\" data-uid=\"69e4d24e5e806\"><br\/><\/div><form\n\t\t\t\tid=\"forminator-module-522\"\n\t\t\t\tclass=\"forminator-ui forminator-custom-form forminator-custom-form-522 forminator-design--material  forminator_ajax\"\n\t\t\t\tmethod=\"post\"\n\t\t\t\tdata-forminator-render=\"0\"\n\t\t\t\tdata-form-id=\"522\"\n\t\t\t\t\n\t\t\t\tdata-design=\"material\"\n\t\t\t\t\n\t\t\t\t\n\t\t\t\t\n\t\t\t\tdata-grid=\"open\"\n\t\t\t\t\n\t\t\t\t\n\t\t\t\tstyle=\"display: none;\"\n\t\t\t\t\n\t\t\t\tdata-uid=\"69e4d24e5e806\"\n\t\t\t><div role=\"alert\" aria-live=\"polite\" class=\"forminator-response-message forminator-error\" aria-hidden=\"true\"><\/div><div class=\"forminator-row\"><div id=\"name-1\" class=\"forminator-field-name forminator-col forminator-col-6 \"><div class=\"forminator-field\"><label for=\"forminator-field-name-1_69e4d24e5e806\" id=\"forminator-field-name-1_69e4d24e5e806-label\" class=\"forminator-label\">Name <span class=\"forminator-required\">*<\/span><\/label><input type=\"text\" name=\"name-1\" value=\"\" placeholder=\"\" id=\"forminator-field-name-1_69e4d24e5e806\" class=\"forminator-input forminator-name--field\" aria-required=\"true\" \/><\/div><\/div><div id=\"text-1\" class=\"forminator-field-text forminator-col forminator-col-6 \"><div class=\"forminator-field\"><label for=\"forminator-field-text-1_69e4d24e5e806\" id=\"forminator-field-text-1_69e4d24e5e806-label\" class=\"forminator-label\">Firma<\/label><input type=\"text\" name=\"text-1\" value=\"\" placeholder=\"\" id=\"forminator-field-text-1_69e4d24e5e806\" class=\"forminator-input forminator-name--field\" data-required=\"\" \/><\/div><\/div><\/div><div class=\"forminator-row\"><div id=\"email-1\" class=\"forminator-field-email forminator-col forminator-col-6 \"><div class=\"forminator-field\"><label for=\"forminator-field-email-1_69e4d24e5e806\" id=\"forminator-field-email-1_69e4d24e5e806-label\" class=\"forminator-label\">E-Mail-Adresse <span class=\"forminator-required\">*<\/span><\/label><input type=\"email\" name=\"email-1\" value=\"\" placeholder=\"\" id=\"forminator-field-email-1_69e4d24e5e806\" class=\"forminator-input forminator-email--field\" data-required=\"true\" aria-required=\"true\" \/><\/div><\/div><div id=\"phone-1\" class=\"forminator-field-phone forminator-col forminator-col-6 \"><div class=\"forminator-field\"><label for=\"forminator-field-phone-1_69e4d24e5e806\" id=\"forminator-field-phone-1_69e4d24e5e806-label\" class=\"forminator-label\">Telefonnummer<\/label><input type=\"text\" name=\"phone-1\" value=\"\" placeholder=\"z. B. +49 3004005000\" id=\"forminator-field-phone-1_69e4d24e5e806\" class=\"forminator-input forminator-field--phone\" data-required=\"\" aria-required=\"false\" autocomplete=\"off\" data-validation=\"1\" \/><\/div><\/div><\/div><div class=\"forminator-row\"><div id=\"address-1\" class=\"forminator-field-address forminator-col forminator-col-12 \"><div class=\"forminator-row\"><div id=\"address-1-street_address\" class=\"forminator-col\"><div class=\"forminator-field\"><label for=\"forminator-field-address-1-street_address_69e4d24e5e806\" id=\"forminator-field-address-1-street_address_69e4d24e5e806-label\" class=\"forminator-label\">Stra\u00dfe und Hausnummer <span class=\"forminator-required\">*<\/span><\/label><input type=\"text\" name=\"address-1-street_address\" placeholder=\"z. B. Hauptstra\u00dfe 123\" id=\"forminator-field-address-1-street_address_69e4d24e5e806\" class=\"forminator-input\" data-required=\"1\" aria-required=\"true\" value=\"\" \/><\/div><\/div><\/div><div class=\"forminator-row\" data-multiple=\"false\"><div id=\"address-1-city\" class=\"forminator-col forminator-col-12\"><div class=\"forminator-field\"><label for=\"forminator-field-address-1-city_69e4d24e5e806\" id=\"forminator-field-address-1-city_69e4d24e5e806-label\" class=\"forminator-label\">Stadt<\/label><input type=\"text\" name=\"address-1-city\" placeholder=\"z. B. Berlin\" id=\"forminator-field-address-1-city_69e4d24e5e806\" class=\"forminator-input\" data-required=\"\" aria-required=\"false\" value=\"\" \/><\/div><\/div><\/div><div class=\"forminator-row\" data-multiple=\"false\"><div id=\"address-1-zip\" class=\"forminator-col forminator-col-12\"><div class=\"forminator-field\"><label for=\"forminator-field-address-1-zip_69e4d24e5e806\" id=\"forminator-field-address-1-zip_69e4d24e5e806-label\" class=\"forminator-label\">ZIP \/ Postleitzahl <span class=\"forminator-required\">*<\/span><\/label><input type=\"text\" name=\"address-1-zip\" placeholder=\"z. B. 2000\" id=\"forminator-field-address-1-zip_69e4d24e5e806\" class=\"forminator-input\" value=\"\" \/><\/div><\/div><\/div><\/div><\/div><div class=\"forminator-row\"><div id=\"textarea-1\" class=\"forminator-field-textarea forminator-col forminator-col-12 \"><div class=\"forminator-field\"><label for=\"forminator-field-textarea-1_69e4d24e5e806\" id=\"forminator-field-textarea-1_69e4d24e5e806-label\" class=\"forminator-label\">Nachricht <span class=\"forminator-required\">*<\/span><\/label><textarea name=\"textarea-1\" placeholder=\"\" id=\"forminator-field-textarea-1_69e4d24e5e806\" class=\"forminator-textarea\" rows=\"6\" style=\"min-height:140px;\" ><\/textarea><\/div><\/div><\/div><div class=\"forminator-row\"><div id=\"consent-1\" class=\"forminator-field-consent forminator-col forminator-col-12 \"><div class=\"forminator-field\"><label for=\"forminator-field-consent-1_69e4d24e5e806\" id=\"forminator-field-consent-1_69e4d24e5e806-label\" class=\"forminator-label\">Consent <span class=\"forminator-required\">*<\/span><\/label><div class=\"forminator-checkbox__wrapper\"><label for=\"forminator-field-consent-1_69e4d24e5e806\" id=\"forminator-field-consent-1_69e4d24e5e806__label\" class=\"forminator-checkbox forminator-consent\" style=\"margin: 0;\"><input type=\"checkbox\" name=\"consent-1\" id=\"forminator-field-consent-1_69e4d24e5e806\" value=\"checked\" aria-labelledby=\"forminator-field-consent-1_69e4d24e5e806-label\" aria-describedby=\"forminator-field-consent-1_69e4d24e5e806__description\" data-required=\"true\" aria-required=\"true\" \/><span class=\"forminator-checkbox-box\" aria-hidden=\"true\"><\/span><\/label><div id=\"forminator-field-consent-1_69e4d24e5e806__description\" class=\"forminator-checkbox__label forminator-consent__label\"><p>Ich habe die <a href=\"https:\/\/www.brio-spiegel.de\/wordpress\/datenschutz\/\">Datenschutzbestimmungen<\/a> gelesen und bin damit einverstanden.<\/p><\/div><\/div><\/div><\/div><\/div><div class=\"forminator-row\"><div id=\"captcha-1\" class=\"forminator-field-captcha forminator-col forminator-col-12 \"><div class=\"forminator-captcha-left forminator-hcaptcha\" data-theme=\"light\"  data-sitekey=\"6893feeb-d313-418d-8b0e-4163ff8d298e\" data-size=\"normal\"><\/div> <\/div><\/div><input type=\"hidden\" name=\"referer_url\" value=\"\" \/><div class=\"forminator-row forminator-row-last\"><div class=\"forminator-col\"><div class=\"forminator-field\"><button class=\"forminator-button forminator-button-submit\"><span>Anfrage Senden<\/span><span aria-hidden=\"true\"><\/span><\/button><\/div><\/div><\/div><input type=\"hidden\" id=\"forminator_nonce\" name=\"forminator_nonce\" value=\"f4a6fd425c\" \/><input type=\"hidden\" name=\"_wp_http_referer\" value=\"\/wordpress\/wp-json\/wp\/v2\/pages\/603\" \/><input type=\"hidden\" name=\"form_id\" value=\"522\"><input type=\"hidden\" name=\"page_id\" value=\"603\"><input type=\"hidden\" name=\"form_type\" value=\"default\"><input type=\"hidden\" name=\"current_url\" value=\"https:\/\/www.brio-spiegel.de\/wordpress\/glas-spiegel\/spiegel-fuer-lkw-und-busse-2\/\"><input type=\"hidden\" name=\"render_id\" value=\"0\"><input type=\"hidden\" name=\"action\" value=\"forminator_submit_form_custom-forms\"><label for=\"input_8\" class=\"forminator-hidden\" aria-hidden=\"true\">Bitte f\u00fclle dieses Feld nicht aus. <input id=\"input_8\" type=\"text\" name=\"input_8\" value=\"\" autocomplete=\"off\"><\/label><\/form>\n\n","protected":false},"excerpt":{"rendered":"<p>Spiegel f\u00fcr LKW und Busse Die Seitenspiegel f\u00fcr LKW und Busse dienen dazu, dass der nachfolgende Verkehr vom Fahrer des LKW oder Busses eingesehen werden kann. Die Ausf\u00fchrung dieser Spiegel ist sehr unterschiedlich und erfolgt in der Regel nach den individuellen Anforderungen der Kunden, so dass wir hier kein Standardprogramm anbieten. Die Seitenspiegel f\u00fcr LKW &hellip;<\/p>\n<p class=\"read-more\"> <a class=\"\" href=\"https:\/\/www.brio-spiegel.de\/wordpress\/glas-spiegel\/spiegel-fuer-lkw-und-busse-2\/\"> <span class=\"screen-reader-text\">Spiegel f\u00fcr LKW und Busse<\/span> Weiterlesen &raquo;<\/a><\/p>\n","protected":false},"author":1,"featured_media":0,"parent":545,"menu_order":0,"comment_status":"closed","ping_status":"closed","template":"","meta":{"site-sidebar-layout":"no-sidebar","site-content-layout":"page-builder","ast-site-content-layout":"","site-content-style":"default","site-sidebar-style":"default","ast-global-header-display":"","ast-banner-title-visibility":"","ast-main-header-display":"","ast-hfb-above-header-display":"","ast-hfb-below-header-display":"","ast-hfb-mobile-header-display":"","site-post-title":"disabled","ast-breadcrumbs-content":"","ast-featured-img":"disabled","footer-sml-layout":"","theme-transparent-header-meta":"enabled","adv-header-id-meta":"","stick-header-meta":"","header-above-stick-meta":"","header-main-stick-meta":"","header-below-stick-meta":"","astra-migrate-meta-layouts":"","footnotes":""},"class_list":["post-603","page","type-page","status-publish","hentry"],"yoast_head":"<!-- This site is optimized with the Yoast SEO Premium plugin v24.5 (Yoast SEO v24.5) - https:\/\/yoast.com\/wordpress\/plugins\/seo\/ -->\n<title>Spiegel f\u00fcr LKW und Busse - BRIO Kontrollspiegel GmbH<\/title>\n<meta name=\"description\" content=\"Spiegel f\u00fcr LKW und Busse - BRIO Kontrollspiegel GmbH\" \/>\n<meta name=\"robots\" content=\"index, follow, max-snippet:-1, max-image-preview:large, max-video-preview:-1\" \/>\n<link rel=\"canonical\" href=\"https:\/\/www.brio-spiegel.de\/wordpress\/glas-spiegel\/spiegel-fuer-lkw-und-busse-2\/\" \/>\n<meta property=\"og:locale\" content=\"de_DE\" \/>\n<meta property=\"og:type\" content=\"article\" \/>\n<meta property=\"og:title\" content=\"Spiegel f\u00fcr LKW und Busse\" \/>\n<meta property=\"og:description\" content=\"Spiegel f\u00fcr LKW und Busse - BRIO Kontrollspiegel GmbH\" \/>\n<meta property=\"og:url\" content=\"https:\/\/www.brio-spiegel.de\/wordpress\/glas-spiegel\/spiegel-fuer-lkw-und-busse-2\/\" \/>\n<meta property=\"og:site_name\" content=\"BRIO Kontrollspiegel GmbH\" \/>\n<meta property=\"article:modified_time\" content=\"2023-08-12T07:41:40+00:00\" \/>\n<meta property=\"og:image\" content=\"https:\/\/www.briospiegel.alfahosting.org\/wordpress\/wp-content\/uploads\/2023\/06\/Spiegel-fuer-LKW-und-Busse.jpg\" \/>\n<meta name=\"twitter:card\" content=\"summary_large_image\" \/>\n<meta name=\"twitter:label1\" content=\"Est. reading time\" \/>\n\t<meta name=\"twitter:data1\" content=\"1\u00a0Minute\" \/>\n<script type=\"application\/ld+json\" class=\"yoast-schema-graph\">{\"@context\":\"https:\/\/schema.org\",\"@graph\":[{\"@type\":\"Article\",\"@id\":\"https:\/\/www.brio-spiegel.de\/wordpress\/glas-spiegel\/spiegel-fuer-lkw-und-busse-2\/#article\",\"isPartOf\":{\"@id\":\"https:\/\/www.brio-spiegel.de\/wordpress\/glas-spiegel\/spiegel-fuer-lkw-und-busse-2\/\"},\"author\":{\"name\":\"Brio_Admin\",\"@id\":\"https:\/\/www.brio-spiegel.de\/wordpress\/#\/schema\/person\/fc830161c362fc9d9e216f56383fd2cc\"},\"headline\":\"Spiegel f\u00fcr LKW und Busse\",\"datePublished\":\"2023-06-07T10:01:57+00:00\",\"dateModified\":\"2023-08-12T07:41:40+00:00\",\"mainEntityOfPage\":{\"@id\":\"https:\/\/www.brio-spiegel.de\/wordpress\/glas-spiegel\/spiegel-fuer-lkw-und-busse-2\/\"},\"wordCount\":163,\"publisher\":{\"@id\":\"https:\/\/www.brio-spiegel.de\/wordpress\/#organization\"},\"image\":{\"@id\":\"https:\/\/www.brio-spiegel.de\/wordpress\/glas-spiegel\/spiegel-fuer-lkw-und-busse-2\/#primaryimage\"},\"thumbnailUrl\":\"https:\/\/www.briospiegel.alfahosting.org\/wordpress\/wp-content\/uploads\/2023\/06\/Spiegel-fuer-LKW-und-Busse.jpg\",\"inLanguage\":\"de\"},{\"@type\":\"WebPage\",\"@id\":\"https:\/\/www.brio-spiegel.de\/wordpress\/glas-spiegel\/spiegel-fuer-lkw-und-busse-2\/\",\"url\":\"https:\/\/www.brio-spiegel.de\/wordpress\/glas-spiegel\/spiegel-fuer-lkw-und-busse-2\/\",\"name\":\"Spiegel f\u00fcr LKW und Busse - BRIO Kontrollspiegel GmbH\",\"isPartOf\":{\"@id\":\"https:\/\/www.brio-spiegel.de\/wordpress\/#website\"},\"primaryImageOfPage\":{\"@id\":\"https:\/\/www.brio-spiegel.de\/wordpress\/glas-spiegel\/spiegel-fuer-lkw-und-busse-2\/#primaryimage\"},\"image\":{\"@id\":\"https:\/\/www.brio-spiegel.de\/wordpress\/glas-spiegel\/spiegel-fuer-lkw-und-busse-2\/#primaryimage\"},\"thumbnailUrl\":\"https:\/\/www.briospiegel.alfahosting.org\/wordpress\/wp-content\/uploads\/2023\/06\/Spiegel-fuer-LKW-und-Busse.jpg\",\"datePublished\":\"2023-06-07T10:01:57+00:00\",\"dateModified\":\"2023-08-12T07:41:40+00:00\",\"description\":\"Spiegel f\u00fcr LKW und Busse - BRIO Kontrollspiegel GmbH\",\"breadcrumb\":{\"@id\":\"https:\/\/www.brio-spiegel.de\/wordpress\/glas-spiegel\/spiegel-fuer-lkw-und-busse-2\/#breadcrumb\"},\"inLanguage\":\"de\",\"potentialAction\":[{\"@type\":\"ReadAction\",\"target\":[\"https:\/\/www.brio-spiegel.de\/wordpress\/glas-spiegel\/spiegel-fuer-lkw-und-busse-2\/\"]}]},{\"@type\":\"ImageObject\",\"inLanguage\":\"de\",\"@id\":\"https:\/\/www.brio-spiegel.de\/wordpress\/glas-spiegel\/spiegel-fuer-lkw-und-busse-2\/#primaryimage\",\"url\":\"https:\/\/www.briospiegel.alfahosting.org\/wordpress\/wp-content\/uploads\/2023\/06\/Spiegel-fuer-LKW-und-Busse.jpg\",\"contentUrl\":\"https:\/\/www.briospiegel.alfahosting.org\/wordpress\/wp-content\/uploads\/2023\/06\/Spiegel-fuer-LKW-und-Busse.jpg\"},{\"@type\":\"BreadcrumbList\",\"@id\":\"https:\/\/www.brio-spiegel.de\/wordpress\/glas-spiegel\/spiegel-fuer-lkw-und-busse-2\/#breadcrumb\",\"itemListElement\":[{\"@type\":\"ListItem\",\"position\":1,\"name\":\"Startseite\",\"item\":\"https:\/\/www.brio-spiegel.de\/wordpress\/\"},{\"@type\":\"ListItem\",\"position\":2,\"name\":\"Glasspiegel\",\"item\":\"https:\/\/www.brio-spiegel.de\/wordpress\/glas-spiegel\/\"},{\"@type\":\"ListItem\",\"position\":3,\"name\":\"Spiegel f\u00fcr LKW und Busse\"}]},{\"@type\":\"WebSite\",\"@id\":\"https:\/\/www.brio-spiegel.de\/wordpress\/#website\",\"url\":\"https:\/\/www.brio-spiegel.de\/wordpress\/\",\"name\":\"BRIO Kontrollspiegel GmbH\",\"description\":\"BRIO Kontrollspiegel GmbH\",\"publisher\":{\"@id\":\"https:\/\/www.brio-spiegel.de\/wordpress\/#organization\"},\"potentialAction\":[{\"@type\":\"SearchAction\",\"target\":{\"@type\":\"EntryPoint\",\"urlTemplate\":\"https:\/\/www.brio-spiegel.de\/wordpress\/?s={search_term_string}\"},\"query-input\":{\"@type\":\"PropertyValueSpecification\",\"valueRequired\":true,\"valueName\":\"search_term_string\"}}],\"inLanguage\":\"de\"},{\"@type\":\"Organization\",\"@id\":\"https:\/\/www.brio-spiegel.de\/wordpress\/#organization\",\"name\":\"BRIO Kontrollspiegel GmbH\",\"url\":\"https:\/\/www.brio-spiegel.de\/wordpress\/\",\"logo\":{\"@type\":\"ImageObject\",\"inLanguage\":\"de\",\"@id\":\"https:\/\/www.brio-spiegel.de\/wordpress\/#\/schema\/logo\/image\/\",\"url\":\"https:\/\/www.brio-spiegel.de\/wordpress\/wp-content\/uploads\/2023\/08\/cropped-Logo_Transparent.png\",\"contentUrl\":\"https:\/\/www.brio-spiegel.de\/wordpress\/wp-content\/uploads\/2023\/08\/cropped-Logo_Transparent.png\",\"width\":10905,\"height\":6768,\"caption\":\"BRIO Kontrollspiegel GmbH\"},\"image\":{\"@id\":\"https:\/\/www.brio-spiegel.de\/wordpress\/#\/schema\/logo\/image\/\"}},{\"@type\":\"Person\",\"@id\":\"https:\/\/www.brio-spiegel.de\/wordpress\/#\/schema\/person\/fc830161c362fc9d9e216f56383fd2cc\",\"name\":\"Brio_Admin\",\"image\":{\"@type\":\"ImageObject\",\"inLanguage\":\"de\",\"@id\":\"https:\/\/www.brio-spiegel.de\/wordpress\/#\/schema\/person\/image\/\",\"url\":\"https:\/\/secure.gravatar.com\/avatar\/6538958a397f09444d93e84cbdfa48cd85b5af8d2fd4aae639cf5b93106b727a?s=96&d=mm&r=g\",\"contentUrl\":\"https:\/\/secure.gravatar.com\/avatar\/6538958a397f09444d93e84cbdfa48cd85b5af8d2fd4aae639cf5b93106b727a?s=96&d=mm&r=g\",\"caption\":\"Brio_Admin\"},\"sameAs\":[\"https:\/\/www.briospiegel.alfahosting.org\/\"],\"url\":\"https:\/\/www.brio-spiegel.de\/wordpress\/author\/brio_admin\/\"}]}<\/script>\n<!-- \/ Yoast SEO Premium plugin. -->","yoast_head_json":{"title":"Spiegel f\u00fcr LKW und Busse - BRIO Kontrollspiegel GmbH","description":"Spiegel f\u00fcr LKW und Busse - BRIO Kontrollspiegel GmbH","robots":{"index":"index","follow":"follow","max-snippet":"max-snippet:-1","max-image-preview":"max-image-preview:large","max-video-preview":"max-video-preview:-1"},"canonical":"https:\/\/www.brio-spiegel.de\/wordpress\/glas-spiegel\/spiegel-fuer-lkw-und-busse-2\/","og_locale":"de_DE","og_type":"article","og_title":"Spiegel f\u00fcr LKW und Busse","og_description":"Spiegel f\u00fcr LKW und Busse - BRIO Kontrollspiegel GmbH","og_url":"https:\/\/www.brio-spiegel.de\/wordpress\/glas-spiegel\/spiegel-fuer-lkw-und-busse-2\/","og_site_name":"BRIO Kontrollspiegel GmbH","article_modified_time":"2023-08-12T07:41:40+00:00","og_image":[{"url":"https:\/\/www.briospiegel.alfahosting.org\/wordpress\/wp-content\/uploads\/2023\/06\/Spiegel-fuer-LKW-und-Busse.jpg","type":"","width":"","height":""}],"twitter_card":"summary_large_image","twitter_misc":{"Est. reading time":"1\u00a0Minute"},"schema":{"@context":"https:\/\/schema.org","@graph":[{"@type":"Article","@id":"https:\/\/www.brio-spiegel.de\/wordpress\/glas-spiegel\/spiegel-fuer-lkw-und-busse-2\/#article","isPartOf":{"@id":"https:\/\/www.brio-spiegel.de\/wordpress\/glas-spiegel\/spiegel-fuer-lkw-und-busse-2\/"},"author":{"name":"Brio_Admin","@id":"https:\/\/www.brio-spiegel.de\/wordpress\/#\/schema\/person\/fc830161c362fc9d9e216f56383fd2cc"},"headline":"Spiegel f\u00fcr LKW und Busse","datePublished":"2023-06-07T10:01:57+00:00","dateModified":"2023-08-12T07:41:40+00:00","mainEntityOfPage":{"@id":"https:\/\/www.brio-spiegel.de\/wordpress\/glas-spiegel\/spiegel-fuer-lkw-und-busse-2\/"},"wordCount":163,"publisher":{"@id":"https:\/\/www.brio-spiegel.de\/wordpress\/#organization"},"image":{"@id":"https:\/\/www.brio-spiegel.de\/wordpress\/glas-spiegel\/spiegel-fuer-lkw-und-busse-2\/#primaryimage"},"thumbnailUrl":"https:\/\/www.briospiegel.alfahosting.org\/wordpress\/wp-content\/uploads\/2023\/06\/Spiegel-fuer-LKW-und-Busse.jpg","inLanguage":"de"},{"@type":"WebPage","@id":"https:\/\/www.brio-spiegel.de\/wordpress\/glas-spiegel\/spiegel-fuer-lkw-und-busse-2\/","url":"https:\/\/www.brio-spiegel.de\/wordpress\/glas-spiegel\/spiegel-fuer-lkw-und-busse-2\/","name":"Spiegel f\u00fcr LKW und Busse - BRIO Kontrollspiegel GmbH","isPartOf":{"@id":"https:\/\/www.brio-spiegel.de\/wordpress\/#website"},"primaryImageOfPage":{"@id":"https:\/\/www.brio-spiegel.de\/wordpress\/glas-spiegel\/spiegel-fuer-lkw-und-busse-2\/#primaryimage"},"image":{"@id":"https:\/\/www.brio-spiegel.de\/wordpress\/glas-spiegel\/spiegel-fuer-lkw-und-busse-2\/#primaryimage"},"thumbnailUrl":"https:\/\/www.briospiegel.alfahosting.org\/wordpress\/wp-content\/uploads\/2023\/06\/Spiegel-fuer-LKW-und-Busse.jpg","datePublished":"2023-06-07T10:01:57+00:00","dateModified":"2023-08-12T07:41:40+00:00","description":"Spiegel f\u00fcr LKW und Busse - BRIO Kontrollspiegel GmbH","breadcrumb":{"@id":"https:\/\/www.brio-spiegel.de\/wordpress\/glas-spiegel\/spiegel-fuer-lkw-und-busse-2\/#breadcrumb"},"inLanguage":"de","potentialAction":[{"@type":"ReadAction","target":["https:\/\/www.brio-spiegel.de\/wordpress\/glas-spiegel\/spiegel-fuer-lkw-und-busse-2\/"]}]},{"@type":"ImageObject","inLanguage":"de","@id":"https:\/\/www.brio-spiegel.de\/wordpress\/glas-spiegel\/spiegel-fuer-lkw-und-busse-2\/#primaryimage","url":"https:\/\/www.briospiegel.alfahosting.org\/wordpress\/wp-content\/uploads\/2023\/06\/Spiegel-fuer-LKW-und-Busse.jpg","contentUrl":"https:\/\/www.briospiegel.alfahosting.org\/wordpress\/wp-content\/uploads\/2023\/06\/Spiegel-fuer-LKW-und-Busse.jpg"},{"@type":"BreadcrumbList","@id":"https:\/\/www.brio-spiegel.de\/wordpress\/glas-spiegel\/spiegel-fuer-lkw-und-busse-2\/#breadcrumb","itemListElement":[{"@type":"ListItem","position":1,"name":"Startseite","item":"https:\/\/www.brio-spiegel.de\/wordpress\/"},{"@type":"ListItem","position":2,"name":"Glasspiegel","item":"https:\/\/www.brio-spiegel.de\/wordpress\/glas-spiegel\/"},{"@type":"ListItem","position":3,"name":"Spiegel f\u00fcr LKW und Busse"}]},{"@type":"WebSite","@id":"https:\/\/www.brio-spiegel.de\/wordpress\/#website","url":"https:\/\/www.brio-spiegel.de\/wordpress\/","name":"BRIO Kontrollspiegel GmbH","description":"BRIO Kontrollspiegel GmbH","publisher":{"@id":"https:\/\/www.brio-spiegel.de\/wordpress\/#organization"},"potentialAction":[{"@type":"SearchAction","target":{"@type":"EntryPoint","urlTemplate":"https:\/\/www.brio-spiegel.de\/wordpress\/?s={search_term_string}"},"query-input":{"@type":"PropertyValueSpecification","valueRequired":true,"valueName":"search_term_string"}}],"inLanguage":"de"},{"@type":"Organization","@id":"https:\/\/www.brio-spiegel.de\/wordpress\/#organization","name":"BRIO Kontrollspiegel GmbH","url":"https:\/\/www.brio-spiegel.de\/wordpress\/","logo":{"@type":"ImageObject","inLanguage":"de","@id":"https:\/\/www.brio-spiegel.de\/wordpress\/#\/schema\/logo\/image\/","url":"https:\/\/www.brio-spiegel.de\/wordpress\/wp-content\/uploads\/2023\/08\/cropped-Logo_Transparent.png","contentUrl":"https:\/\/www.brio-spiegel.de\/wordpress\/wp-content\/uploads\/2023\/08\/cropped-Logo_Transparent.png","width":10905,"height":6768,"caption":"BRIO Kontrollspiegel GmbH"},"image":{"@id":"https:\/\/www.brio-spiegel.de\/wordpress\/#\/schema\/logo\/image\/"}},{"@type":"Person","@id":"https:\/\/www.brio-spiegel.de\/wordpress\/#\/schema\/person\/fc830161c362fc9d9e216f56383fd2cc","name":"Brio_Admin","image":{"@type":"ImageObject","inLanguage":"de","@id":"https:\/\/www.brio-spiegel.de\/wordpress\/#\/schema\/person\/image\/","url":"https:\/\/secure.gravatar.com\/avatar\/6538958a397f09444d93e84cbdfa48cd85b5af8d2fd4aae639cf5b93106b727a?s=96&d=mm&r=g","contentUrl":"https:\/\/secure.gravatar.com\/avatar\/6538958a397f09444d93e84cbdfa48cd85b5af8d2fd4aae639cf5b93106b727a?s=96&d=mm&r=g","caption":"Brio_Admin"},"sameAs":["https:\/\/www.briospiegel.alfahosting.org\/"],"url":"https:\/\/www.brio-spiegel.de\/wordpress\/author\/brio_admin\/"}]}},"_links":{"self":[{"href":"https:\/\/www.brio-spiegel.de\/wordpress\/wp-json\/wp\/v2\/pages\/603","targetHints":{"allow":["GET"]}}],"collection":[{"href":"https:\/\/www.brio-spiegel.de\/wordpress\/wp-json\/wp\/v2\/pages"}],"about":[{"href":"https:\/\/www.brio-spiegel.de\/wordpress\/wp-json\/wp\/v2\/types\/page"}],"author":[{"embeddable":true,"href":"https:\/\/www.brio-spiegel.de\/wordpress\/wp-json\/wp\/v2\/users\/1"}],"replies":[{"embeddable":true,"href":"https:\/\/www.brio-spiegel.de\/wordpress\/wp-json\/wp\/v2\/comments?post=603"}],"version-history":[{"count":4,"href":"https:\/\/www.brio-spiegel.de\/wordpress\/wp-json\/wp\/v2\/pages\/603\/revisions"}],"predecessor-version":[{"id":1085,"href":"https:\/\/www.brio-spiegel.de\/wordpress\/wp-json\/wp\/v2\/pages\/603\/revisions\/1085"}],"up":[{"embeddable":true,"href":"https:\/\/www.brio-spiegel.de\/wordpress\/wp-json\/wp\/v2\/pages\/545"}],"wp:attachment":[{"href":"https:\/\/www.brio-spiegel.de\/wordpress\/wp-json\/wp\/v2\/media?parent=603"}],"curies":[{"name":"wp","href":"https:\/\/api.w.org\/{rel}","templated":true}]}}