{"id":449,"date":"2018-11-26T12:45:27","date_gmt":"2018-11-26T12:45:27","guid":{"rendered":"https:\/\/www.briospiegel.alfahosting.org\/wordpress\/?page_id=449"},"modified":"2024-10-29T20:21:48","modified_gmt":"2024-10-29T19:21:48","slug":"home","status":"publish","type":"page","link":"https:\/\/www.brio-spiegel.de\/wordpress\/","title":{"rendered":"Home"},"content":{"rendered":"\n\n\t\t\t<h5>\n\t\t\t\t\tIHRE SPEZIALISTEN F\u00dcR SPIEGEL AUS GLAS, METALL UND KUNSTSTOFF\n\t\t\t\t<\/h5>\n\t\t\t<h1>\n\t\t\t\t\tBRIO KONTROLLSPIEGEL GMBH\n\t\t\t\t<\/h1>\n\t\t\t<h2>\n\t\t\t\t\tINDIVIDUELLE L\u00d6SUNGEN F\u00dcR JEDEN ANSPRUCH\n\t\t\t\t<\/h2>\n\t<p>Wir bieten individuelle L\u00f6sungen und verwirklichen au\u00dfergew\u00f6hnliche Ideen: Die BRIO Kontrollspiegel GmbH greift auf ein jahrzehntelanges Know-How der Spiegelfertigung zur\u00fcck und ist von der Entwicklung bis zur Realisierung Ihrer W\u00fcnsche in der Lage, auch h\u00f6chst anspruchsvolle sowie individuelle Spiegel-Produkte f\u00fcr unterschiedlichste Einsatzzwecke zu fertigen.<\/p>\n\t\t\t<h5>\n\t\t\t\t\tUnser Portfolio\n\t\t\t\t<\/h5>\n\t\t\t\t<img loading=\"lazy\" decoding=\"async\" src=\"https:\/\/www.brio-spiegel.de\/wordpress\/wp-content\/uploads\/2023\/06\/Metall.png\" alt=\"Metall\" itemprop=\"image\" height=\"700\" width=\"350\" title=\"Metall\" onerror=\"this.style.display='none'\"  \/>\n\t\t\t<h4>\n\t\t\t\t\tMETALLSPIEGEL\n\t\t\t\t<\/h4>\n\t\t\t<p>Unsere Metallspiegel sind bruchsicher und widerstehen auch st\u00e4rkeren Schl\u00e4gen. Eine hohe Langlebigkeit macht Metallspiegel zum perfekten Spiegel f\u00fcr den Au\u00dfenbereich.<\/p>\n\t\t\t<a href=\"https:\/\/www.brio-spiegel.de\/wordpress\/metallspiegel\/\" target=\"_self\" rel=\"noopener\">\n\t\t\t\t\t\t\tMEHR ERFAHREN\n\t\t\t\t\t<\/a>\n\t\t\t\t<img loading=\"lazy\" decoding=\"async\" src=\"https:\/\/www.brio-spiegel.de\/wordpress\/wp-content\/uploads\/2023\/06\/Glas-1.png\" alt=\"Glas\" itemprop=\"image\" height=\"700\" width=\"350\" title=\"Glas\" onerror=\"this.style.display='none'\"  \/>\n\t\t\t<h4>\n\t\t\t\t\tGLASSPIEGEL\n\t\t\t\t<\/h4>\n\t\t\t<p>Wir sind in der Lage, problemlos Glasspiegel in allen m\u00f6glichen Gr\u00f6\u00dfen und Formen herzustellen. Die Anwendungsm\u00f6glichkeiten sind hier geradezu unbegrenzt.<\/p>\n\t\t\t<a href=\"https:\/\/www.brio-spiegel.de\/wordpress\/glas-spiegel\/\" target=\"_self\" rel=\"noopener\">\n\t\t\t\t\t\t\tMEHR ERFAHREN\n\t\t\t\t\t<\/a>\n\t\t\t\t<img loading=\"lazy\" decoding=\"async\" src=\"https:\/\/www.brio-spiegel.de\/wordpress\/wp-content\/uploads\/2023\/06\/Kunststoff2.png\" alt=\"Kunststoff2\" itemprop=\"image\" height=\"700\" width=\"350\" title=\"Kunststoff2\" onerror=\"this.style.display='none'\"  \/>\n\t\t\t<h4>\n\t\t\t\t\tKUNSTSTOFFSPIEGEL\n\t\t\t\t<\/h4>\n\t\t\t<p>Kunststoff-Spiegel sind besonders leicht und gegen Korrosion unempfindlich. Dar\u00fcber hinaus k\u00f6nnen diese schnell und auch g\u00fcnstig produziert werden.<\/p>\n\t\t\t<a href=\"https:\/\/www.brio-spiegel.de\/wordpress\/kunststoffspiegel\/\" target=\"_self\" rel=\"noopener\">\n\t\t\t\t\t\t\tMEHR ERFAHREN\n\t\t\t\t\t<\/a>\n<h2>\n\t\tHochwertige Edelstahlspiegel &#8211; Eleganz und Langlebigkeit f\u00fcr h\u00f6chste Anspr\u00fcche\n\t<\/h2>\n<p>Unsere hochwertigen Edelstahlspiegel vereinen modernes Design mit maximaler Langlebigkeit. Ideal f\u00fcr anspruchsvolle Umgebungen, bieten sie eine elegante und pflegeleichte L\u00f6sung f\u00fcr verschiedene Anwendungen. Fordern Sie jetzt Ihr Muster an und \u00fcberzeugen Sie sich selbst von der Qualit\u00e4t und Brillanz unserer Edelstahlspiegel!\u00a0<\/p>\n\t\t\t<a href=\"https:\/\/www.brio-spiegel.de\/wordpress\/musteranfrage-metallspiegel\/\" target=\"_self\" rel=\"noopener\">\n\t\t\t\t\t\tMusteranfrage\n\t\t\t\t\t<\/a>\n\t\t\t<h5>\n\t\t\t\t\tUNSERE LEITLINIEN\n\t\t\t\t<\/h5>\n\t\t\t<h3>\n\t\t\t\t\tDank unseres Fachwissens und eines gro\u00dfen Netzwerks von kompetenten Partnern k\u00f6nnen Sie sich bei BRIO Kontrollspiegel stets auf eine qualitativ hochwertige und zuverl\u00e4ssige Durchf\u00fchrung Ihres Auftrages verlassen. Gerne beraten wir Sie pers\u00f6nlich.\n\t\t\t\t<\/h3>\n\t\t\t<h4>\n\t\t\t\t\tINDIVIDUELL\n\t\t\t\t<\/h4>\n\t\t\t<p>Visualisierung von individuellen L\u00f6sungen und Spiegelfertigung in unterschiedlichen markt- und anwendungsgerechten Gr\u00f6\u00dfen und bester Qualit\u00e4t.<\/p>\n\t\t\t<h4>\n\t\t\t\t\tMODERN\n\t\t\t\t<\/h4>\n\t\t\t<p>Modernste digitale Technik und Verwendung von hochwertigen Materialien garantieren unseren Kunden eine professionelle Verarbeitung.<\/p>\n\t\t\t<h4>\n\t\t\t\t\tANSPRUCHSVOLL\n\t\t\t\t<\/h4>\n\t\t\t<p>Durch die M\u00f6glichkeit Dekor, Schriftz\u00fcge, eigene Motive, Werbung und Beleuchtung einzusetzen, sind wir in der Lage, technisch anspruchsvolle W\u00fcnsche zu realisieren.<\/p>\n\t\t\t<h2>\n\t\t\t\t\tUm Sie umfassend zu beraten, nehmen Sie Kontakt mit uns auf und lassen Sie uns wissen, wie wir Ihnen helfen k\u00f6nnen.\n\t\t\t\t<\/h2>\n\t\t\t<a href=\"https:\/\/www.brio-spiegel.de\/wordpress\/kontakt\/\" target=\"_self\" role=\"button\" rel=\"noopener\">\n\t\t\t\t\t\tKontakt\n\t\t<\/a>\n\t\t\t\n\t\t\t<p>Die BRIO Kontrollspiegel GmbH ist zertifiziert nach ISO 9001:2015<\/p>\n<p>Zertifikat DE13\/81841566<\/p>\n<p>\u00a0<\/p>\n\t\t\t\t<img loading=\"lazy\" decoding=\"async\" src=\"https:\/\/www.brio-spiegel.de\/wordpress\/wp-content\/uploads\/2024\/06\/SGS_ISO-9001_TCL_HR.png\" alt=\"SGS_ISO 9001_TCL_HR\" itemprop=\"image\" height=\"215\" width=\"220\" title=\"SGS_ISO 9001_TCL_HR\" onerror=\"this.style.display='none'\"  \/>\n\n","protected":false},"excerpt":{"rendered":"<p>IHRE SPEZIALISTEN F\u00dcR SPIEGEL AUS GLAS, METALL UND KUNSTSTOFF BRIO KONTROLLSPIEGEL GMBH INDIVIDUELLE L\u00d6SUNGEN F\u00dcR JEDEN ANSPRUCH Wir bieten individuelle L\u00f6sungen und verwirklichen au\u00dfergew\u00f6hnliche Ideen: Die BRIO Kontrollspiegel GmbH greift auf ein jahrzehntelanges Know-How der Spiegelfertigung zur\u00fcck und ist von der Entwicklung bis zur Realisierung Ihrer W\u00fcnsche in der Lage, auch h\u00f6chst anspruchsvolle sowie individuelle &hellip;<\/p>\n<p class=\"read-more\"> <a class=\"\" href=\"https:\/\/www.brio-spiegel.de\/wordpress\/\"> <span class=\"screen-reader-text\">Home<\/span> Weiterlesen &raquo;<\/a><\/p>\n","protected":false},"author":1,"featured_media":0,"parent":0,"menu_order":0,"comment_status":"closed","ping_status":"closed","template":"","meta":{"site-sidebar-layout":"no-sidebar","site-content-layout":"page-builder","ast-site-content-layout":"full-width-container","site-content-style":"unboxed","site-sidebar-style":"unboxed","ast-global-header-display":"","ast-banner-title-visibility":"","ast-main-header-display":"","ast-hfb-above-header-display":"","ast-hfb-below-header-display":"","ast-hfb-mobile-header-display":"","site-post-title":"disabled","ast-breadcrumbs-content":"","ast-featured-img":"disabled","footer-sml-layout":"","theme-transparent-header-meta":"enabled","adv-header-id-meta":"","stick-header-meta":"","header-above-stick-meta":"","header-main-stick-meta":"","header-below-stick-meta":"","astra-migrate-meta-layouts":"set","footnotes":""},"class_list":["post-449","page","type-page","status-publish","hentry"],"yoast_head":"<!-- This site is optimized with the Yoast SEO Premium plugin v24.5 (Yoast SEO v24.5) - https:\/\/yoast.com\/wordpress\/plugins\/seo\/ -->\n<title>Home - BRIO Kontrollspiegel GmbH<\/title>\n<meta name=\"description\" content=\"Home - BRIO Kontrollspiegel GmbH\" \/>\n<meta name=\"robots\" content=\"index, follow, max-snippet:-1, max-image-preview:large, max-video-preview:-1\" \/>\n<link rel=\"canonical\" href=\"https:\/\/www.brio-spiegel.de\/wordpress\/\" \/>\n<meta property=\"og:locale\" content=\"de_DE\" \/>\n<meta property=\"og:type\" content=\"article\" \/>\n<meta property=\"og:title\" content=\"Home\" \/>\n<meta property=\"og:description\" content=\"Home - BRIO Kontrollspiegel GmbH\" \/>\n<meta property=\"og:url\" content=\"https:\/\/www.brio-spiegel.de\/wordpress\/\" \/>\n<meta property=\"og:site_name\" content=\"BRIO Kontrollspiegel GmbH\" \/>\n<meta property=\"article:modified_time\" content=\"2024-10-29T19:21:48+00:00\" \/>\n<meta property=\"og:image\" content=\"https:\/\/www.brio-spiegel.de\/wordpress\/wp-content\/uploads\/2023\/06\/Metall.png\" \/>\n<meta name=\"twitter:card\" content=\"summary_large_image\" \/>\n<meta name=\"twitter:label1\" content=\"Est. reading time\" \/>\n\t<meta name=\"twitter:data1\" content=\"2\u00a0Minuten\" \/>\n<script type=\"application\/ld+json\" class=\"yoast-schema-graph\">{\"@context\":\"https:\/\/schema.org\",\"@graph\":[{\"@type\":\"Article\",\"@id\":\"https:\/\/www.brio-spiegel.de\/wordpress\/#article\",\"isPartOf\":{\"@id\":\"https:\/\/www.brio-spiegel.de\/wordpress\/\"},\"author\":{\"name\":\"Brio_Admin\",\"@id\":\"https:\/\/www.brio-spiegel.de\/wordpress\/#\/schema\/person\/fc830161c362fc9d9e216f56383fd2cc\"},\"headline\":\"Home\",\"datePublished\":\"2018-11-26T12:45:27+00:00\",\"dateModified\":\"2024-10-29T19:21:48+00:00\",\"mainEntityOfPage\":{\"@id\":\"https:\/\/www.brio-spiegel.de\/wordpress\/\"},\"wordCount\":340,\"publisher\":{\"@id\":\"https:\/\/www.brio-spiegel.de\/wordpress\/#organization\"},\"image\":{\"@id\":\"https:\/\/www.brio-spiegel.de\/wordpress\/#primaryimage\"},\"thumbnailUrl\":\"https:\/\/www.brio-spiegel.de\/wordpress\/wp-content\/uploads\/2023\/06\/Metall.png\",\"inLanguage\":\"de\"},{\"@type\":\"WebPage\",\"@id\":\"https:\/\/www.brio-spiegel.de\/wordpress\/\",\"url\":\"https:\/\/www.brio-spiegel.de\/wordpress\/\",\"name\":\"Home - BRIO Kontrollspiegel GmbH\",\"isPartOf\":{\"@id\":\"https:\/\/www.brio-spiegel.de\/wordpress\/#website\"},\"primaryImageOfPage\":{\"@id\":\"https:\/\/www.brio-spiegel.de\/wordpress\/#primaryimage\"},\"image\":{\"@id\":\"https:\/\/www.brio-spiegel.de\/wordpress\/#primaryimage\"},\"thumbnailUrl\":\"https:\/\/www.brio-spiegel.de\/wordpress\/wp-content\/uploads\/2023\/06\/Metall.png\",\"datePublished\":\"2018-11-26T12:45:27+00:00\",\"dateModified\":\"2024-10-29T19:21:48+00:00\",\"description\":\"Home - BRIO Kontrollspiegel GmbH\",\"breadcrumb\":{\"@id\":\"https:\/\/www.brio-spiegel.de\/wordpress\/#breadcrumb\"},\"inLanguage\":\"de\",\"potentialAction\":[{\"@type\":\"ReadAction\",\"target\":[\"https:\/\/www.brio-spiegel.de\/wordpress\/\"]}]},{\"@type\":\"ImageObject\",\"inLanguage\":\"de\",\"@id\":\"https:\/\/www.brio-spiegel.de\/wordpress\/#primaryimage\",\"url\":\"https:\/\/www.brio-spiegel.de\/wordpress\/wp-content\/uploads\/2023\/06\/Metall.png\",\"contentUrl\":\"https:\/\/www.brio-spiegel.de\/wordpress\/wp-content\/uploads\/2023\/06\/Metall.png\",\"width\":350,\"height\":700},{\"@type\":\"BreadcrumbList\",\"@id\":\"https:\/\/www.brio-spiegel.de\/wordpress\/#breadcrumb\",\"itemListElement\":[{\"@type\":\"ListItem\",\"position\":1,\"name\":\"Startseite\",\"item\":\"https:\/\/www.brio-spiegel.de\/wordpress\/\"},{\"@type\":\"ListItem\",\"position\":2,\"name\":\"Home\"}]},{\"@type\":\"WebSite\",\"@id\":\"https:\/\/www.brio-spiegel.de\/wordpress\/#website\",\"url\":\"https:\/\/www.brio-spiegel.de\/wordpress\/\",\"name\":\"BRIO Kontrollspiegel GmbH\",\"description\":\"BRIO Kontrollspiegel GmbH\",\"publisher\":{\"@id\":\"https:\/\/www.brio-spiegel.de\/wordpress\/#organization\"},\"potentialAction\":[{\"@type\":\"SearchAction\",\"target\":{\"@type\":\"EntryPoint\",\"urlTemplate\":\"https:\/\/www.brio-spiegel.de\/wordpress\/?s={search_term_string}\"},\"query-input\":{\"@type\":\"PropertyValueSpecification\",\"valueRequired\":true,\"valueName\":\"search_term_string\"}}],\"inLanguage\":\"de\"},{\"@type\":\"Organization\",\"@id\":\"https:\/\/www.brio-spiegel.de\/wordpress\/#organization\",\"name\":\"BRIO Kontrollspiegel GmbH\",\"url\":\"https:\/\/www.brio-spiegel.de\/wordpress\/\",\"logo\":{\"@type\":\"ImageObject\",\"inLanguage\":\"de\",\"@id\":\"https:\/\/www.brio-spiegel.de\/wordpress\/#\/schema\/logo\/image\/\",\"url\":\"https:\/\/www.brio-spiegel.de\/wordpress\/wp-content\/uploads\/2023\/08\/cropped-Logo_Transparent.png\",\"contentUrl\":\"https:\/\/www.brio-spiegel.de\/wordpress\/wp-content\/uploads\/2023\/08\/cropped-Logo_Transparent.png\",\"width\":10905,\"height\":6768,\"caption\":\"BRIO Kontrollspiegel GmbH\"},\"image\":{\"@id\":\"https:\/\/www.brio-spiegel.de\/wordpress\/#\/schema\/logo\/image\/\"}},{\"@type\":\"Person\",\"@id\":\"https:\/\/www.brio-spiegel.de\/wordpress\/#\/schema\/person\/fc830161c362fc9d9e216f56383fd2cc\",\"name\":\"Brio_Admin\",\"image\":{\"@type\":\"ImageObject\",\"inLanguage\":\"de\",\"@id\":\"https:\/\/www.brio-spiegel.de\/wordpress\/#\/schema\/person\/image\/\",\"url\":\"https:\/\/secure.gravatar.com\/avatar\/6538958a397f09444d93e84cbdfa48cd85b5af8d2fd4aae639cf5b93106b727a?s=96&d=mm&r=g\",\"contentUrl\":\"https:\/\/secure.gravatar.com\/avatar\/6538958a397f09444d93e84cbdfa48cd85b5af8d2fd4aae639cf5b93106b727a?s=96&d=mm&r=g\",\"caption\":\"Brio_Admin\"},\"sameAs\":[\"https:\/\/www.briospiegel.alfahosting.org\/\"],\"url\":\"https:\/\/www.brio-spiegel.de\/wordpress\/author\/brio_admin\/\"}]}<\/script>\n<!-- \/ Yoast SEO Premium plugin. -->","yoast_head_json":{"title":"Home - BRIO Kontrollspiegel GmbH","description":"Home - BRIO Kontrollspiegel GmbH","robots":{"index":"index","follow":"follow","max-snippet":"max-snippet:-1","max-image-preview":"max-image-preview:large","max-video-preview":"max-video-preview:-1"},"canonical":"https:\/\/www.brio-spiegel.de\/wordpress\/","og_locale":"de_DE","og_type":"article","og_title":"Home","og_description":"Home - BRIO Kontrollspiegel GmbH","og_url":"https:\/\/www.brio-spiegel.de\/wordpress\/","og_site_name":"BRIO Kontrollspiegel GmbH","article_modified_time":"2024-10-29T19:21:48+00:00","og_image":[{"url":"https:\/\/www.brio-spiegel.de\/wordpress\/wp-content\/uploads\/2023\/06\/Metall.png","type":"","width":"","height":""}],"twitter_card":"summary_large_image","twitter_misc":{"Est. reading time":"2\u00a0Minuten"},"schema":{"@context":"https:\/\/schema.org","@graph":[{"@type":"Article","@id":"https:\/\/www.brio-spiegel.de\/wordpress\/#article","isPartOf":{"@id":"https:\/\/www.brio-spiegel.de\/wordpress\/"},"author":{"name":"Brio_Admin","@id":"https:\/\/www.brio-spiegel.de\/wordpress\/#\/schema\/person\/fc830161c362fc9d9e216f56383fd2cc"},"headline":"Home","datePublished":"2018-11-26T12:45:27+00:00","dateModified":"2024-10-29T19:21:48+00:00","mainEntityOfPage":{"@id":"https:\/\/www.brio-spiegel.de\/wordpress\/"},"wordCount":340,"publisher":{"@id":"https:\/\/www.brio-spiegel.de\/wordpress\/#organization"},"image":{"@id":"https:\/\/www.brio-spiegel.de\/wordpress\/#primaryimage"},"thumbnailUrl":"https:\/\/www.brio-spiegel.de\/wordpress\/wp-content\/uploads\/2023\/06\/Metall.png","inLanguage":"de"},{"@type":"WebPage","@id":"https:\/\/www.brio-spiegel.de\/wordpress\/","url":"https:\/\/www.brio-spiegel.de\/wordpress\/","name":"Home - BRIO Kontrollspiegel GmbH","isPartOf":{"@id":"https:\/\/www.brio-spiegel.de\/wordpress\/#website"},"primaryImageOfPage":{"@id":"https:\/\/www.brio-spiegel.de\/wordpress\/#primaryimage"},"image":{"@id":"https:\/\/www.brio-spiegel.de\/wordpress\/#primaryimage"},"thumbnailUrl":"https:\/\/www.brio-spiegel.de\/wordpress\/wp-content\/uploads\/2023\/06\/Metall.png","datePublished":"2018-11-26T12:45:27+00:00","dateModified":"2024-10-29T19:21:48+00:00","description":"Home - BRIO Kontrollspiegel GmbH","breadcrumb":{"@id":"https:\/\/www.brio-spiegel.de\/wordpress\/#breadcrumb"},"inLanguage":"de","potentialAction":[{"@type":"ReadAction","target":["https:\/\/www.brio-spiegel.de\/wordpress\/"]}]},{"@type":"ImageObject","inLanguage":"de","@id":"https:\/\/www.brio-spiegel.de\/wordpress\/#primaryimage","url":"https:\/\/www.brio-spiegel.de\/wordpress\/wp-content\/uploads\/2023\/06\/Metall.png","contentUrl":"https:\/\/www.brio-spiegel.de\/wordpress\/wp-content\/uploads\/2023\/06\/Metall.png","width":350,"height":700},{"@type":"BreadcrumbList","@id":"https:\/\/www.brio-spiegel.de\/wordpress\/#breadcrumb","itemListElement":[{"@type":"ListItem","position":1,"name":"Startseite","item":"https:\/\/www.brio-spiegel.de\/wordpress\/"},{"@type":"ListItem","position":2,"name":"Home"}]},{"@type":"WebSite","@id":"https:\/\/www.brio-spiegel.de\/wordpress\/#website","url":"https:\/\/www.brio-spiegel.de\/wordpress\/","name":"BRIO Kontrollspiegel GmbH","description":"BRIO Kontrollspiegel GmbH","publisher":{"@id":"https:\/\/www.brio-spiegel.de\/wordpress\/#organization"},"potentialAction":[{"@type":"SearchAction","target":{"@type":"EntryPoint","urlTemplate":"https:\/\/www.brio-spiegel.de\/wordpress\/?s={search_term_string}"},"query-input":{"@type":"PropertyValueSpecification","valueRequired":true,"valueName":"search_term_string"}}],"inLanguage":"de"},{"@type":"Organization","@id":"https:\/\/www.brio-spiegel.de\/wordpress\/#organization","name":"BRIO Kontrollspiegel GmbH","url":"https:\/\/www.brio-spiegel.de\/wordpress\/","logo":{"@type":"ImageObject","inLanguage":"de","@id":"https:\/\/www.brio-spiegel.de\/wordpress\/#\/schema\/logo\/image\/","url":"https:\/\/www.brio-spiegel.de\/wordpress\/wp-content\/uploads\/2023\/08\/cropped-Logo_Transparent.png","contentUrl":"https:\/\/www.brio-spiegel.de\/wordpress\/wp-content\/uploads\/2023\/08\/cropped-Logo_Transparent.png","width":10905,"height":6768,"caption":"BRIO Kontrollspiegel GmbH"},"image":{"@id":"https:\/\/www.brio-spiegel.de\/wordpress\/#\/schema\/logo\/image\/"}},{"@type":"Person","@id":"https:\/\/www.brio-spiegel.de\/wordpress\/#\/schema\/person\/fc830161c362fc9d9e216f56383fd2cc","name":"Brio_Admin","image":{"@type":"ImageObject","inLanguage":"de","@id":"https:\/\/www.brio-spiegel.de\/wordpress\/#\/schema\/person\/image\/","url":"https:\/\/secure.gravatar.com\/avatar\/6538958a397f09444d93e84cbdfa48cd85b5af8d2fd4aae639cf5b93106b727a?s=96&d=mm&r=g","contentUrl":"https:\/\/secure.gravatar.com\/avatar\/6538958a397f09444d93e84cbdfa48cd85b5af8d2fd4aae639cf5b93106b727a?s=96&d=mm&r=g","caption":"Brio_Admin"},"sameAs":["https:\/\/www.briospiegel.alfahosting.org\/"],"url":"https:\/\/www.brio-spiegel.de\/wordpress\/author\/brio_admin\/"}]}},"_links":{"self":[{"href":"https:\/\/www.brio-spiegel.de\/wordpress\/wp-json\/wp\/v2\/pages\/449","targetHints":{"allow":["GET"]}}],"collection":[{"href":"https:\/\/www.brio-spiegel.de\/wordpress\/wp-json\/wp\/v2\/pages"}],"about":[{"href":"https:\/\/www.brio-spiegel.de\/wordpress\/wp-json\/wp\/v2\/types\/page"}],"author":[{"embeddable":true,"href":"https:\/\/www.brio-spiegel.de\/wordpress\/wp-json\/wp\/v2\/users\/1"}],"replies":[{"embeddable":true,"href":"https:\/\/www.brio-spiegel.de\/wordpress\/wp-json\/wp\/v2\/comments?post=449"}],"version-history":[{"count":33,"href":"https:\/\/www.brio-spiegel.de\/wordpress\/wp-json\/wp\/v2\/pages\/449\/revisions"}],"predecessor-version":[{"id":1258,"href":"https:\/\/www.brio-spiegel.de\/wordpress\/wp-json\/wp\/v2\/pages\/449\/revisions\/1258"}],"wp:attachment":[{"href":"https:\/\/www.brio-spiegel.de\/wordpress\/wp-json\/wp\/v2\/media?parent=449"}],"curies":[{"name":"wp","href":"https:\/\/api.w.org\/{rel}","templated":true}]}}